



{"id":4414,"date":"2020-11-25T17:44:10","date_gmt":"2020-11-25T10:44:10","guid":{"rendered":"https:\/\/woocommerce-529299-2024980.cloudwaysapps.com\/?page_id=4414"},"modified":"2021-04-23T16:25:21","modified_gmt":"2021-04-23T09:25:21","slug":"shipping","status":"publish","type":"page","link":"https:\/\/amira.jewelry\/en\/shipping\/","title":{"rendered":"Shipping"},"content":{"rendered":"\t\t<div data-elementor-type=\"wp-page\" data-elementor-id=\"4414\" class=\"elementor elementor-4414\">\n\t\t\t\t\t\t<section class=\"elementor-section elementor-top-section elementor-element elementor-element-51b633e elementor-section-boxed elementor-section-height-default elementor-section-height-default\" data-id=\"51b633e\" data-element_type=\"section\">\n\t\t\t\t\t\t<div class=\"elementor-container elementor-column-gap-default\">\n\t\t\t\t\t<div class=\"elementor-column elementor-col-100 elementor-top-column elementor-element elementor-element-05e7e24\" data-id=\"05e7e24\" data-element_type=\"column\">\n\t\t\t<div class=\"elementor-column-wrap--05e7e24 elementor-widget-wrap elementor-element-populated\">\n\t\t\t\t\t\t<div class=\"elementor-element elementor-element-1cb670b elementor-widget elementor-widget-shortcode\" data-id=\"1cb670b\" data-element_type=\"widget\" data-widget_type=\"shortcode.default\">\n\t\t\t\t<div class=\"elementor-widget-container\">\n\t\t\t\t\t<div class=\"elementor-shortcode\">\t\t<div data-elementor-type=\"wp-post\" data-elementor-id=\"4751\" class=\"elementor elementor-4751\" data-elementor-gstype=\"cover\" data-page-el-selector=\"body.elementor-page-4751\" data-disable-padding=\"\">\n\t\t\t\t\t\t<section class=\"elementor-section elementor-top-section elementor-element elementor-element-272ced0b rey-section-stretched rey-flexWrap rey-section-bg--classic elementor-section-full_width elementor-section-height-default elementor-section-height-default\" data-id=\"272ced0b\" data-element_type=\"section\" data-settings=\"{&quot;background_background&quot;:&quot;classic&quot;}\">\n\t\t\t\t\t\t<div class=\"elementor-container elementor-column-gap-default\">\n\t\t\t\t\t<div class=\"elementor-column elementor-col-100 elementor-top-column elementor-element elementor-element-194af824\" data-id=\"194af824\" data-element_type=\"column\">\n\t\t\t<div class=\"elementor-column-wrap--194af824 elementor-widget-wrap elementor-element-populated\">\n\t\t\t\t\t\t<section class=\"elementor-section elementor-inner-section elementor-element elementor-element-1972542b rey-flexWrap elementor-section-height-min-height elementor-section-content-bottom rey-section-bg--classic rey-sectionScroll rey-sectionScroll--clip-out elementor-section-boxed elementor-section-height-default\" data-id=\"1972542b\" data-element_type=\"section\" data-settings=\"{&quot;background_background&quot;:&quot;classic&quot;,&quot;rey_clip_threshold&quot;:0.5}\">\n\t\t\t\t\t\t<div class=\"elementor-container elementor-column-gap-default\">\n\t\t\t\t\t<div class=\"elementor-column elementor-col-100 elementor-inner-column elementor-element elementor-element-42f46c35 rey-colbg--classic\" data-id=\"42f46c35\" data-element_type=\"column\" data-settings=\"{&quot;background_background&quot;:&quot;classic&quot;}\">\n\t\t\t<div class=\"elementor-column-wrap--42f46c35 elementor-widget-wrap elementor-element-populated\">\n\t\t\t\t\t\t<div class=\"elementor-element elementor-element-4e216201 elementor-widget elementor-widget-heading\" data-id=\"4e216201\" data-element_type=\"widget\" data-widget_type=\"heading.default\">\n\t\t\t\t<div class=\"elementor-widget-container\">\n\t\t\t<h3 class=\"elementor-heading-title elementor-size-xl\">How Can We Help?<\/h3>\t\t<\/div>\n\t\t\t\t<\/div>\n\t\t\t\t<div class=\"elementor-element elementor-element-61ceac u-last-p-margin elementor-widget elementor-widget-text-editor\" data-id=\"61ceac\" data-element_type=\"widget\" data-widget_type=\"text-editor.default\">\n\t\t\t\t<div class=\"elementor-widget-container\">\n\t\t\t\t\t\t\tWe want you to be happy &#8211; pure and simple. If you can&#8217;t find the answer to your question below &#8211; please give us a call! The best time to reach us is\nMon &#8211; Sun 8am &#8211; 6pm\t\t\t\t\t\t<\/div>\n\t\t\t\t<\/div>\n\t\t\t\t<div class=\"elementor-element elementor-element-3433eec3 elementor-button-underline elementor-widget elementor-widget-button\" data-id=\"3433eec3\" data-element_type=\"widget\" data-widget_type=\"button.default\">\n\t\t\t\t<div class=\"elementor-widget-container\">\n\t\t\t\t\t<div class=\"elementor-button-wrapper\">\n\t\t\t<a class=\"elementor-button elementor-button-link elementor-size-sm\" href=\"https:\/\/amira.jewelry\/contact-us\/\">\n\t\t\t\t\t\t<span class=\"elementor-button-content-wrapper\">\n\t\t\t\t\t\t\t\t\t<span class=\"elementor-button-text\">GET A QUOTE<\/span>\n\t\t\t\t\t<\/span>\n\t\t\t\t\t<\/a>\n\t\t<\/div>\n\t\t\t\t<\/div>\n\t\t\t\t<\/div>\n\t\t\t\t\t<\/div>\n\t\t<\/div>\n\t\t\t\t\t<\/div>\n\t\t<\/section>\n\t\t\t\t\t<\/div>\n\t\t<\/div>\n\t\t\t\t\t<\/div>\n\t\t<\/section>\n\t\t\t\t<\/div>\n\t\t<\/div>\n\t\t\t\t<\/div>\n\t\t\t\t<\/div>\n\t\t\t\t\t<\/div>\n\t\t<\/div>\n\t\t\t\t\t<\/div>\n\t\t<\/section>\n\t\t\t\t<section class=\"elementor-section elementor-top-section elementor-element elementor-element-3083456 elementor-section-boxed elementor-section-height-default elementor-section-height-default\" data-id=\"3083456\" data-element_type=\"section\">\n\t\t\t\t\t\t<div class=\"elementor-container elementor-column-gap-no\">\n\t\t\t\t\t<div class=\"elementor-column elementor-col-100 elementor-top-column elementor-element elementor-element-7bf89da\" data-id=\"7bf89da\" data-element_type=\"column\">\n\t\t\t<div class=\"elementor-column-wrap--7bf89da elementor-widget-wrap elementor-element-populated\">\n\t\t\t\t\t\t<div class=\"elementor-element elementor-element-02610e9 elementor-widget elementor-widget-heading\" data-id=\"02610e9\" data-element_type=\"widget\" data-widget_type=\"heading.dynamic_title\">\n\t\t\t\t<div class=\"elementor-widget-container\">\n\t\t\t<h2 class=\"elementor-heading-title\"><\/h2>\t\t<\/div>\n\t\t\t\t<\/div>\n\t\t\t\t\t<\/div>\n\t\t<\/div>\n\t\t\t\t\t<\/div>\n\t\t<\/section>\n\t\t\t\t<section class=\"elementor-section elementor-top-section elementor-element elementor-element-ed26d7d elementor-section-boxed elementor-section-height-default elementor-section-height-default\" data-id=\"ed26d7d\" data-element_type=\"section\">\n\t\t\t\t\t\t<div class=\"elementor-container elementor-column-gap-no\">\n\t\t\t\t\t<div class=\"elementor-column elementor-col-50 elementor-top-column elementor-element elementor-element-45bf155\" data-id=\"45bf155\" data-element_type=\"column\">\n\t\t\t<div class=\"elementor-column-wrap--45bf155 elementor-widget-wrap elementor-element-populated\">\n\t\t\t\t\t\t<div class=\"elementor-element elementor-element-fea26ca reyEl-menu--vertical reyEl-menu--cols-1 --icons-start elementor-widget elementor-widget-reycore-menu\" data-id=\"fea26ca\" data-element_type=\"widget\" data-widget_type=\"reycore-menu.default\">\n\t\t\t\t<div class=\"elementor-widget-container\">\n\t\t\t\n\t\t<div class=\"rey-element reyEl-menu\">\n\t\t\t<div class=\"reyEl-menu-navWrapper\"><ul id=\"menu-customer-service\" class=\"reyEl-menu-nav rey-navEl --menuHover-\"><li id=\"menu-item-4598\" class=\"menu-item menu-item-type-post_type menu-item-object-page menu-item-4598 o-id-4420\"><a href=\"https:\/\/amira.jewelry\/en\/faq\/\"><span>FAQ<\/span><\/a><\/li>\n<li id=\"menu-item-4599\" class=\"menu-item menu-item-type-post_type menu-item-object-page menu-item-4599 o-id-4417\"><a href=\"https:\/\/amira.jewelry\/en\/return-policy\/\"><span>Return Policy<\/span><\/a><\/li>\n<li id=\"menu-item-4808\" class=\"menu-item menu-item-type-post_type menu-item-object-page menu-item-4808 o-id-4765\"><a href=\"https:\/\/amira.jewelry\/en\/warranty-2\/\"><span>Warranty<\/span><\/a><\/li>\n<li id=\"menu-item-4980\" class=\"menu-item menu-item-type-post_type menu-item-object-page menu-item-privacy-policy menu-item-4980 o-id-499\"><a href=\"https:\/\/amira.jewelry\/en\/privacy-policy\/\"><span>Privacy Policy<\/span><\/a><\/li>\n<li id=\"menu-item-4981\" class=\"menu-item menu-item-type-post_type menu-item-object-page menu-item-4981 o-id-506\"><a href=\"https:\/\/amira.jewelry\/en\/terms-conditions\/\"><span>Terms of Use<\/span><\/a><\/li>\n<li id=\"menu-item-5194\" class=\"menu-item menu-item-type-post_type menu-item-object-page menu-item-5194 o-id-4546\"><a href=\"https:\/\/amira.jewelry\/en\/ts-shipment-tracking\/\"><span>Shipment Tracking<\/span><\/a><\/li>\n<\/ul><\/div>\t\t<\/div>\n\t\t\t\t<\/div>\n\t\t\t\t<\/div>\n\t\t\t\t\t<\/div>\n\t\t<\/div>\n\t\t\t\t<div class=\"elementor-column elementor-col-50 elementor-top-column elementor-element elementor-element-8d5d506\" data-id=\"8d5d506\" data-element_type=\"column\">\n\t\t\t<div class=\"elementor-column-wrap--8d5d506 elementor-widget-wrap elementor-element-populated\">\n\t\t\t\t\t\t<div class=\"elementor-element elementor-element-5085fd1 elementor-widget elementor-widget-text-editor\" data-id=\"5085fd1\" data-element_type=\"widget\" data-widget_type=\"text-editor.default\">\n\t\t\t\t<div class=\"elementor-widget-container\">\n\t\t\t\t\t\t\t<p>The various pieces of jewelry ordered will be delivered by post to the address on the order form. Delivery is made only in metropolitan France<\/p>\n<p>Delivery is made within 3 working days of dispatch. During promotion and sales periods, the delivery time is approximate and not guaranteed.<\/p>\n<p>To track your package, all you have to do is go to your customer area, &#8220;Track my orders&#8221;. In the event of damage, the buyer must tell the carrier his reservations with precision and clarity on the delivery slip.<\/p>\t\t\t\t\t\t<\/div>\n\t\t\t\t<\/div>\n\t\t\t\t<div class=\"elementor-element elementor-element-68f87ad m-auto--bottom elementor-widget elementor-widget-heading\" data-id=\"68f87ad\" data-element_type=\"widget\" data-widget_type=\"heading.default\">\n\t\t\t\t<div class=\"elementor-widget-container\">\n\t\t\t<h3 class=\"elementor-heading-title elementor-size-default\">Shipping costs<\/h3>\t\t<\/div>\n\t\t\t\t<\/div>\n\t\t\t\t<div class=\"elementor-element elementor-element-b94f6b0 elementor-widget elementor-widget-text-editor\" data-id=\"b94f6b0\" data-element_type=\"widget\" data-widget_type=\"text-editor.default\">\n\t\t\t\t<div class=\"elementor-widget-container\">\n\t\t\t\t\t\t\t<ul>\n<li>5,50\u20ac et offerte \u00e0 partir de 39\u20ac d&#8217;achat.\u00a0<\/li>\n<li>Une pi\u00e8ce d\u2019identit\u00e9 vous sera demand\u00e9e \u00e0 la livraison<\/li>\n<li>Si vous \u00eates absent(e) de votre domicile, un avis de passage sera laiss\u00e9 dans votre bo\u00eete aux lettres et votre colis sera mis \u00e0 disposition dans l\u2019un des points relais du service de livraison. Vous disposez de 10 jours ouvrables depuis l&#8217;arriv\u00e9e de votre colis au point relais, pour venir le retirer.<\/li>\n<\/ul>\t\t\t\t\t\t<\/div>\n\t\t\t\t<\/div>\n\t\t\t\t\t<\/div>\n\t\t<\/div>\n\t\t\t\t\t<\/div>\n\t\t<\/section>\n\t\t\t\t<\/div>\n\t\t","protected":false},"excerpt":{"rendered":"<p>FAQ Return Policy Warranty Privacy Policy Terms of Use Shipment Tracking The various pieces of jewelry ordered will be delivered by post to the address on the order form. Delivery is made only in metropolitan France Delivery is made within 3 working days of dispatch. During promotion and sales periods, the delivery time is approximate [&hellip;]<\/p>\n","protected":false},"author":1,"featured_media":0,"parent":0,"menu_order":0,"comment_status":"closed","ping_status":"closed","template":"","meta":{"footnotes":""},"class_list":["post-4414","page","type-page","status-publish","hentry"],"acf":[],"_links":{"self":[{"href":"https:\/\/amira.jewelry\/en\/wp-json\/wp\/v2\/pages\/4414","targetHints":{"allow":["GET"]}}],"collection":[{"href":"https:\/\/amira.jewelry\/en\/wp-json\/wp\/v2\/pages"}],"about":[{"href":"https:\/\/amira.jewelry\/en\/wp-json\/wp\/v2\/types\/page"}],"author":[{"embeddable":true,"href":"https:\/\/amira.jewelry\/en\/wp-json\/wp\/v2\/users\/1"}],"replies":[{"embeddable":true,"href":"https:\/\/amira.jewelry\/en\/wp-json\/wp\/v2\/comments?post=4414"}],"version-history":[{"count":0,"href":"https:\/\/amira.jewelry\/en\/wp-json\/wp\/v2\/pages\/4414\/revisions"}],"wp:attachment":[{"href":"https:\/\/amira.jewelry\/en\/wp-json\/wp\/v2\/media?parent=4414"}],"curies":[{"name":"wp","href":"https:\/\/api.w.org\/{rel}","templated":true}]}}