



{"id":4986,"date":"2020-12-24T16:20:16","date_gmt":"2020-12-24T09:20:16","guid":{"rendered":"https:\/\/woocommerce-529299-2024980.cloudwaysapps.com\/?page_id=4986"},"modified":"2021-04-23T16:13:57","modified_gmt":"2021-04-23T09:13:57","slug":"cookie-policy","status":"publish","type":"page","link":"https:\/\/amira.jewelry\/en\/cookie-policy\/","title":{"rendered":"Cookie Policy"},"content":{"rendered":"\t\t<div data-elementor-type=\"wp-page\" data-elementor-id=\"4986\" class=\"elementor elementor-4986\">\n\t\t\t\t\t\t<section class=\"elementor-section elementor-top-section elementor-element elementor-element-4dce54e7 elementor-section-boxed elementor-section-height-default elementor-section-height-default\" data-id=\"4dce54e7\" data-element_type=\"section\">\n\t\t\t\t\t\t<div class=\"elementor-container elementor-column-gap-default\">\n\t\t\t\t\t<div class=\"elementor-column elementor-col-100 elementor-top-column elementor-element elementor-element-62295605\" data-id=\"62295605\" data-element_type=\"column\">\n\t\t\t<div class=\"elementor-column-wrap--62295605 elementor-widget-wrap elementor-element-populated\">\n\t\t\t\t\t\t<div class=\"elementor-element elementor-element-6ee4f178 elementor-widget elementor-widget-shortcode\" data-id=\"6ee4f178\" data-element_type=\"widget\" data-widget_type=\"shortcode.default\">\n\t\t\t\t<div class=\"elementor-widget-container\">\n\t\t\t\t\t<div class=\"elementor-shortcode\">\t\t<div data-elementor-type=\"wp-post\" data-elementor-id=\"4751\" class=\"elementor elementor-4751\" data-elementor-gstype=\"cover\" data-page-el-selector=\"body.elementor-page-4751\" data-disable-padding=\"\">\n\t\t\t\t\t\t<section class=\"elementor-section elementor-top-section elementor-element elementor-element-272ced0b rey-section-stretched rey-flexWrap rey-section-bg--classic elementor-section-full_width elementor-section-height-default elementor-section-height-default\" data-id=\"272ced0b\" data-element_type=\"section\" data-settings=\"{&quot;background_background&quot;:&quot;classic&quot;}\">\n\t\t\t\t\t\t<div class=\"elementor-container elementor-column-gap-default\">\n\t\t\t\t\t<div class=\"elementor-column elementor-col-100 elementor-top-column elementor-element elementor-element-194af824\" data-id=\"194af824\" data-element_type=\"column\">\n\t\t\t<div class=\"elementor-column-wrap--194af824 elementor-widget-wrap elementor-element-populated\">\n\t\t\t\t\t\t<section class=\"elementor-section elementor-inner-section elementor-element elementor-element-1972542b rey-flexWrap elementor-section-height-min-height elementor-section-content-bottom rey-section-bg--classic rey-sectionScroll rey-sectionScroll--clip-out elementor-section-boxed elementor-section-height-default\" data-id=\"1972542b\" data-element_type=\"section\" data-settings=\"{&quot;background_background&quot;:&quot;classic&quot;,&quot;rey_clip_threshold&quot;:0.5}\">\n\t\t\t\t\t\t<div class=\"elementor-container elementor-column-gap-default\">\n\t\t\t\t\t<div class=\"elementor-column elementor-col-100 elementor-inner-column elementor-element elementor-element-42f46c35 rey-colbg--classic\" data-id=\"42f46c35\" data-element_type=\"column\" data-settings=\"{&quot;background_background&quot;:&quot;classic&quot;}\">\n\t\t\t<div class=\"elementor-column-wrap--42f46c35 elementor-widget-wrap elementor-element-populated\">\n\t\t\t\t\t\t<div class=\"elementor-element elementor-element-4e216201 elementor-widget elementor-widget-heading\" data-id=\"4e216201\" data-element_type=\"widget\" data-widget_type=\"heading.default\">\n\t\t\t\t<div class=\"elementor-widget-container\">\n\t\t\t<h3 class=\"elementor-heading-title elementor-size-xl\">How Can We Help?<\/h3>\t\t<\/div>\n\t\t\t\t<\/div>\n\t\t\t\t<div class=\"elementor-element elementor-element-61ceac u-last-p-margin elementor-widget elementor-widget-text-editor\" data-id=\"61ceac\" data-element_type=\"widget\" data-widget_type=\"text-editor.default\">\n\t\t\t\t<div class=\"elementor-widget-container\">\n\t\t\t\t\t\t\tWe want you to be happy &#8211; pure and simple. If you can&#8217;t find the answer to your question below &#8211; please give us a call! The best time to reach us is\nMon &#8211; Sun 8am &#8211; 6pm\t\t\t\t\t\t<\/div>\n\t\t\t\t<\/div>\n\t\t\t\t<div class=\"elementor-element elementor-element-3433eec3 elementor-button-underline elementor-widget elementor-widget-button\" data-id=\"3433eec3\" data-element_type=\"widget\" data-widget_type=\"button.default\">\n\t\t\t\t<div class=\"elementor-widget-container\">\n\t\t\t\t\t<div class=\"elementor-button-wrapper\">\n\t\t\t<a class=\"elementor-button elementor-button-link elementor-size-sm\" href=\"https:\/\/amira.jewelry\/contact-us\/\">\n\t\t\t\t\t\t<span class=\"elementor-button-content-wrapper\">\n\t\t\t\t\t\t\t\t\t<span class=\"elementor-button-text\">GET A QUOTE<\/span>\n\t\t\t\t\t<\/span>\n\t\t\t\t\t<\/a>\n\t\t<\/div>\n\t\t\t\t<\/div>\n\t\t\t\t<\/div>\n\t\t\t\t\t<\/div>\n\t\t<\/div>\n\t\t\t\t\t<\/div>\n\t\t<\/section>\n\t\t\t\t\t<\/div>\n\t\t<\/div>\n\t\t\t\t\t<\/div>\n\t\t<\/section>\n\t\t\t\t<\/div>\n\t\t<\/div>\n\t\t\t\t<\/div>\n\t\t\t\t<\/div>\n\t\t\t\t\t<\/div>\n\t\t<\/div>\n\t\t\t\t\t<\/div>\n\t\t<\/section>\n\t\t\t\t<section class=\"elementor-section elementor-top-section elementor-element elementor-element-373bd5c4 elementor-section-boxed elementor-section-height-default elementor-section-height-default\" data-id=\"373bd5c4\" data-element_type=\"section\">\n\t\t\t\t\t\t<div class=\"elementor-container elementor-column-gap-no\">\n\t\t\t\t\t<div class=\"elementor-column elementor-col-100 elementor-top-column elementor-element elementor-element-29be72b6\" data-id=\"29be72b6\" data-element_type=\"column\">\n\t\t\t<div class=\"elementor-column-wrap--29be72b6 elementor-widget-wrap elementor-element-populated\">\n\t\t\t\t\t\t<div class=\"elementor-element elementor-element-6bfd161b elementor-widget elementor-widget-heading\" data-id=\"6bfd161b\" data-element_type=\"widget\" data-widget_type=\"heading.dynamic_title\">\n\t\t\t\t<div class=\"elementor-widget-container\">\n\t\t\t<h2 class=\"elementor-heading-title\"><\/h2>\t\t<\/div>\n\t\t\t\t<\/div>\n\t\t\t\t\t<\/div>\n\t\t<\/div>\n\t\t\t\t\t<\/div>\n\t\t<\/section>\n\t\t\t\t<section class=\"elementor-section elementor-top-section elementor-element elementor-element-38a28531 elementor-section-boxed elementor-section-height-default elementor-section-height-default\" data-id=\"38a28531\" data-element_type=\"section\">\n\t\t\t\t\t\t<div class=\"elementor-container elementor-column-gap-no\">\n\t\t\t\t\t<div class=\"elementor-column elementor-col-50 elementor-top-column elementor-element elementor-element-6ca0ad61\" data-id=\"6ca0ad61\" data-element_type=\"column\">\n\t\t\t<div class=\"elementor-column-wrap--6ca0ad61 elementor-widget-wrap elementor-element-populated\">\n\t\t\t\t\t\t<div class=\"elementor-element elementor-element-60d25bb7 reyEl-menu--vertical reyEl-menu--cols-1 --icons-start elementor-widget elementor-widget-reycore-menu\" data-id=\"60d25bb7\" data-element_type=\"widget\" data-widget_type=\"reycore-menu.default\">\n\t\t\t\t<div class=\"elementor-widget-container\">\n\t\t\t\n\t\t<div class=\"rey-element reyEl-menu\">\n\t\t\t<div class=\"reyEl-menu-navWrapper\"><ul id=\"menu-customer-service\" class=\"reyEl-menu-nav rey-navEl --menuHover-\"><li id=\"menu-item-4598\" class=\"menu-item menu-item-type-post_type menu-item-object-page menu-item-4598 o-id-4420\"><a href=\"https:\/\/amira.jewelry\/en\/faq\/\"><span>FAQ<\/span><\/a><\/li>\n<li id=\"menu-item-4599\" class=\"menu-item menu-item-type-post_type menu-item-object-page menu-item-4599 o-id-4417\"><a href=\"https:\/\/amira.jewelry\/en\/return-policy\/\"><span>Return Policy<\/span><\/a><\/li>\n<li id=\"menu-item-4808\" class=\"menu-item menu-item-type-post_type menu-item-object-page menu-item-4808 o-id-4765\"><a href=\"https:\/\/amira.jewelry\/en\/warranty-2\/\"><span>Warranty<\/span><\/a><\/li>\n<li id=\"menu-item-4980\" class=\"menu-item menu-item-type-post_type menu-item-object-page menu-item-privacy-policy menu-item-4980 o-id-499\"><a href=\"https:\/\/amira.jewelry\/en\/privacy-policy\/\"><span>Privacy Policy<\/span><\/a><\/li>\n<li id=\"menu-item-4981\" class=\"menu-item menu-item-type-post_type menu-item-object-page menu-item-4981 o-id-506\"><a href=\"https:\/\/amira.jewelry\/en\/terms-conditions\/\"><span>Terms of Use<\/span><\/a><\/li>\n<li id=\"menu-item-5194\" class=\"menu-item menu-item-type-post_type menu-item-object-page menu-item-5194 o-id-4546\"><a href=\"https:\/\/amira.jewelry\/en\/ts-shipment-tracking\/\"><span>Shipment Tracking<\/span><\/a><\/li>\n<\/ul><\/div>\t\t<\/div>\n\t\t\t\t<\/div>\n\t\t\t\t<\/div>\n\t\t\t\t\t<\/div>\n\t\t<\/div>\n\t\t\t\t<div class=\"elementor-column elementor-col-50 elementor-top-column elementor-element elementor-element-4d942049\" data-id=\"4d942049\" data-element_type=\"column\">\n\t\t\t<div class=\"elementor-column-wrap--4d942049 elementor-widget-wrap elementor-element-populated\">\n\t\t\t\t\t\t<div class=\"elementor-element elementor-element-2929a0db m-auto--bottom elementor-widget elementor-widget-heading\" data-id=\"2929a0db\" data-element_type=\"widget\" data-widget_type=\"heading.default\">\n\t\t\t\t<div class=\"elementor-widget-container\">\n\t\t\t<h3 class=\"elementor-heading-title elementor-size-default\">What is a cookie?\n<\/h3>\t\t<\/div>\n\t\t\t\t<\/div>\n\t\t\t\t<div class=\"elementor-element elementor-element-4e4a1a8e elementor-widget elementor-widget-text-editor\" data-id=\"4e4a1a8e\" data-element_type=\"widget\" data-widget_type=\"text-editor.default\">\n\t\t\t\t<div class=\"elementor-widget-container\">\n\t\t\t\t\t\t\t<p>Cookies are computer files containing small amounts of information that are downloaded to your computer or mobile device when you visit a website. Cookies can then be sent back to the originating website on each subsequent visit, or to another website that recognizes that cookie. Cookies are widely used to make websites work, as well as to provide information to site owners.<\/p>\t\t\t\t\t\t<\/div>\n\t\t\t\t<\/div>\n\t\t\t\t<div class=\"elementor-element elementor-element-66f5b82 m-auto--bottom elementor-widget elementor-widget-heading\" data-id=\"66f5b82\" data-element_type=\"widget\" data-widget_type=\"heading.default\">\n\t\t\t\t<div class=\"elementor-widget-container\">\n\t\t\t<h3 class=\"elementor-heading-title elementor-size-default\">Authorization and opposition to the use of cookies<\/h3>\t\t<\/div>\n\t\t\t\t<\/div>\n\t\t\t\t<div class=\"elementor-element elementor-element-56a738e elementor-widget elementor-widget-text-editor\" data-id=\"56a738e\" data-element_type=\"widget\" data-widget_type=\"text-editor.default\">\n\t\t\t\t<div class=\"elementor-widget-container\">\n\t\t\t\t\t\t\tVous pouvez contr\u00f4ler et\/ou supprimer les cookies quand bon vous semble.\n\nL\u2019utilisateur du site est inform\u00e9 que lors de ses visites sur celui-ci, un cookie peut s\u2019installer automatiquement et \u00eatre conserv\u00e9 temporairement en m\u00e9moire ou sur son disque dur.\n\nUn cookie est un \u00e9l\u00e9ment qui ne permet pas d\u2019identifier l\u2019utilisateur mais simplement d\u2019enregistrer des informations relatives \u00e0 la navigation parcouru sur le site.\n\nL\u2019utilisation de cookies, propres ou tiers, n\u2019\u00e9tant pas n\u00e9cessaires au fonctionnement du site, n\u00e9cessite un consentement expr\u00e8s de votre part.\n\nVous pouvez manifester votre consentement ou vous opposer a\u0300 l\u2019utilisation des cookies en param\u00e9trant votre dispositif de connexion de mani\u00e8re appropri\u00e9e :\n<ul>\n \t<li>En activant ou d\u00e9sactivant totalement les cookies<\/li>\n \t<li>En supprimant des cookies sp\u00e9cifiques, qui ont d\u00e9j\u00e0 \u00e9t\u00e9 enregistr\u00e9s dans le navigateur<\/li>\n \t<li>En emp\u00eachant certains sites Web d&#8217;enregistrer des cookies sur votre ordinateur<\/li>\n \t<li>Ou en bloquant les cookies tiers (lorsque pendant la navigation sur un site, des cookies sont stock\u00e9s sur votre ordinateur par un autre site).<\/li>\n \t<li>Vous pouvez supprimer tous les cookies qui sont d\u00e9j\u00e0 sur votre ordinateur et vous pouvez configurer la plupart des navigateurs de fa\u00e7on \u00e0 emp\u00eacher leur stockage.<\/li>\n<\/ul>\nA noter que pour la gestion des cookies, la configuration de chaque navigateur est diff\u00e9rente. Reportez-vous pour cela notamment au guide d\u2019utilisation de votre navigateur.\t\t\t\t\t\t<\/div>\n\t\t\t\t<\/div>\n\t\t\t\t\t<\/div>\n\t\t<\/div>\n\t\t\t\t\t<\/div>\n\t\t<\/section>\n\t\t\t\t<section class=\"elementor-section elementor-top-section elementor-element elementor-element-3f8a61c8 elementor-section-boxed elementor-section-height-default elementor-section-height-default\" data-id=\"3f8a61c8\" data-element_type=\"section\">\n\t\t\t\t\t\t<div class=\"elementor-container elementor-column-gap-default\">\n\t\t\t\t\t<div class=\"elementor-column elementor-col-100 elementor-top-column elementor-element elementor-element-544d04a7\" data-id=\"544d04a7\" data-element_type=\"column\">\n\t\t\t<div class=\"elementor-column-wrap--544d04a7 elementor-widget-wrap elementor-element-populated\">\n\t\t\t\t\t\t<div class=\"elementor-element elementor-element-2e8899aa elementor-widget elementor-widget-spacer\" data-id=\"2e8899aa\" data-element_type=\"widget\" data-widget_type=\"spacer.default\">\n\t\t\t\t<div class=\"elementor-widget-container\">\n\t\t\t\t\t<div class=\"elementor-spacer\">\n\t\t\t<div class=\"elementor-spacer-inner\"><\/div>\n\t\t<\/div>\n\t\t\t\t<\/div>\n\t\t\t\t<\/div>\n\t\t\t\t\t<\/div>\n\t\t<\/div>\n\t\t\t\t\t<\/div>\n\t\t<\/section>\n\t\t\t\t<\/div>\n\t\t","protected":false},"excerpt":{"rendered":"<p>FAQ Politique de retour Garantie Politique de confidentialit\u00e9 Conditions d&#8217;utilisation Suivi des exp\u00e9ditions What is a cookie? Cookies are computer files containing small amounts of information that are downloaded to your computer or mobile device when you visit a website. Cookies can then be sent back to the originating website on each subsequent visit, or [&hellip;]<\/p>\n","protected":false},"author":1,"featured_media":0,"parent":0,"menu_order":0,"comment_status":"closed","ping_status":"closed","template":"template-builder.php","meta":{"footnotes":""},"class_list":["post-4986","page","type-page","status-publish","hentry"],"acf":[],"_links":{"self":[{"href":"https:\/\/amira.jewelry\/en\/wp-json\/wp\/v2\/pages\/4986","targetHints":{"allow":["GET"]}}],"collection":[{"href":"https:\/\/amira.jewelry\/en\/wp-json\/wp\/v2\/pages"}],"about":[{"href":"https:\/\/amira.jewelry\/en\/wp-json\/wp\/v2\/types\/page"}],"author":[{"embeddable":true,"href":"https:\/\/amira.jewelry\/en\/wp-json\/wp\/v2\/users\/1"}],"replies":[{"embeddable":true,"href":"https:\/\/amira.jewelry\/en\/wp-json\/wp\/v2\/comments?post=4986"}],"version-history":[{"count":0,"href":"https:\/\/amira.jewelry\/en\/wp-json\/wp\/v2\/pages\/4986\/revisions"}],"wp:attachment":[{"href":"https:\/\/amira.jewelry\/en\/wp-json\/wp\/v2\/media?parent=4986"}],"curies":[{"name":"wp","href":"https:\/\/api.w.org\/{rel}","templated":true}]}}