



{"id":10304,"date":"2021-04-26T14:54:17","date_gmt":"2021-04-26T07:54:17","guid":{"rendered":"https:\/\/woocommerce-529299-2024980.cloudwaysapps.com\/product\/bague-ceramique\/"},"modified":"2022-10-11T06:33:27","modified_gmt":"2022-10-11T04:33:27","slug":"bague-ceramique","status":"publish","type":"product","link":"https:\/\/amira.jewelry\/en\/product\/bague-ceramique\/","title":{"rendered":"Bague C\u00e9ramique"},"content":{"rendered":"<p>Simplicit\u00e9 et \u00e9l\u00e9gance r\u00e9unis dans cet anneau en c\u00e9ramique noire ! Une bague sobre au style intemporel  !<\/p>\n","protected":false},"excerpt":{"rendered":"<p>Simplicit\u00e9 et \u00e9l\u00e9gance r\u00e9unis dans cet anneau en c\u00e9ramique noire ! Une bague sobre au style intemporel  !<\/p>\n","protected":false},"featured_media":1026629,"comment_status":"open","ping_status":"closed","template":"","meta":[],"product_cat":[811,812],"product_tag":[],"class_list":{"0":"post-10304","1":"product","2":"type-product","3":"status-publish","4":"has-post-thumbnail","5":"hentry","6":"product_cat-bague","7":"product_cat-ceramique","8":"pa_matiere-argent-925","9":"pa_modele-femme","10":"pa_pierre-principale-ceramique","11":"pa_size-50-mm","12":"pa_size-52-mm-2","13":"pa_size-53-mm-2","14":"pa_size-54-mm-2","15":"pa_size-56-mm-2","16":"pa_size-58-mm","17":"pa_size-60-mm","18":"pa_size-62-mm","19":"pa_size-64-mm","swatches":"rey-swatches","show_selected":""},"supplier_id":null,"supplier_sku":"","barcode":null,"atum_controlled":false,"out_stock_date":null,"out_stock_threshold":null,"inheritable":false,"inbound_stock":null,"stock_on_hold":0,"sold_today":0,"sales_last_days":0,"reserved_stock":null,"customer_returns":null,"warehouse_damage":null,"lost_in_post":null,"other_logs":null,"out_stock_days":0,"lost_sales":0,"has_location":null,"update_date":"2022-10-11T02:33:30","atum_locations":[],"atum_stock_status":"instock","restock_status":false,"low_stock_amount":"","sales_update_date":null,"calc_backorders":null,"acf":[],"_links":{"self":[{"href":"https:\/\/amira.jewelry\/en\/wp-json\/wp\/v2\/product\/10304","targetHints":{"allow":["GET"]}}],"collection":[{"href":"https:\/\/amira.jewelry\/en\/wp-json\/wp\/v2\/product"}],"about":[{"href":"https:\/\/amira.jewelry\/en\/wp-json\/wp\/v2\/types\/product"}],"replies":[{"embeddable":true,"href":"https:\/\/amira.jewelry\/en\/wp-json\/wp\/v2\/comments?post=10304"}],"wp:featuredmedia":[{"embeddable":true,"href":"https:\/\/amira.jewelry\/en\/wp-json\/wp\/v2\/media\/1026629"}],"wp:attachment":[{"href":"https:\/\/amira.jewelry\/en\/wp-json\/wp\/v2\/media?parent=10304"}],"wp:term":[{"taxonomy":"product_cat","embeddable":true,"href":"https:\/\/amira.jewelry\/en\/wp-json\/wp\/v2\/product_cat?post=10304"},{"taxonomy":"product_tag","embeddable":true,"href":"https:\/\/amira.jewelry\/en\/wp-json\/wp\/v2\/product_tag?post=10304"}],"curies":[{"name":"wp","href":"https:\/\/api.w.org\/{rel}","templated":true}]}}