



{"id":10405,"date":"2021-04-26T10:04:56","date_gmt":"2021-04-26T08:04:56","guid":{"rendered":"https:\/\/woocommerce-529299-2024980.cloudwaysapps.com\/product\/boucles-doreilles-argent-et-oxydes-3\/"},"modified":"2021-10-13T10:03:58","modified_gmt":"2021-10-13T08:03:58","slug":"boucles-doreilles-argent-et-oxydes-3","status":"publish","type":"product","link":"https:\/\/amira.jewelry\/en\/product\/boucles-doreilles-argent-et-oxydes-3\/","title":{"rendered":"Boucles d&#8221;oreilles Argent et Oxyde de Zirconium"},"content":{"rendered":"<p>Ajoutez une touche de lumi\u00e8re \u00e0 tous vos looks et optez pour ces boucles en argent et orn\u00e9es de d\u00e9licats oxydes \u00e9clatants. Elles apporteront une touche de glamour \u00e0 tous vos looks, casual ou chics.<\/p>\n","protected":false},"excerpt":{"rendered":"<p>Ajoutez une touche de lumi\u00e8re \u00e0 tous vos looks et optez pour ces boucles en argent et orn\u00e9es de d\u00e9licats oxydes \u00e9clatants. Elles apporteront une touche de glamour \u00e0 tous vos looks, casual ou chics.<\/p>\n","protected":false},"featured_media":1029439,"comment_status":"open","ping_status":"closed","template":"","meta":[],"product_cat":[775,818],"product_tag":[],"class_list":{"0":"post-10405","1":"product","2":"type-product","3":"status-publish","4":"has-post-thumbnail","5":"hentry","6":"product_cat-boucles-doreilles","7":"product_cat-creoles","8":"pa_matiere-argent-925","9":"pa_modele-femme","10":"pa_pierre-principale-oxyde-de-zirconium","swatches":"rey-swatches","show_selected":""},"supplier_id":null,"supplier_sku":"","barcode":null,"atum_controlled":false,"out_stock_date":null,"out_stock_threshold":null,"inheritable":false,"inbound_stock":null,"stock_on_hold":0,"sold_today":0,"sales_last_days":0,"reserved_stock":null,"customer_returns":null,"warehouse_damage":null,"lost_in_post":null,"other_logs":null,"out_stock_days":0,"lost_sales":0,"has_location":null,"update_date":"2021-10-13T06:04:00","atum_locations":[],"atum_stock_status":"instock","restock_status":false,"low_stock_amount":"","sales_update_date":null,"calc_backorders":null,"acf":[],"_links":{"self":[{"href":"https:\/\/amira.jewelry\/en\/wp-json\/wp\/v2\/product\/10405","targetHints":{"allow":["GET"]}}],"collection":[{"href":"https:\/\/amira.jewelry\/en\/wp-json\/wp\/v2\/product"}],"about":[{"href":"https:\/\/amira.jewelry\/en\/wp-json\/wp\/v2\/types\/product"}],"replies":[{"embeddable":true,"href":"https:\/\/amira.jewelry\/en\/wp-json\/wp\/v2\/comments?post=10405"}],"wp:featuredmedia":[{"embeddable":true,"href":"https:\/\/amira.jewelry\/en\/wp-json\/wp\/v2\/media\/1029439"}],"wp:attachment":[{"href":"https:\/\/amira.jewelry\/en\/wp-json\/wp\/v2\/media?parent=10405"}],"wp:term":[{"taxonomy":"product_cat","embeddable":true,"href":"https:\/\/amira.jewelry\/en\/wp-json\/wp\/v2\/product_cat?post=10405"},{"taxonomy":"product_tag","embeddable":true,"href":"https:\/\/amira.jewelry\/en\/wp-json\/wp\/v2\/product_tag?post=10405"}],"curies":[{"name":"wp","href":"https:\/\/api.w.org\/{rel}","templated":true}]}}