



{"id":10434,"date":"2021-04-26T15:19:04","date_gmt":"2021-04-26T08:19:04","guid":{"rendered":"https:\/\/woocommerce-529299-2024980.cloudwaysapps.com\/product\/bracelet-argent-et-oxydes-5\/"},"modified":"2021-10-13T10:03:45","modified_gmt":"2021-10-13T08:03:45","slug":"bracelet-argent-et-oxydes-5","status":"publish","type":"product","link":"https:\/\/amira.jewelry\/en\/product\/bracelet-argent-et-oxydes-5\/","title":{"rendered":"Bracelet Argent et Oxyde de Zirconium"},"content":{"rendered":"<p>\u00c9l\u00e9gant, raffin\u00e9 et incroyablement facile \u00e0 porter, ce bracelet rivi\u00e8re en argent et oxyde de zirconium est le bijou sur lequel vous pouvez compter pour donner l\u2019avantage \u00e0 votre tenue, quelle que soit l\u2019occasion !<\/p>\n","protected":false},"excerpt":{"rendered":"<p>\u00c9l\u00e9gant, raffin\u00e9 et incroyablement facile \u00e0 porter, ce bracelet rivi\u00e8re en argent et oxyde de zirconium est le bijou sur lequel vous pouvez compter pour donner l\u2019avantage \u00e0 votre tenue, quelle que soit l\u2019occasion !<\/p>\n","protected":false},"featured_media":1027935,"comment_status":"open","ping_status":"closed","template":"","meta":[],"product_cat":[809],"product_tag":[],"class_list":{"0":"post-10434","1":"product","2":"type-product","3":"status-publish","4":"has-post-thumbnail","5":"hentry","6":"product_cat-bracelet","7":"pa_matiere-argent-925","8":"pa_modele-femme","9":"pa_pierre-principale-oxyde-de-zirconium","swatches":"rey-swatches","show_selected":""},"supplier_id":null,"supplier_sku":"","barcode":null,"atum_controlled":false,"out_stock_date":null,"out_stock_threshold":null,"inheritable":false,"inbound_stock":null,"stock_on_hold":0,"sold_today":0,"sales_last_days":0,"reserved_stock":null,"customer_returns":null,"warehouse_damage":null,"lost_in_post":null,"other_logs":null,"out_stock_days":0,"lost_sales":0,"has_location":null,"update_date":"2021-10-13T06:03:48","atum_locations":[],"atum_stock_status":"instock","restock_status":false,"low_stock_amount":"","sales_update_date":null,"calc_backorders":null,"acf":[],"_links":{"self":[{"href":"https:\/\/amira.jewelry\/en\/wp-json\/wp\/v2\/product\/10434","targetHints":{"allow":["GET"]}}],"collection":[{"href":"https:\/\/amira.jewelry\/en\/wp-json\/wp\/v2\/product"}],"about":[{"href":"https:\/\/amira.jewelry\/en\/wp-json\/wp\/v2\/types\/product"}],"replies":[{"embeddable":true,"href":"https:\/\/amira.jewelry\/en\/wp-json\/wp\/v2\/comments?post=10434"}],"wp:featuredmedia":[{"embeddable":true,"href":"https:\/\/amira.jewelry\/en\/wp-json\/wp\/v2\/media\/1027935"}],"wp:attachment":[{"href":"https:\/\/amira.jewelry\/en\/wp-json\/wp\/v2\/media?parent=10434"}],"wp:term":[{"taxonomy":"product_cat","embeddable":true,"href":"https:\/\/amira.jewelry\/en\/wp-json\/wp\/v2\/product_cat?post=10434"},{"taxonomy":"product_tag","embeddable":true,"href":"https:\/\/amira.jewelry\/en\/wp-json\/wp\/v2\/product_tag?post=10434"}],"curies":[{"name":"wp","href":"https:\/\/api.w.org\/{rel}","templated":true}]}}