



{"id":10495,"date":"2021-04-26T15:30:29","date_gmt":"2021-04-26T08:30:29","guid":{"rendered":"https:\/\/woocommerce-529299-2024980.cloudwaysapps.com\/product\/collier-argent-et-oxydes-9\/"},"modified":"2021-10-13T10:04:29","modified_gmt":"2021-10-13T08:04:29","slug":"collier-argent-et-oxydes-9","status":"publish","type":"product","link":"https:\/\/amira.jewelry\/en\/product\/collier-argent-et-oxydes-9\/","title":{"rendered":"Collier Argent et Oxyde de Zirconium"},"content":{"rendered":"<p>Pr\u00e9cieux et \u00e9l\u00e9gant, ce collier sublimera votre d\u00e9collet\u00e9 avec d\u00e9licatesse. Un intemporel \u00e0 adopter en toutes circonstances, pour les grandes occasions ou pour illuminez vos looks du quotidien.<\/p>\n","protected":false},"excerpt":{"rendered":"<p>Pr\u00e9cieux et \u00e9l\u00e9gant, ce collier sublimera votre d\u00e9collet\u00e9 avec d\u00e9licatesse. Un intemporel \u00e0 adopter en toutes circonstances, pour les grandes occasions ou pour illuminez vos looks du quotidien.<\/p>\n","protected":false},"featured_media":1028819,"comment_status":"open","ping_status":"closed","template":"","meta":[],"product_cat":[813],"product_tag":[],"class_list":{"0":"post-10495","1":"product","2":"type-product","3":"status-publish","4":"has-post-thumbnail","5":"hentry","6":"product_cat-collier","7":"pa_matiere-argent-925","8":"pa_modele-femme","9":"pa_pierre-principale-oxyde-de-zirconium","swatches":"rey-swatches","show_selected":""},"supplier_id":null,"supplier_sku":"","barcode":null,"atum_controlled":false,"out_stock_date":null,"out_stock_threshold":null,"inheritable":false,"inbound_stock":null,"stock_on_hold":0,"sold_today":0,"sales_last_days":0,"reserved_stock":null,"customer_returns":null,"warehouse_damage":null,"lost_in_post":null,"other_logs":null,"out_stock_days":0,"lost_sales":0,"has_location":null,"update_date":"2021-10-13T06:04:32","atum_locations":[],"atum_stock_status":"outofstock","restock_status":false,"low_stock_amount":"","sales_update_date":null,"calc_backorders":null,"acf":[],"_links":{"self":[{"href":"https:\/\/amira.jewelry\/en\/wp-json\/wp\/v2\/product\/10495","targetHints":{"allow":["GET"]}}],"collection":[{"href":"https:\/\/amira.jewelry\/en\/wp-json\/wp\/v2\/product"}],"about":[{"href":"https:\/\/amira.jewelry\/en\/wp-json\/wp\/v2\/types\/product"}],"replies":[{"embeddable":true,"href":"https:\/\/amira.jewelry\/en\/wp-json\/wp\/v2\/comments?post=10495"}],"wp:featuredmedia":[{"embeddable":true,"href":"https:\/\/amira.jewelry\/en\/wp-json\/wp\/v2\/media\/1028819"}],"wp:attachment":[{"href":"https:\/\/amira.jewelry\/en\/wp-json\/wp\/v2\/media?parent=10495"}],"wp:term":[{"taxonomy":"product_cat","embeddable":true,"href":"https:\/\/amira.jewelry\/en\/wp-json\/wp\/v2\/product_cat?post=10495"},{"taxonomy":"product_tag","embeddable":true,"href":"https:\/\/amira.jewelry\/en\/wp-json\/wp\/v2\/product_tag?post=10495"}],"curies":[{"name":"wp","href":"https:\/\/api.w.org\/{rel}","templated":true}]}}