



{"id":10700,"date":"2021-04-26T15:55:34","date_gmt":"2021-04-26T08:55:34","guid":{"rendered":"https:\/\/woocommerce-529299-2024980.cloudwaysapps.com\/product\/bracelet-argent-enfant\/"},"modified":"2021-12-02T05:54:02","modified_gmt":"2021-12-02T04:54:02","slug":"bracelet-argent-enfant","status":"publish","type":"product","link":"https:\/\/amira.jewelry\/en\/product\/bracelet-argent-enfant\/","title":{"rendered":"Bracelet Argent"},"content":{"rendered":"<p>A la recherche d&#8217;un cadeau pour une petite fille ? Optez sans tarder pour ce bracelet en argent orn\u00e9 d&#8217;un jeton \u00e0 graver et d&#8217;une coccinelle ! Un bracelet tendance qui lui plaira \u00e0 coup sur !<\/p>\n","protected":false},"excerpt":{"rendered":"<p>A la recherche d&#8217;un cadeau pour une petite fille ? Optez sans tarder pour ce bracelet en argent orn\u00e9 d&#8217;un jeton \u00e0 graver et d&#8217;une coccinelle ! Un bracelet tendance qui lui plaira \u00e0 coup sur !<\/p>\n","protected":false},"featured_media":1027665,"comment_status":"open","ping_status":"closed","template":"","meta":[],"product_cat":[809],"product_tag":[],"class_list":{"0":"post-10700","1":"product","2":"type-product","3":"status-publish","4":"has-post-thumbnail","5":"hentry","6":"product_cat-bracelet","7":"pa_matiere-argent-925","8":"pa_modele-enfant","swatches":"rey-swatches","show_selected":""},"supplier_id":null,"supplier_sku":"","barcode":null,"atum_controlled":false,"out_stock_date":null,"out_stock_threshold":null,"inheritable":false,"inbound_stock":null,"stock_on_hold":0,"sold_today":0,"sales_last_days":0,"reserved_stock":null,"customer_returns":null,"warehouse_damage":null,"lost_in_post":null,"other_logs":null,"out_stock_days":0,"lost_sales":0,"has_location":null,"update_date":"2021-12-02T03:54:16","atum_locations":[],"atum_stock_status":"instock","restock_status":false,"low_stock_amount":"","sales_update_date":null,"calc_backorders":null,"acf":[],"_links":{"self":[{"href":"https:\/\/amira.jewelry\/en\/wp-json\/wp\/v2\/product\/10700","targetHints":{"allow":["GET"]}}],"collection":[{"href":"https:\/\/amira.jewelry\/en\/wp-json\/wp\/v2\/product"}],"about":[{"href":"https:\/\/amira.jewelry\/en\/wp-json\/wp\/v2\/types\/product"}],"replies":[{"embeddable":true,"href":"https:\/\/amira.jewelry\/en\/wp-json\/wp\/v2\/comments?post=10700"}],"wp:featuredmedia":[{"embeddable":true,"href":"https:\/\/amira.jewelry\/en\/wp-json\/wp\/v2\/media\/1027665"}],"wp:attachment":[{"href":"https:\/\/amira.jewelry\/en\/wp-json\/wp\/v2\/media?parent=10700"}],"wp:term":[{"taxonomy":"product_cat","embeddable":true,"href":"https:\/\/amira.jewelry\/en\/wp-json\/wp\/v2\/product_cat?post=10700"},{"taxonomy":"product_tag","embeddable":true,"href":"https:\/\/amira.jewelry\/en\/wp-json\/wp\/v2\/product_tag?post=10700"}],"curies":[{"name":"wp","href":"https:\/\/api.w.org\/{rel}","templated":true}]}}