



{"id":10719,"date":"2021-04-26T16:03:12","date_gmt":"2021-04-26T09:03:12","guid":{"rendered":"https:\/\/woocommerce-529299-2024980.cloudwaysapps.com\/product\/bague-argent-et-oxydes-23\/"},"modified":"2021-10-13T10:05:05","modified_gmt":"2021-10-13T08:05:05","slug":"bague-argent-et-oxydes-23-2","status":"publish","type":"product","link":"https:\/\/amira.jewelry\/en\/product\/bague-argent-et-oxydes-23-2\/","title":{"rendered":"Bague Argent et Oxyde de Zirconium"},"content":{"rendered":"<p>Pour les femmes qui aiment faire la diff\u00e9rence en toute simplicit\u00e9, cette bague est id\u00e9ale \u00e0 porter. Design original de l&#8217; anneau r\u00e9hauss\u00e9 d&#8217;une perle, cette bague a tout pour devenir un indispensable de votre bo\u00eete \u00e0 bijoux.<\/p>\n","protected":false},"excerpt":{"rendered":"<p>Pour les femmes qui aiment faire la diff\u00e9rence en toute simplicit\u00e9, cette bague est id\u00e9ale \u00e0 porter. Design original de l&#8217; anneau r\u00e9hauss\u00e9 d&#8217;une perle, cette bague a tout pour devenir un indispensable de votre bo\u00eete \u00e0 bijoux.<\/p>\n","protected":false},"featured_media":1026875,"comment_status":"open","ping_status":"closed","template":"","meta":[],"product_cat":[811],"product_tag":[],"class_list":{"0":"post-10719","1":"product","2":"type-product","3":"status-publish","4":"has-post-thumbnail","5":"hentry","6":"product_cat-bague","7":"pa_matiere-argent-925","8":"pa_modele-femme","9":"pa_size-50-mm","10":"pa_size-52-mm-2","11":"pa_size-54-mm-2","12":"pa_size-56-mm-2","13":"pa_size-58-mm","14":"pa_size-60-mm","15":"pa_size-62-mm","swatches":"rey-swatches","show_selected":""},"supplier_id":null,"supplier_sku":"","barcode":null,"atum_controlled":false,"out_stock_date":null,"out_stock_threshold":null,"inheritable":false,"inbound_stock":null,"stock_on_hold":0,"sold_today":0,"sales_last_days":0,"reserved_stock":null,"customer_returns":null,"warehouse_damage":null,"lost_in_post":null,"other_logs":null,"out_stock_days":0,"lost_sales":0,"has_location":null,"update_date":"2021-10-13T06:05:08","atum_locations":[],"atum_stock_status":"instock","restock_status":false,"low_stock_amount":"","sales_update_date":null,"calc_backorders":null,"acf":[],"_links":{"self":[{"href":"https:\/\/amira.jewelry\/en\/wp-json\/wp\/v2\/product\/10719","targetHints":{"allow":["GET"]}}],"collection":[{"href":"https:\/\/amira.jewelry\/en\/wp-json\/wp\/v2\/product"}],"about":[{"href":"https:\/\/amira.jewelry\/en\/wp-json\/wp\/v2\/types\/product"}],"replies":[{"embeddable":true,"href":"https:\/\/amira.jewelry\/en\/wp-json\/wp\/v2\/comments?post=10719"}],"wp:featuredmedia":[{"embeddable":true,"href":"https:\/\/amira.jewelry\/en\/wp-json\/wp\/v2\/media\/1026875"}],"wp:attachment":[{"href":"https:\/\/amira.jewelry\/en\/wp-json\/wp\/v2\/media?parent=10719"}],"wp:term":[{"taxonomy":"product_cat","embeddable":true,"href":"https:\/\/amira.jewelry\/en\/wp-json\/wp\/v2\/product_cat?post=10719"},{"taxonomy":"product_tag","embeddable":true,"href":"https:\/\/amira.jewelry\/en\/wp-json\/wp\/v2\/product_tag?post=10719"}],"curies":[{"name":"wp","href":"https:\/\/api.w.org\/{rel}","templated":true}]}}