



{"id":10746,"date":"2021-04-26T16:15:51","date_gmt":"2021-04-26T09:15:51","guid":{"rendered":"https:\/\/woocommerce-529299-2024980.cloudwaysapps.com\/product\/bague-argent-et-oxydes-24\/"},"modified":"2021-10-13T10:05:05","modified_gmt":"2021-10-13T08:05:05","slug":"bague-argent-et-oxydes-24","status":"publish","type":"product","link":"https:\/\/amira.jewelry\/en\/product\/bague-argent-et-oxydes-24\/","title":{"rendered":"Bague Argent et Oxyde de Zirconium"},"content":{"rendered":"<p>Design original et \u00e9l\u00e9gant, brillance des oxydes, cette bague en argent sublimera tous vos gestes avec gr\u00e2ce et \u00e9clat. Futur essentiel de votre bo\u00eete \u00e0 bijoux et \u00e0 shopper sans tarder !<\/p>\n","protected":false},"excerpt":{"rendered":"<p>Design original et \u00e9l\u00e9gant, brillance des oxydes, cette bague en argent sublimera tous vos gestes avec gr\u00e2ce et \u00e9clat. Futur essentiel de votre bo\u00eete \u00e0 bijoux et \u00e0 shopper sans tarder !<\/p>\n","protected":false},"featured_media":1026863,"comment_status":"open","ping_status":"closed","template":"","meta":[],"product_cat":[811],"product_tag":[],"class_list":{"0":"post-10746","1":"product","2":"type-product","3":"status-publish","4":"has-post-thumbnail","5":"hentry","6":"product_cat-bague","7":"pa_matiere-argent-925","8":"pa_modele-femme","9":"pa_size-48-mm","10":"pa_size-50-mm","11":"pa_size-52-mm-2","12":"pa_size-54-mm-2","13":"pa_size-56-mm-2","14":"pa_size-58-mm","15":"pa_size-60-mm","swatches":"rey-swatches","show_selected":""},"supplier_id":null,"supplier_sku":"","barcode":null,"atum_controlled":false,"out_stock_date":null,"out_stock_threshold":null,"inheritable":false,"inbound_stock":null,"stock_on_hold":0,"sold_today":0,"sales_last_days":0,"reserved_stock":null,"customer_returns":null,"warehouse_damage":null,"lost_in_post":null,"other_logs":null,"out_stock_days":0,"lost_sales":0,"has_location":null,"update_date":"2021-10-13T06:05:08","atum_locations":[],"atum_stock_status":"instock","restock_status":false,"low_stock_amount":"","sales_update_date":null,"calc_backorders":null,"acf":[],"_links":{"self":[{"href":"https:\/\/amira.jewelry\/en\/wp-json\/wp\/v2\/product\/10746","targetHints":{"allow":["GET"]}}],"collection":[{"href":"https:\/\/amira.jewelry\/en\/wp-json\/wp\/v2\/product"}],"about":[{"href":"https:\/\/amira.jewelry\/en\/wp-json\/wp\/v2\/types\/product"}],"replies":[{"embeddable":true,"href":"https:\/\/amira.jewelry\/en\/wp-json\/wp\/v2\/comments?post=10746"}],"wp:featuredmedia":[{"embeddable":true,"href":"https:\/\/amira.jewelry\/en\/wp-json\/wp\/v2\/media\/1026863"}],"wp:attachment":[{"href":"https:\/\/amira.jewelry\/en\/wp-json\/wp\/v2\/media?parent=10746"}],"wp:term":[{"taxonomy":"product_cat","embeddable":true,"href":"https:\/\/amira.jewelry\/en\/wp-json\/wp\/v2\/product_cat?post=10746"},{"taxonomy":"product_tag","embeddable":true,"href":"https:\/\/amira.jewelry\/en\/wp-json\/wp\/v2\/product_tag?post=10746"}],"curies":[{"name":"wp","href":"https:\/\/api.w.org\/{rel}","templated":true}]}}