



{"id":10854,"date":"2021-04-26T16:26:39","date_gmt":"2021-04-26T09:26:39","guid":{"rendered":"https:\/\/woocommerce-529299-2024980.cloudwaysapps.com\/product\/bague-acier\/"},"modified":"2021-10-13T10:04:58","modified_gmt":"2021-10-13T08:04:58","slug":"bague-acier","status":"publish","type":"product","link":"https:\/\/amira.jewelry\/en\/product\/bague-acier\/","title":{"rendered":"Bague Acier"},"content":{"rendered":"<p>Cette bague vous s\u00e9duira par son design \u00e9pur\u00e9. \u00c0 la fois sobre et raffin\u00e9e, elle v\u00e9hicule une image de puissance et d&#8217;\u00e9l\u00e9gance.<\/p>\n","protected":false},"excerpt":{"rendered":"<p>Cette bague vous s\u00e9duira par son design \u00e9pur\u00e9. \u00c0 la fois sobre et raffin\u00e9e, elle v\u00e9hicule une image de puissance et d&#8217;\u00e9l\u00e9gance.<\/p>\n","protected":false},"featured_media":1026641,"comment_status":"open","ping_status":"closed","template":"","meta":[],"product_cat":[811],"product_tag":[],"class_list":{"0":"post-10854","1":"product","2":"type-product","3":"status-publish","4":"has-post-thumbnail","5":"hentry","6":"product_cat-bague","7":"pa_matiere-acier","8":"pa_modele-homme","9":"pa_size-54-mm-2","10":"pa_size-56-mm-2","11":"pa_size-58-mm","12":"pa_size-60-mm","13":"pa_size-62-mm","14":"pa_size-64-mm","15":"pa_size-66-mm","16":"pa_size-68-mm","17":"pa_size-70-mm","18":"pa_size-ns","swatches":"rey-swatches","show_selected":""},"supplier_id":null,"supplier_sku":"","barcode":null,"atum_controlled":true,"out_stock_date":null,"out_stock_threshold":null,"inheritable":true,"inbound_stock":null,"stock_on_hold":0,"sold_today":0,"sales_last_days":0,"reserved_stock":null,"customer_returns":null,"warehouse_damage":null,"lost_in_post":null,"other_logs":null,"out_stock_days":0,"lost_sales":0,"has_location":false,"update_date":"2021-10-13T06:05:01","atum_locations":[],"atum_stock_status":"instock","restock_status":false,"low_stock_amount":"","sales_update_date":null,"calc_backorders":null,"acf":[],"_links":{"self":[{"href":"https:\/\/amira.jewelry\/en\/wp-json\/wp\/v2\/product\/10854","targetHints":{"allow":["GET"]}}],"collection":[{"href":"https:\/\/amira.jewelry\/en\/wp-json\/wp\/v2\/product"}],"about":[{"href":"https:\/\/amira.jewelry\/en\/wp-json\/wp\/v2\/types\/product"}],"replies":[{"embeddable":true,"href":"https:\/\/amira.jewelry\/en\/wp-json\/wp\/v2\/comments?post=10854"}],"wp:featuredmedia":[{"embeddable":true,"href":"https:\/\/amira.jewelry\/en\/wp-json\/wp\/v2\/media\/1026641"}],"wp:attachment":[{"href":"https:\/\/amira.jewelry\/en\/wp-json\/wp\/v2\/media?parent=10854"}],"wp:term":[{"taxonomy":"product_cat","embeddable":true,"href":"https:\/\/amira.jewelry\/en\/wp-json\/wp\/v2\/product_cat?post=10854"},{"taxonomy":"product_tag","embeddable":true,"href":"https:\/\/amira.jewelry\/en\/wp-json\/wp\/v2\/product_tag?post=10854"}],"curies":[{"name":"wp","href":"https:\/\/api.w.org\/{rel}","templated":true}]}}