



{"id":10856,"date":"2021-04-26T16:26:54","date_gmt":"2021-04-26T09:26:54","guid":{"rendered":"https:\/\/woocommerce-529299-2024980.cloudwaysapps.com\/product\/boucles-doreilles-argent-et-oxydes-13\/"},"modified":"2021-10-13T10:04:11","modified_gmt":"2021-10-13T08:04:11","slug":"boucles-doreilles-argent-et-oxydes-13","status":"publish","type":"product","link":"https:\/\/amira.jewelry\/en\/product\/boucles-doreilles-argent-et-oxydes-13\/","title":{"rendered":"Boucles d&#8221;oreilles Argent et Oxyde de Zirconium"},"content":{"rendered":"<p>Apportez une touche de chic \u00e0 tous vos looks et misez sur ces boucles d&#8217;oreilles orn\u00e9es d&#8217;un oxyde d&#8217;un vert intense et rehauss\u00e9es d&#8217;oxydes blancs tr\u00e8s lumineux. Des boucles d&#8217;oreilles f\u00e9minines et \u00e9clatantes, id\u00e9ales pour vos accessoiriser vos looks de s<\/p>\n","protected":false},"excerpt":{"rendered":"<p>Apportez une touche de chic \u00e0 tous vos looks et misez sur ces boucles d&#8217;oreilles orn\u00e9es d&#8217;un oxyde d&#8217;un vert intense et rehauss\u00e9es d&#8217;oxydes blancs tr\u00e8s lumineux. Des boucles d&#8217;oreilles f\u00e9minines et \u00e9clatantes, id\u00e9ales pour vos accessoiriser vos looks de s<\/p>\n","protected":false},"featured_media":1029949,"comment_status":"open","ping_status":"closed","template":"","meta":[],"product_cat":[775],"product_tag":[],"class_list":{"0":"post-10856","1":"product","2":"type-product","3":"status-publish","4":"has-post-thumbnail","5":"hentry","6":"product_cat-boucles-doreilles","7":"pa_matiere-argent-925","8":"pa_modele-femme","swatches":"rey-swatches","show_selected":""},"supplier_id":null,"supplier_sku":"","barcode":null,"atum_controlled":false,"out_stock_date":null,"out_stock_threshold":null,"inheritable":false,"inbound_stock":null,"stock_on_hold":0,"sold_today":0,"sales_last_days":0,"reserved_stock":null,"customer_returns":null,"warehouse_damage":null,"lost_in_post":null,"other_logs":null,"out_stock_days":0,"lost_sales":0,"has_location":null,"update_date":"2021-10-13T06:04:13","atum_locations":[],"atum_stock_status":"instock","restock_status":false,"low_stock_amount":"","sales_update_date":null,"calc_backorders":null,"acf":[],"_links":{"self":[{"href":"https:\/\/amira.jewelry\/en\/wp-json\/wp\/v2\/product\/10856","targetHints":{"allow":["GET"]}}],"collection":[{"href":"https:\/\/amira.jewelry\/en\/wp-json\/wp\/v2\/product"}],"about":[{"href":"https:\/\/amira.jewelry\/en\/wp-json\/wp\/v2\/types\/product"}],"replies":[{"embeddable":true,"href":"https:\/\/amira.jewelry\/en\/wp-json\/wp\/v2\/comments?post=10856"}],"wp:featuredmedia":[{"embeddable":true,"href":"https:\/\/amira.jewelry\/en\/wp-json\/wp\/v2\/media\/1029949"}],"wp:attachment":[{"href":"https:\/\/amira.jewelry\/en\/wp-json\/wp\/v2\/media?parent=10856"}],"wp:term":[{"taxonomy":"product_cat","embeddable":true,"href":"https:\/\/amira.jewelry\/en\/wp-json\/wp\/v2\/product_cat?post=10856"},{"taxonomy":"product_tag","embeddable":true,"href":"https:\/\/amira.jewelry\/en\/wp-json\/wp\/v2\/product_tag?post=10856"}],"curies":[{"name":"wp","href":"https:\/\/api.w.org\/{rel}","templated":true}]}}