



{"id":10997,"date":"2021-04-26T16:34:36","date_gmt":"2021-04-26T09:34:36","guid":{"rendered":"https:\/\/woocommerce-529299-2024980.cloudwaysapps.com\/product\/boucles-doreilles-argent-et-cristal-6\/"},"modified":"2021-10-13T10:04:10","modified_gmt":"2021-10-13T08:04:10","slug":"boucles-doreilles-argent-et-cristal-6","status":"publish","type":"product","link":"https:\/\/amira.jewelry\/en\/product\/boucles-doreilles-argent-et-cristal-6\/","title":{"rendered":"Boucles d&#8221;oreilles Argent et Cristal de Swarovski"},"content":{"rendered":"<p>Que diriez-vous d&#8217;\u00e9gayer la palette de couleurs de votre collection de bijoux en misant sur ces boucles d&#8217;oreilles ? En argent et cristaux de Swarovski de couleur p\u00eache, ces boucles d&#8217;oreilles , d\u00e9voilent des reflets de toute beaut\u00e9. Craquez sans h\u00e9sitez <\/p>\n","protected":false},"excerpt":{"rendered":"<p>Que diriez-vous d&#8217;\u00e9gayer la palette de couleurs de votre collection de bijoux en misant sur ces boucles d&#8217;oreilles ? En argent et cristaux de Swarovski de couleur p\u00eache, ces boucles d&#8217;oreilles , d\u00e9voilent des reflets de toute beaut\u00e9. Craquez sans h\u00e9sitez <\/p>\n","protected":false},"featured_media":1029889,"comment_status":"open","ping_status":"closed","template":"","meta":[],"product_cat":[775,821],"product_tag":[],"class_list":{"0":"post-10997","1":"product","2":"type-product","3":"status-publish","4":"has-post-thumbnail","5":"hentry","6":"product_cat-boucles-doreilles","7":"product_cat-pendantes","8":"pa_matiere-argent-925","9":"pa_modele-femme","swatches":"rey-swatches","show_selected":""},"supplier_id":null,"supplier_sku":"","barcode":null,"atum_controlled":false,"out_stock_date":null,"out_stock_threshold":null,"inheritable":false,"inbound_stock":null,"stock_on_hold":0,"sold_today":0,"sales_last_days":0,"reserved_stock":null,"customer_returns":null,"warehouse_damage":null,"lost_in_post":null,"other_logs":null,"out_stock_days":0,"lost_sales":0,"has_location":null,"update_date":"2021-10-13T06:04:13","atum_locations":[],"atum_stock_status":"instock","restock_status":false,"low_stock_amount":"","sales_update_date":null,"calc_backorders":null,"acf":[],"_links":{"self":[{"href":"https:\/\/amira.jewelry\/en\/wp-json\/wp\/v2\/product\/10997","targetHints":{"allow":["GET"]}}],"collection":[{"href":"https:\/\/amira.jewelry\/en\/wp-json\/wp\/v2\/product"}],"about":[{"href":"https:\/\/amira.jewelry\/en\/wp-json\/wp\/v2\/types\/product"}],"replies":[{"embeddable":true,"href":"https:\/\/amira.jewelry\/en\/wp-json\/wp\/v2\/comments?post=10997"}],"wp:featuredmedia":[{"embeddable":true,"href":"https:\/\/amira.jewelry\/en\/wp-json\/wp\/v2\/media\/1029889"}],"wp:attachment":[{"href":"https:\/\/amira.jewelry\/en\/wp-json\/wp\/v2\/media?parent=10997"}],"wp:term":[{"taxonomy":"product_cat","embeddable":true,"href":"https:\/\/amira.jewelry\/en\/wp-json\/wp\/v2\/product_cat?post=10997"},{"taxonomy":"product_tag","embeddable":true,"href":"https:\/\/amira.jewelry\/en\/wp-json\/wp\/v2\/product_tag?post=10997"}],"curies":[{"name":"wp","href":"https:\/\/api.w.org\/{rel}","templated":true}]}}