



{"id":11042,"date":"2021-04-26T16:37:48","date_gmt":"2021-04-26T09:37:48","guid":{"rendered":"https:\/\/woocommerce-529299-2024980.cloudwaysapps.com\/product\/collier-argent-et-ceramique-4\/"},"modified":"2021-10-13T10:04:30","modified_gmt":"2021-10-13T08:04:30","slug":"collier-argent-et-ceramique-4","status":"publish","type":"product","link":"https:\/\/amira.jewelry\/en\/product\/collier-argent-et-ceramique-4\/","title":{"rendered":"Collier Argent C\u00e9ramique et Oxyde de Zirconium"},"content":{"rendered":"<p>Jouez la carte de la couleur pour vos bijoux et misez sur ce collier argent et c\u00e9ramique bleue . Un collier f\u00e9minin qui accessoirisera \u00e0 merveille tous vos looks. A porter de jour comme de nuit !<\/p>\n","protected":false},"excerpt":{"rendered":"<p>Jouez la carte de la couleur pour vos bijoux et misez sur ce collier argent et c\u00e9ramique bleue . Un collier f\u00e9minin qui accessoirisera \u00e0 merveille tous vos looks. A porter de jour comme de nuit !<\/p>\n","protected":false},"featured_media":1028849,"comment_status":"open","ping_status":"closed","template":"","meta":[],"product_cat":[813],"product_tag":[],"class_list":{"0":"post-11042","1":"product","2":"type-product","3":"status-publish","4":"has-post-thumbnail","5":"hentry","6":"product_cat-collier","7":"pa_matiere-argent-925","8":"pa_modele-femme","swatches":"rey-swatches","show_selected":""},"supplier_id":null,"supplier_sku":"","barcode":null,"atum_controlled":false,"out_stock_date":null,"out_stock_threshold":null,"inheritable":false,"inbound_stock":null,"stock_on_hold":0,"sold_today":0,"sales_last_days":0,"reserved_stock":null,"customer_returns":null,"warehouse_damage":null,"lost_in_post":null,"other_logs":null,"out_stock_days":0,"lost_sales":0,"has_location":null,"update_date":"2021-10-13T06:04:32","atum_locations":[],"atum_stock_status":"instock","restock_status":false,"low_stock_amount":"","sales_update_date":null,"calc_backorders":null,"acf":[],"_links":{"self":[{"href":"https:\/\/amira.jewelry\/en\/wp-json\/wp\/v2\/product\/11042","targetHints":{"allow":["GET"]}}],"collection":[{"href":"https:\/\/amira.jewelry\/en\/wp-json\/wp\/v2\/product"}],"about":[{"href":"https:\/\/amira.jewelry\/en\/wp-json\/wp\/v2\/types\/product"}],"replies":[{"embeddable":true,"href":"https:\/\/amira.jewelry\/en\/wp-json\/wp\/v2\/comments?post=11042"}],"wp:featuredmedia":[{"embeddable":true,"href":"https:\/\/amira.jewelry\/en\/wp-json\/wp\/v2\/media\/1028849"}],"wp:attachment":[{"href":"https:\/\/amira.jewelry\/en\/wp-json\/wp\/v2\/media?parent=11042"}],"wp:term":[{"taxonomy":"product_cat","embeddable":true,"href":"https:\/\/amira.jewelry\/en\/wp-json\/wp\/v2\/product_cat?post=11042"},{"taxonomy":"product_tag","embeddable":true,"href":"https:\/\/amira.jewelry\/en\/wp-json\/wp\/v2\/product_tag?post=11042"}],"curies":[{"name":"wp","href":"https:\/\/api.w.org\/{rel}","templated":true}]}}