



{"id":11063,"date":"2021-04-26T11:38:43","date_gmt":"2021-04-26T09:38:43","guid":{"rendered":"https:\/\/woocommerce-529299-2024980.cloudwaysapps.com\/product\/bracelet-acier-5\/"},"modified":"2021-10-13T10:03:33","modified_gmt":"2021-10-13T08:03:33","slug":"bracelet-acier-5","status":"publish","type":"product","link":"https:\/\/amira.jewelry\/en\/product\/bracelet-acier-5\/","title":{"rendered":"Bracelet Acier"},"content":{"rendered":"<p>Avec un style r\u00e9solument moderne, ce bracelet a plus d&#8217;un atout dans ses maille ! Quand on aime surprendre en toute discr\u00e9tion, on choisit sans h\u00e9siter ce bracelet.<\/p>\n","protected":false},"excerpt":{"rendered":"<p>Avec un style r\u00e9solument moderne, ce bracelet a plus d&#8217;un atout dans ses maille ! Quand on aime surprendre en toute discr\u00e9tion, on choisit sans h\u00e9siter ce bracelet.<\/p>\n","protected":false},"featured_media":1027455,"comment_status":"open","ping_status":"closed","template":"","meta":[],"product_cat":[809],"product_tag":[],"class_list":{"0":"post-11063","1":"product","2":"type-product","3":"status-publish","4":"has-post-thumbnail","5":"hentry","6":"product_cat-bracelet","7":"pa_matiere-acier","8":"pa_modele-homme","9":"pa_pierre-principale-acier","swatches":"rey-swatches","show_selected":""},"supplier_id":null,"supplier_sku":"","barcode":null,"atum_controlled":false,"out_stock_date":null,"out_stock_threshold":null,"inheritable":false,"inbound_stock":null,"stock_on_hold":0,"sold_today":0,"sales_last_days":0,"reserved_stock":null,"customer_returns":null,"warehouse_damage":null,"lost_in_post":null,"other_logs":null,"out_stock_days":0,"lost_sales":0,"has_location":null,"update_date":"2021-10-13T06:03:36","atum_locations":[],"atum_stock_status":"instock","restock_status":false,"low_stock_amount":"","sales_update_date":null,"calc_backorders":null,"acf":[],"_links":{"self":[{"href":"https:\/\/amira.jewelry\/en\/wp-json\/wp\/v2\/product\/11063","targetHints":{"allow":["GET"]}}],"collection":[{"href":"https:\/\/amira.jewelry\/en\/wp-json\/wp\/v2\/product"}],"about":[{"href":"https:\/\/amira.jewelry\/en\/wp-json\/wp\/v2\/types\/product"}],"replies":[{"embeddable":true,"href":"https:\/\/amira.jewelry\/en\/wp-json\/wp\/v2\/comments?post=11063"}],"wp:featuredmedia":[{"embeddable":true,"href":"https:\/\/amira.jewelry\/en\/wp-json\/wp\/v2\/media\/1027455"}],"wp:attachment":[{"href":"https:\/\/amira.jewelry\/en\/wp-json\/wp\/v2\/media?parent=11063"}],"wp:term":[{"taxonomy":"product_cat","embeddable":true,"href":"https:\/\/amira.jewelry\/en\/wp-json\/wp\/v2\/product_cat?post=11063"},{"taxonomy":"product_tag","embeddable":true,"href":"https:\/\/amira.jewelry\/en\/wp-json\/wp\/v2\/product_tag?post=11063"}],"curies":[{"name":"wp","href":"https:\/\/api.w.org\/{rel}","templated":true}]}}