



{"id":11134,"date":"2021-04-26T11:42:28","date_gmt":"2021-04-26T09:42:28","guid":{"rendered":"https:\/\/woocommerce-529299-2024980.cloudwaysapps.com\/product\/chaine-argent-homme\/"},"modified":"2021-10-13T10:04:14","modified_gmt":"2021-10-13T08:04:14","slug":"chaine-argent-homme","status":"publish","type":"product","link":"https:\/\/amira.jewelry\/en\/product\/chaine-argent-homme\/","title":{"rendered":"Cha\u00eene Argent"},"content":{"rendered":"<p>Apportez une nouvelle touche d&#8217;\u00e9l\u00e9gance \u00e0 vos looks et optez pour cette cha\u00eene en argent. Mention sp\u00e9ciale pour sa maille cheval tr\u00e8s originale. A porter solo ou orn\u00e9e d&#8217;un pendentif<\/p>\n","protected":false},"excerpt":{"rendered":"<p>Apportez une nouvelle touche d&#8217;\u00e9l\u00e9gance \u00e0 vos looks et optez pour cette cha\u00eene en argent. Mention sp\u00e9ciale pour sa maille cheval tr\u00e8s originale. A porter solo ou orn\u00e9e d&#8217;un pendentif<\/p>\n","protected":false},"featured_media":1028129,"comment_status":"open","ping_status":"closed","template":"","meta":[],"product_cat":[825,813],"product_tag":[],"class_list":{"0":"post-11134","1":"product","2":"type-product","3":"status-publish","4":"has-post-thumbnail","5":"hentry","6":"product_cat-chaine","7":"product_cat-collier","8":"pa_matiere-argent-925","9":"pa_modele-homme","10":"pa_pierre-principale-argent","swatches":"rey-swatches","show_selected":""},"supplier_id":null,"supplier_sku":"","barcode":null,"atum_controlled":false,"out_stock_date":null,"out_stock_threshold":null,"inheritable":false,"inbound_stock":null,"stock_on_hold":0,"sold_today":0,"sales_last_days":0,"reserved_stock":null,"customer_returns":null,"warehouse_damage":null,"lost_in_post":null,"other_logs":null,"out_stock_days":0,"lost_sales":0,"has_location":null,"update_date":"2021-10-13T06:04:16","atum_locations":[],"atum_stock_status":"instock","restock_status":false,"low_stock_amount":"","sales_update_date":null,"calc_backorders":null,"acf":[],"_links":{"self":[{"href":"https:\/\/amira.jewelry\/en\/wp-json\/wp\/v2\/product\/11134","targetHints":{"allow":["GET"]}}],"collection":[{"href":"https:\/\/amira.jewelry\/en\/wp-json\/wp\/v2\/product"}],"about":[{"href":"https:\/\/amira.jewelry\/en\/wp-json\/wp\/v2\/types\/product"}],"replies":[{"embeddable":true,"href":"https:\/\/amira.jewelry\/en\/wp-json\/wp\/v2\/comments?post=11134"}],"wp:featuredmedia":[{"embeddable":true,"href":"https:\/\/amira.jewelry\/en\/wp-json\/wp\/v2\/media\/1028129"}],"wp:attachment":[{"href":"https:\/\/amira.jewelry\/en\/wp-json\/wp\/v2\/media?parent=11134"}],"wp:term":[{"taxonomy":"product_cat","embeddable":true,"href":"https:\/\/amira.jewelry\/en\/wp-json\/wp\/v2\/product_cat?post=11134"},{"taxonomy":"product_tag","embeddable":true,"href":"https:\/\/amira.jewelry\/en\/wp-json\/wp\/v2\/product_tag?post=11134"}],"curies":[{"name":"wp","href":"https:\/\/api.w.org\/{rel}","templated":true}]}}