



{"id":11138,"date":"2021-04-26T11:42:44","date_gmt":"2021-04-26T09:42:44","guid":{"rendered":"https:\/\/woocommerce-529299-2024980.cloudwaysapps.com\/product\/collier-plaque-or\/"},"modified":"2021-10-13T10:03:46","modified_gmt":"2021-10-13T08:03:46","slug":"collier-plaque-or","status":"publish","type":"product","link":"https:\/\/amira.jewelry\/en\/product\/collier-plaque-or\/","title":{"rendered":"Cha\u00eene Plaqu\u00e9 Or"},"content":{"rendered":"<p>Apportez une nouvelle touche d&#8217;\u00e9l\u00e9gance \u00e0 vos looks et optez pour cette cha\u00eene en plaqu\u00e9 or. Mention sp\u00e9ciale pour sa maille forcat tr\u00e8s tendance .<\/p>\n","protected":false},"excerpt":{"rendered":"<p>Apportez une nouvelle touche d&#8217;\u00e9l\u00e9gance \u00e0 vos looks et optez pour cette cha\u00eene en plaqu\u00e9 or. Mention sp\u00e9ciale pour sa maille forcat tr\u00e8s tendance .<\/p>\n","protected":false},"featured_media":1028055,"comment_status":"open","ping_status":"closed","template":"","meta":[],"product_cat":[813],"product_tag":[],"class_list":{"0":"post-11138","1":"product","2":"type-product","3":"status-publish","4":"has-post-thumbnail","5":"hentry","6":"product_cat-collier","7":"pa_matiere-argent-925","8":"pa_modele-femme","9":"pa_pierre-principale-chaine","swatches":"rey-swatches","show_selected":""},"supplier_id":null,"supplier_sku":"","barcode":null,"atum_controlled":false,"out_stock_date":null,"out_stock_threshold":null,"inheritable":false,"inbound_stock":null,"stock_on_hold":0,"sold_today":0,"sales_last_days":0,"reserved_stock":null,"customer_returns":null,"warehouse_damage":null,"lost_in_post":null,"other_logs":null,"out_stock_days":0,"lost_sales":0,"has_location":null,"update_date":"2021-10-13T06:03:48","atum_locations":[],"atum_stock_status":"instock","restock_status":false,"low_stock_amount":"","sales_update_date":null,"calc_backorders":null,"acf":[],"_links":{"self":[{"href":"https:\/\/amira.jewelry\/en\/wp-json\/wp\/v2\/product\/11138","targetHints":{"allow":["GET"]}}],"collection":[{"href":"https:\/\/amira.jewelry\/en\/wp-json\/wp\/v2\/product"}],"about":[{"href":"https:\/\/amira.jewelry\/en\/wp-json\/wp\/v2\/types\/product"}],"replies":[{"embeddable":true,"href":"https:\/\/amira.jewelry\/en\/wp-json\/wp\/v2\/comments?post=11138"}],"wp:featuredmedia":[{"embeddable":true,"href":"https:\/\/amira.jewelry\/en\/wp-json\/wp\/v2\/media\/1028055"}],"wp:attachment":[{"href":"https:\/\/amira.jewelry\/en\/wp-json\/wp\/v2\/media?parent=11138"}],"wp:term":[{"taxonomy":"product_cat","embeddable":true,"href":"https:\/\/amira.jewelry\/en\/wp-json\/wp\/v2\/product_cat?post=11138"},{"taxonomy":"product_tag","embeddable":true,"href":"https:\/\/amira.jewelry\/en\/wp-json\/wp\/v2\/product_tag?post=11138"}],"curies":[{"name":"wp","href":"https:\/\/api.w.org\/{rel}","templated":true}]}}