



{"id":11142,"date":"2021-04-26T16:43:00","date_gmt":"2021-04-26T09:43:00","guid":{"rendered":"https:\/\/woocommerce-529299-2024980.cloudwaysapps.com\/product\/pendentif-argent-5\/"},"modified":"2021-10-13T10:04:30","modified_gmt":"2021-10-13T08:04:30","slug":"pendentif-argent-5","status":"publish","type":"product","link":"https:\/\/amira.jewelry\/en\/product\/pendentif-argent-5\/","title":{"rendered":"Pendentif Argent"},"content":{"rendered":"<p>Symbolique et tendre, ce pendentif ballerine en argent est un intemporel \u00e0 poss\u00e9der absolument. Sur une cha\u00eene en argent ou sur un bracelet en cordon, il saura vous accompagner avec d\u00e9licatesse tout au long de vos journ\u00e9es. A acheter sans h\u00e9siter !<\/p>\n","protected":false},"excerpt":{"rendered":"<p>Symbolique et tendre, ce pendentif ballerine en argent est un intemporel \u00e0 poss\u00e9der absolument. Sur une cha\u00eene en argent ou sur un bracelet en cordon, il saura vous accompagner avec d\u00e9licatesse tout au long de vos journ\u00e9es. A acheter sans h\u00e9siter !<\/p>\n","protected":false},"featured_media":1028915,"comment_status":"open","ping_status":"closed","template":"","meta":[],"product_cat":[813,814],"product_tag":[],"class_list":{"0":"post-11142","1":"product","2":"type-product","3":"status-publish","4":"has-post-thumbnail","5":"hentry","6":"product_cat-collier","7":"product_cat-pendentif","8":"pa_matiere-argent-925","9":"pa_modele-enfant","10":"pa_pierre-principale-argent","swatches":"rey-swatches","show_selected":""},"supplier_id":null,"supplier_sku":"","barcode":null,"atum_controlled":false,"out_stock_date":null,"out_stock_threshold":null,"inheritable":false,"inbound_stock":null,"stock_on_hold":0,"sold_today":0,"sales_last_days":0,"reserved_stock":null,"customer_returns":null,"warehouse_damage":null,"lost_in_post":null,"other_logs":null,"out_stock_days":0,"lost_sales":0,"has_location":null,"update_date":"2021-10-13T06:04:33","atum_locations":[],"atum_stock_status":"instock","restock_status":false,"low_stock_amount":"","sales_update_date":null,"calc_backorders":null,"acf":[],"_links":{"self":[{"href":"https:\/\/amira.jewelry\/en\/wp-json\/wp\/v2\/product\/11142","targetHints":{"allow":["GET"]}}],"collection":[{"href":"https:\/\/amira.jewelry\/en\/wp-json\/wp\/v2\/product"}],"about":[{"href":"https:\/\/amira.jewelry\/en\/wp-json\/wp\/v2\/types\/product"}],"replies":[{"embeddable":true,"href":"https:\/\/amira.jewelry\/en\/wp-json\/wp\/v2\/comments?post=11142"}],"wp:featuredmedia":[{"embeddable":true,"href":"https:\/\/amira.jewelry\/en\/wp-json\/wp\/v2\/media\/1028915"}],"wp:attachment":[{"href":"https:\/\/amira.jewelry\/en\/wp-json\/wp\/v2\/media?parent=11142"}],"wp:term":[{"taxonomy":"product_cat","embeddable":true,"href":"https:\/\/amira.jewelry\/en\/wp-json\/wp\/v2\/product_cat?post=11142"},{"taxonomy":"product_tag","embeddable":true,"href":"https:\/\/amira.jewelry\/en\/wp-json\/wp\/v2\/product_tag?post=11142"}],"curies":[{"name":"wp","href":"https:\/\/api.w.org\/{rel}","templated":true}]}}