



{"id":11461,"date":"2021-04-26T11:58:57","date_gmt":"2021-04-26T09:58:57","guid":{"rendered":"https:\/\/woocommerce-529299-2024980.cloudwaysapps.com\/product\/chaine-argent-homme-2\/"},"modified":"2022-02-08T14:38:54","modified_gmt":"2022-02-08T13:38:54","slug":"chaine-argent-homme-2","status":"publish","type":"product","link":"https:\/\/amira.jewelry\/en\/product\/chaine-argent-homme-2\/","title":{"rendered":"Cha\u00eene Argent"},"content":{"rendered":"<p>Apportez une nouvelle touche d&#8217;\u00e9l\u00e9gance \u00e0 vos looks et optez pour cette cha\u00eene en argent. Mention sp\u00e9ciale pour sa maille gourmette  tr\u00e8s tendance .<\/p>\n","protected":false},"excerpt":{"rendered":"<p>Apportez une nouvelle touche d&#8217;\u00e9l\u00e9gance \u00e0 vos looks et optez pour cette cha\u00eene en argent. Mention sp\u00e9ciale pour sa maille gourmette  tr\u00e8s tendance .<\/p>\n","protected":false},"featured_media":1028159,"comment_status":"open","ping_status":"closed","template":"","meta":[],"product_cat":[825,813],"product_tag":[],"class_list":{"0":"post-11461","1":"product","2":"type-product","3":"status-publish","4":"has-post-thumbnail","5":"hentry","6":"product_cat-chaine","7":"product_cat-collier","8":"pa_matiere-argent-925","9":"pa_modele-homme","10":"pa_pierre-principale-argent","swatches":"rey-swatches","show_selected":""},"supplier_id":null,"supplier_sku":"","barcode":null,"atum_controlled":false,"out_stock_date":null,"out_stock_threshold":null,"inheritable":false,"inbound_stock":null,"stock_on_hold":0,"sold_today":0,"sales_last_days":0,"reserved_stock":null,"customer_returns":null,"warehouse_damage":null,"lost_in_post":null,"other_logs":null,"out_stock_days":0,"lost_sales":0,"has_location":null,"update_date":"2022-02-08T12:39:00","atum_locations":[],"atum_stock_status":"instock","restock_status":false,"low_stock_amount":"","sales_update_date":null,"calc_backorders":null,"acf":[],"_links":{"self":[{"href":"https:\/\/amira.jewelry\/en\/wp-json\/wp\/v2\/product\/11461","targetHints":{"allow":["GET"]}}],"collection":[{"href":"https:\/\/amira.jewelry\/en\/wp-json\/wp\/v2\/product"}],"about":[{"href":"https:\/\/amira.jewelry\/en\/wp-json\/wp\/v2\/types\/product"}],"replies":[{"embeddable":true,"href":"https:\/\/amira.jewelry\/en\/wp-json\/wp\/v2\/comments?post=11461"}],"wp:featuredmedia":[{"embeddable":true,"href":"https:\/\/amira.jewelry\/en\/wp-json\/wp\/v2\/media\/1028159"}],"wp:attachment":[{"href":"https:\/\/amira.jewelry\/en\/wp-json\/wp\/v2\/media?parent=11461"}],"wp:term":[{"taxonomy":"product_cat","embeddable":true,"href":"https:\/\/amira.jewelry\/en\/wp-json\/wp\/v2\/product_cat?post=11461"},{"taxonomy":"product_tag","embeddable":true,"href":"https:\/\/amira.jewelry\/en\/wp-json\/wp\/v2\/product_tag?post=11461"}],"curies":[{"name":"wp","href":"https:\/\/api.w.org\/{rel}","templated":true}]}}