



{"id":11518,"date":"2021-04-26T12:03:00","date_gmt":"2021-04-26T10:03:00","guid":{"rendered":"https:\/\/woocommerce-529299-2024980.cloudwaysapps.com\/product\/bague-argent-et-oxydes-60\/"},"modified":"2021-10-13T10:04:43","modified_gmt":"2021-10-13T08:04:43","slug":"bague-argent-et-oxydes-60","status":"publish","type":"product","link":"https:\/\/amira.jewelry\/en\/product\/bague-argent-et-oxydes-60\/","title":{"rendered":"Bague Argent et Oxyde de Zirconium"},"content":{"rendered":"<p>C\u2019est \u00e0 son \u00e9l\u00e9gance absolue que cette bague doit son caract\u00e8re si particulier. Elle se compose d&#8217;une pierre solitaire en oxyde bleu  entour\u00e9e de cristaux de zirconium blancs cr\u00e9ant un magnifique look scintillant.<\/p>\n","protected":false},"excerpt":{"rendered":"<p>C\u2019est \u00e0 son \u00e9l\u00e9gance absolue que cette bague doit son caract\u00e8re si particulier. Elle se compose d&#8217;une pierre solitaire en oxyde bleu  entour\u00e9e de cristaux de zirconium blancs cr\u00e9ant un magnifique look scintillant.<\/p>\n","protected":false},"featured_media":1026059,"comment_status":"open","ping_status":"closed","template":"","meta":[],"product_cat":[811],"product_tag":[],"class_list":{"0":"post-11518","1":"product","2":"type-product","3":"status-publish","4":"has-post-thumbnail","5":"hentry","6":"product_cat-bague","7":"pa_matiere-argent-925","8":"pa_modele-femme","9":"pa_pierre-principale-oxyde-de-zirconium","10":"pa_size-50-mm","11":"pa_size-52-mm-2","12":"pa_size-54-mm-2","13":"pa_size-56-mm-2","14":"pa_size-58-mm","15":"pa_size-60-mm","16":"pa_size-62-mm","swatches":"rey-swatches","show_selected":""},"supplier_id":null,"supplier_sku":"","barcode":null,"atum_controlled":false,"out_stock_date":null,"out_stock_threshold":null,"inheritable":false,"inbound_stock":null,"stock_on_hold":0,"sold_today":0,"sales_last_days":0,"reserved_stock":null,"customer_returns":null,"warehouse_damage":null,"lost_in_post":null,"other_logs":null,"out_stock_days":0,"lost_sales":0,"has_location":null,"update_date":"2021-10-13T06:04:46","atum_locations":[],"atum_stock_status":"instock","restock_status":false,"low_stock_amount":"","sales_update_date":null,"calc_backorders":null,"acf":[],"_links":{"self":[{"href":"https:\/\/amira.jewelry\/en\/wp-json\/wp\/v2\/product\/11518","targetHints":{"allow":["GET"]}}],"collection":[{"href":"https:\/\/amira.jewelry\/en\/wp-json\/wp\/v2\/product"}],"about":[{"href":"https:\/\/amira.jewelry\/en\/wp-json\/wp\/v2\/types\/product"}],"replies":[{"embeddable":true,"href":"https:\/\/amira.jewelry\/en\/wp-json\/wp\/v2\/comments?post=11518"}],"wp:featuredmedia":[{"embeddable":true,"href":"https:\/\/amira.jewelry\/en\/wp-json\/wp\/v2\/media\/1026059"}],"wp:attachment":[{"href":"https:\/\/amira.jewelry\/en\/wp-json\/wp\/v2\/media?parent=11518"}],"wp:term":[{"taxonomy":"product_cat","embeddable":true,"href":"https:\/\/amira.jewelry\/en\/wp-json\/wp\/v2\/product_cat?post=11518"},{"taxonomy":"product_tag","embeddable":true,"href":"https:\/\/amira.jewelry\/en\/wp-json\/wp\/v2\/product_tag?post=11518"}],"curies":[{"name":"wp","href":"https:\/\/api.w.org\/{rel}","templated":true}]}}