



{"id":11552,"date":"2021-04-26T12:04:42","date_gmt":"2021-04-26T10:04:42","guid":{"rendered":"https:\/\/woocommerce-529299-2024980.cloudwaysapps.com\/product\/collier-argent-et-oxydes-22\/"},"modified":"2021-10-13T10:04:30","modified_gmt":"2021-10-13T08:04:30","slug":"collier-argent-et-oxydes-22","status":"publish","type":"product","link":"https:\/\/amira.jewelry\/en\/product\/collier-argent-et-oxydes-22\/","title":{"rendered":"Collier Argent et Oxyde de Zirconium"},"content":{"rendered":"<p>Jouez la carte de la couleur pour booster vos looks et misez sur l&#8217;\u00e9clat incomparable de ce collier  Avec son oxyde bleu en forme de goutte entour\u00e9 d&#8217;oxydes blancs , il habillera et sublimera votre d\u00e9collet\u00e9.<\/p>\n","protected":false},"excerpt":{"rendered":"<p>Jouez la carte de la couleur pour booster vos looks et misez sur l&#8217;\u00e9clat incomparable de ce collier  Avec son oxyde bleu en forme de goutte entour\u00e9 d&#8217;oxydes blancs , il habillera et sublimera votre d\u00e9collet\u00e9.<\/p>\n","protected":false},"featured_media":1028921,"comment_status":"open","ping_status":"closed","template":"","meta":[],"product_cat":[813],"product_tag":[],"class_list":{"0":"post-11552","1":"product","2":"type-product","3":"status-publish","4":"has-post-thumbnail","5":"hentry","6":"product_cat-collier","7":"pa_matiere-argent-925","8":"pa_modele-femme","9":"pa_pierre-principale-oxyde-de-zirconium","swatches":"rey-swatches","show_selected":""},"supplier_id":null,"supplier_sku":"","barcode":null,"atum_controlled":false,"out_stock_date":null,"out_stock_threshold":null,"inheritable":false,"inbound_stock":null,"stock_on_hold":0,"sold_today":0,"sales_last_days":0,"reserved_stock":null,"customer_returns":null,"warehouse_damage":null,"lost_in_post":null,"other_logs":null,"out_stock_days":0,"lost_sales":0,"has_location":null,"update_date":"2021-10-13T06:04:33","atum_locations":[],"atum_stock_status":"instock","restock_status":false,"low_stock_amount":"","sales_update_date":null,"calc_backorders":null,"acf":[],"_links":{"self":[{"href":"https:\/\/amira.jewelry\/en\/wp-json\/wp\/v2\/product\/11552","targetHints":{"allow":["GET"]}}],"collection":[{"href":"https:\/\/amira.jewelry\/en\/wp-json\/wp\/v2\/product"}],"about":[{"href":"https:\/\/amira.jewelry\/en\/wp-json\/wp\/v2\/types\/product"}],"replies":[{"embeddable":true,"href":"https:\/\/amira.jewelry\/en\/wp-json\/wp\/v2\/comments?post=11552"}],"wp:featuredmedia":[{"embeddable":true,"href":"https:\/\/amira.jewelry\/en\/wp-json\/wp\/v2\/media\/1028921"}],"wp:attachment":[{"href":"https:\/\/amira.jewelry\/en\/wp-json\/wp\/v2\/media?parent=11552"}],"wp:term":[{"taxonomy":"product_cat","embeddable":true,"href":"https:\/\/amira.jewelry\/en\/wp-json\/wp\/v2\/product_cat?post=11552"},{"taxonomy":"product_tag","embeddable":true,"href":"https:\/\/amira.jewelry\/en\/wp-json\/wp\/v2\/product_tag?post=11552"}],"curies":[{"name":"wp","href":"https:\/\/api.w.org\/{rel}","templated":true}]}}