



{"id":11588,"date":"2021-04-26T12:07:51","date_gmt":"2021-04-26T10:07:51","guid":{"rendered":"https:\/\/woocommerce-529299-2024980.cloudwaysapps.com\/product\/creoles-acier-2\/"},"modified":"2021-10-13T10:03:49","modified_gmt":"2021-10-13T08:03:49","slug":"creoles-acier-2","status":"publish","type":"product","link":"https:\/\/amira.jewelry\/en\/product\/creoles-acier-2\/","title":{"rendered":"Cr\u00e9oles Acier"},"content":{"rendered":"<p>Ces cr\u00e9oles en Acier dor\u00e9 strill\u00e9es  d&#8217;un diam\u00e8tre de 50 mm  seront votre plus fid\u00e8le alli\u00e9 lors de vos sorties quotidiennes ou pour les grandes occasions. Synonymes d&#8217;\u00e9l\u00e9gance, elles se portent avec des looks d\u00e9contract\u00e9s comme avec des tenues plus sophi<\/p>\n","protected":false},"excerpt":{"rendered":"<p>Ces cr\u00e9oles en Acier dor\u00e9 strill\u00e9es  d&#8217;un diam\u00e8tre de 50 mm  seront votre plus fid\u00e8le alli\u00e9 lors de vos sorties quotidiennes ou pour les grandes occasions. Synonymes d&#8217;\u00e9l\u00e9gance, elles se portent avec des looks d\u00e9contract\u00e9s comme avec des tenues plus sophi<\/p>\n","protected":false},"featured_media":1029001,"comment_status":"open","ping_status":"closed","template":"","meta":[],"product_cat":[775,818],"product_tag":[],"class_list":{"0":"post-11588","1":"product","2":"type-product","3":"status-publish","4":"has-post-thumbnail","5":"hentry","6":"product_cat-boucles-doreilles","7":"product_cat-creoles","8":"pa_matiere-acier","9":"pa_modele-femme","10":"pa_pierre-principale-acier","swatches":"rey-swatches","show_selected":""},"supplier_id":null,"supplier_sku":"","barcode":null,"atum_controlled":false,"out_stock_date":null,"out_stock_threshold":null,"inheritable":false,"inbound_stock":null,"stock_on_hold":0,"sold_today":0,"sales_last_days":0,"reserved_stock":null,"customer_returns":null,"warehouse_damage":null,"lost_in_post":null,"other_logs":null,"out_stock_days":0,"lost_sales":0,"has_location":null,"update_date":"2021-10-13T06:03:52","atum_locations":[],"atum_stock_status":"instock","restock_status":false,"low_stock_amount":"","sales_update_date":null,"calc_backorders":null,"acf":[],"_links":{"self":[{"href":"https:\/\/amira.jewelry\/en\/wp-json\/wp\/v2\/product\/11588","targetHints":{"allow":["GET"]}}],"collection":[{"href":"https:\/\/amira.jewelry\/en\/wp-json\/wp\/v2\/product"}],"about":[{"href":"https:\/\/amira.jewelry\/en\/wp-json\/wp\/v2\/types\/product"}],"replies":[{"embeddable":true,"href":"https:\/\/amira.jewelry\/en\/wp-json\/wp\/v2\/comments?post=11588"}],"wp:featuredmedia":[{"embeddable":true,"href":"https:\/\/amira.jewelry\/en\/wp-json\/wp\/v2\/media\/1029001"}],"wp:attachment":[{"href":"https:\/\/amira.jewelry\/en\/wp-json\/wp\/v2\/media?parent=11588"}],"wp:term":[{"taxonomy":"product_cat","embeddable":true,"href":"https:\/\/amira.jewelry\/en\/wp-json\/wp\/v2\/product_cat?post=11588"},{"taxonomy":"product_tag","embeddable":true,"href":"https:\/\/amira.jewelry\/en\/wp-json\/wp\/v2\/product_tag?post=11588"}],"curies":[{"name":"wp","href":"https:\/\/api.w.org\/{rel}","templated":true}]}}