



{"id":11601,"date":"2021-04-26T12:08:59","date_gmt":"2021-04-26T10:08:59","guid":{"rendered":"https:\/\/woocommerce-529299-2024980.cloudwaysapps.com\/product\/pendentif-or-350-milliemes-et-cristal\/"},"modified":"2021-10-13T10:04:35","modified_gmt":"2021-10-13T08:04:35","slug":"pendentif-or-350-milliemes-et-cristal","status":"publish","type":"product","link":"https:\/\/amira.jewelry\/en\/product\/pendentif-or-350-milliemes-et-cristal\/","title":{"rendered":"Pendentif Or 375 milli\u00e8mes et Cristal de Swarovski"},"content":{"rendered":"<p>Pour accessoiriser tous vos looks, faites le choix de ce pendentif en or jaune orn\u00e9 d&#8217;un cristal de Swaroski de couleur grenat. Un pendentif pr\u00e9cieux \u00e0 porter sur une cha\u00eene en or jaune pour le sublimer. Un must-have.<\/p>\n","protected":false},"excerpt":{"rendered":"<p>Pour accessoiriser tous vos looks, faites le choix de ce pendentif en or jaune orn\u00e9 d&#8217;un cristal de Swaroski de couleur grenat. Un pendentif pr\u00e9cieux \u00e0 porter sur une cha\u00eene en or jaune pour le sublimer. Un must-have.<\/p>\n","protected":false},"featured_media":1027321,"comment_status":"open","ping_status":"closed","template":"","meta":[],"product_cat":[813,814],"product_tag":[],"class_list":{"0":"post-11601","1":"product","2":"type-product","3":"status-publish","4":"has-post-thumbnail","5":"hentry","6":"product_cat-collier","7":"product_cat-pendentif","8":"pa_matiere-or-375-jaune","9":"pa_modele-femme","10":"pa_pierre-principale-cristal-de-swarovski","swatches":"rey-swatches","show_selected":""},"supplier_id":null,"supplier_sku":"","barcode":null,"atum_controlled":false,"out_stock_date":null,"out_stock_threshold":null,"inheritable":false,"inbound_stock":null,"stock_on_hold":0,"sold_today":0,"sales_last_days":0,"reserved_stock":null,"customer_returns":null,"warehouse_damage":null,"lost_in_post":null,"other_logs":null,"out_stock_days":0,"lost_sales":0,"has_location":null,"update_date":"2021-10-13T06:04:37","atum_locations":[],"atum_stock_status":"instock","restock_status":false,"low_stock_amount":"","sales_update_date":null,"calc_backorders":null,"acf":[],"_links":{"self":[{"href":"https:\/\/amira.jewelry\/en\/wp-json\/wp\/v2\/product\/11601","targetHints":{"allow":["GET"]}}],"collection":[{"href":"https:\/\/amira.jewelry\/en\/wp-json\/wp\/v2\/product"}],"about":[{"href":"https:\/\/amira.jewelry\/en\/wp-json\/wp\/v2\/types\/product"}],"replies":[{"embeddable":true,"href":"https:\/\/amira.jewelry\/en\/wp-json\/wp\/v2\/comments?post=11601"}],"wp:featuredmedia":[{"embeddable":true,"href":"https:\/\/amira.jewelry\/en\/wp-json\/wp\/v2\/media\/1027321"}],"wp:attachment":[{"href":"https:\/\/amira.jewelry\/en\/wp-json\/wp\/v2\/media?parent=11601"}],"wp:term":[{"taxonomy":"product_cat","embeddable":true,"href":"https:\/\/amira.jewelry\/en\/wp-json\/wp\/v2\/product_cat?post=11601"},{"taxonomy":"product_tag","embeddable":true,"href":"https:\/\/amira.jewelry\/en\/wp-json\/wp\/v2\/product_tag?post=11601"}],"curies":[{"name":"wp","href":"https:\/\/api.w.org\/{rel}","templated":true}]}}