



{"id":11712,"date":"2021-04-26T12:14:57","date_gmt":"2021-04-26T10:14:57","guid":{"rendered":"https:\/\/woocommerce-529299-2024980.cloudwaysapps.com\/product\/bague-argent-et-oxydes-64\/"},"modified":"2021-10-13T10:04:56","modified_gmt":"2021-10-13T08:04:56","slug":"bague-argent-et-oxydes-64","status":"publish","type":"product","link":"https:\/\/amira.jewelry\/en\/product\/bague-argent-et-oxydes-64\/","title":{"rendered":"Bague Argent"},"content":{"rendered":"<p>Cette bague vous s\u00e9duira par son design \u00e9pur\u00e9. \u00c0 la fois sobre et raffin\u00e9e, elle v\u00e9hicule une image de puissance et d&#8217;\u00e9l\u00e9gance.<\/p>\n","protected":false},"excerpt":{"rendered":"<p>Cette bague vous s\u00e9duira par son design \u00e9pur\u00e9. \u00c0 la fois sobre et raffin\u00e9e, elle v\u00e9hicule une image de puissance et d&#8217;\u00e9l\u00e9gance.<\/p>\n","protected":false},"featured_media":1026545,"comment_status":"open","ping_status":"closed","template":"","meta":[],"product_cat":[822,811],"product_tag":[],"class_list":{"0":"post-11712","1":"product","2":"type-product","3":"status-publish","4":"has-post-thumbnail","5":"hentry","6":"product_cat-alliance","7":"product_cat-bague","8":"pa_matiere-argent-925","9":"pa_modele-homme","10":"pa_pierre-principale-argent","11":"pa_size-54-mm-2","12":"pa_size-56-mm-2","13":"pa_size-58-mm","14":"pa_size-60-mm","15":"pa_size-62-mm","16":"pa_size-64-mm","17":"pa_size-66-mm","18":"pa_size-68-mm","19":"pa_size-70-mm","swatches":"rey-swatches","show_selected":""},"supplier_id":null,"supplier_sku":"","barcode":null,"atum_controlled":false,"out_stock_date":null,"out_stock_threshold":null,"inheritable":false,"inbound_stock":null,"stock_on_hold":0,"sold_today":0,"sales_last_days":0,"reserved_stock":null,"customer_returns":null,"warehouse_damage":null,"lost_in_post":null,"other_logs":null,"out_stock_days":0,"lost_sales":0,"has_location":null,"update_date":"2021-10-13T06:05:00","atum_locations":[],"atum_stock_status":"instock","restock_status":false,"low_stock_amount":"","sales_update_date":null,"calc_backorders":null,"acf":[],"_links":{"self":[{"href":"https:\/\/amira.jewelry\/en\/wp-json\/wp\/v2\/product\/11712","targetHints":{"allow":["GET"]}}],"collection":[{"href":"https:\/\/amira.jewelry\/en\/wp-json\/wp\/v2\/product"}],"about":[{"href":"https:\/\/amira.jewelry\/en\/wp-json\/wp\/v2\/types\/product"}],"replies":[{"embeddable":true,"href":"https:\/\/amira.jewelry\/en\/wp-json\/wp\/v2\/comments?post=11712"}],"wp:featuredmedia":[{"embeddable":true,"href":"https:\/\/amira.jewelry\/en\/wp-json\/wp\/v2\/media\/1026545"}],"wp:attachment":[{"href":"https:\/\/amira.jewelry\/en\/wp-json\/wp\/v2\/media?parent=11712"}],"wp:term":[{"taxonomy":"product_cat","embeddable":true,"href":"https:\/\/amira.jewelry\/en\/wp-json\/wp\/v2\/product_cat?post=11712"},{"taxonomy":"product_tag","embeddable":true,"href":"https:\/\/amira.jewelry\/en\/wp-json\/wp\/v2\/product_tag?post=11712"}],"curies":[{"name":"wp","href":"https:\/\/api.w.org\/{rel}","templated":true}]}}