



{"id":11777,"date":"2021-04-26T12:22:23","date_gmt":"2021-04-26T10:22:23","guid":{"rendered":"https:\/\/woocommerce-529299-2024980.cloudwaysapps.com\/product\/boucles-doreilles-argent-et-cristal-11\/"},"modified":"2021-10-13T10:04:01","modified_gmt":"2021-10-13T08:04:01","slug":"boucles-doreilles-argent-et-cristal-11","status":"publish","type":"product","link":"https:\/\/amira.jewelry\/en\/product\/boucles-doreilles-argent-et-cristal-11\/","title":{"rendered":"Boucles d&#8221;oreilles Argent et Cristal de Swarovski"},"content":{"rendered":"<p>Jouez la carte de la couleur pour accessoiriser tous vos looks et optez pour ces boucles d&#8217;oreilles en argent et cristal de Swarovski de couleur verte : discr\u00e8tes et minimalistes, elles rehausseront vos looks avec simplicit\u00e9 et f\u00e9minit\u00e9. A acheter sans h\u00e9<\/p>\n","protected":false},"excerpt":{"rendered":"<p>Jouez la carte de la couleur pour accessoiriser tous vos looks et optez pour ces boucles d&#8217;oreilles en argent et cristal de Swarovski de couleur verte : discr\u00e8tes et minimalistes, elles rehausseront vos looks avec simplicit\u00e9 et f\u00e9minit\u00e9. A acheter sans h\u00e9<\/p>\n","protected":false},"featured_media":1029523,"comment_status":"open","ping_status":"closed","template":"","meta":[],"product_cat":[775,823],"product_tag":[],"class_list":{"0":"post-11777","1":"product","2":"type-product","3":"status-publish","4":"has-post-thumbnail","5":"hentry","6":"product_cat-boucles-doreilles","7":"product_cat-puce","8":"pa_matiere-argent-925","9":"pa_modele-femme","10":"pa_pierre-principale-cristal-de-swarovski","swatches":"rey-swatches","show_selected":""},"supplier_id":null,"supplier_sku":"","barcode":null,"atum_controlled":false,"out_stock_date":null,"out_stock_threshold":null,"inheritable":false,"inbound_stock":null,"stock_on_hold":0,"sold_today":0,"sales_last_days":0,"reserved_stock":null,"customer_returns":null,"warehouse_damage":null,"lost_in_post":null,"other_logs":null,"out_stock_days":0,"lost_sales":0,"has_location":null,"update_date":"2021-10-13T06:04:05","atum_locations":[],"atum_stock_status":"instock","restock_status":false,"low_stock_amount":"","sales_update_date":null,"calc_backorders":null,"acf":[],"_links":{"self":[{"href":"https:\/\/amira.jewelry\/en\/wp-json\/wp\/v2\/product\/11777","targetHints":{"allow":["GET"]}}],"collection":[{"href":"https:\/\/amira.jewelry\/en\/wp-json\/wp\/v2\/product"}],"about":[{"href":"https:\/\/amira.jewelry\/en\/wp-json\/wp\/v2\/types\/product"}],"replies":[{"embeddable":true,"href":"https:\/\/amira.jewelry\/en\/wp-json\/wp\/v2\/comments?post=11777"}],"wp:featuredmedia":[{"embeddable":true,"href":"https:\/\/amira.jewelry\/en\/wp-json\/wp\/v2\/media\/1029523"}],"wp:attachment":[{"href":"https:\/\/amira.jewelry\/en\/wp-json\/wp\/v2\/media?parent=11777"}],"wp:term":[{"taxonomy":"product_cat","embeddable":true,"href":"https:\/\/amira.jewelry\/en\/wp-json\/wp\/v2\/product_cat?post=11777"},{"taxonomy":"product_tag","embeddable":true,"href":"https:\/\/amira.jewelry\/en\/wp-json\/wp\/v2\/product_tag?post=11777"}],"curies":[{"name":"wp","href":"https:\/\/api.w.org\/{rel}","templated":true}]}}