



{"id":12078,"date":"2021-04-26T12:48:14","date_gmt":"2021-04-26T10:48:14","guid":{"rendered":"https:\/\/woocommerce-529299-2024980.cloudwaysapps.com\/product\/boucles-doreilles-or-jaune-375-milliemes-et-cristal-2\/"},"modified":"2021-10-13T10:03:54","modified_gmt":"2021-10-13T08:03:54","slug":"boucles-doreilles-or-jaune-375-milliemes-et-cristal-2","status":"publish","type":"product","link":"https:\/\/amira.jewelry\/en\/product\/boucles-doreilles-or-jaune-375-milliemes-et-cristal-2\/","title":{"rendered":"Boucles d&#8221;oreilles Or 375 milli\u00e8mes et Cristal"},"content":{"rendered":"<p>\u00c9tincelez tout au long de la journ\u00e9e avec cette d\u00e9licate paire de boucles d&#8217;oreilles en or et  cristal.<\/p>\n","protected":false},"excerpt":{"rendered":"<p>\u00c9tincelez tout au long de la journ\u00e9e avec cette d\u00e9licate paire de boucles d&#8217;oreilles en or et  cristal.<\/p>\n","protected":false},"featured_media":1029193,"comment_status":"open","ping_status":"closed","template":"","meta":[],"product_cat":[775],"product_tag":[],"class_list":{"0":"post-12078","1":"product","2":"type-product","3":"status-publish","4":"has-post-thumbnail","5":"hentry","6":"product_cat-boucles-doreilles","7":"pa_matiere-or-375-jaune","8":"pa_modele-femme","9":"pa_pierre-principale-cristal","swatches":"rey-swatches","show_selected":""},"supplier_id":null,"supplier_sku":"","barcode":null,"atum_controlled":false,"out_stock_date":null,"out_stock_threshold":null,"inheritable":false,"inbound_stock":null,"stock_on_hold":0,"sold_today":0,"sales_last_days":0,"reserved_stock":null,"customer_returns":null,"warehouse_damage":null,"lost_in_post":null,"other_logs":null,"out_stock_days":0,"lost_sales":0,"has_location":null,"update_date":"2021-10-13T06:03:56","atum_locations":[],"atum_stock_status":"instock","restock_status":false,"low_stock_amount":"","sales_update_date":null,"calc_backorders":null,"acf":[],"_links":{"self":[{"href":"https:\/\/amira.jewelry\/en\/wp-json\/wp\/v2\/product\/12078","targetHints":{"allow":["GET"]}}],"collection":[{"href":"https:\/\/amira.jewelry\/en\/wp-json\/wp\/v2\/product"}],"about":[{"href":"https:\/\/amira.jewelry\/en\/wp-json\/wp\/v2\/types\/product"}],"replies":[{"embeddable":true,"href":"https:\/\/amira.jewelry\/en\/wp-json\/wp\/v2\/comments?post=12078"}],"wp:featuredmedia":[{"embeddable":true,"href":"https:\/\/amira.jewelry\/en\/wp-json\/wp\/v2\/media\/1029193"}],"wp:attachment":[{"href":"https:\/\/amira.jewelry\/en\/wp-json\/wp\/v2\/media?parent=12078"}],"wp:term":[{"taxonomy":"product_cat","embeddable":true,"href":"https:\/\/amira.jewelry\/en\/wp-json\/wp\/v2\/product_cat?post=12078"},{"taxonomy":"product_tag","embeddable":true,"href":"https:\/\/amira.jewelry\/en\/wp-json\/wp\/v2\/product_tag?post=12078"}],"curies":[{"name":"wp","href":"https:\/\/api.w.org\/{rel}","templated":true}]}}