



{"id":12132,"date":"2021-04-26T12:51:05","date_gmt":"2021-04-26T10:51:05","guid":{"rendered":"https:\/\/woocommerce-529299-2024980.cloudwaysapps.com\/product\/collier-or-blanc-375-milliemes-diamants-et-saphir\/"},"modified":"2021-10-13T10:04:18","modified_gmt":"2021-10-13T08:04:18","slug":"collier-or-blanc-375-milliemes-diamants-et-saphir","status":"publish","type":"product","link":"https:\/\/amira.jewelry\/en\/product\/collier-or-blanc-375-milliemes-diamants-et-saphir\/","title":{"rendered":"Collier Or 375 milli\u00e8mes Saphir et Diamant"},"content":{"rendered":"<p>Compl\u00e9tez votre tenue avec ce ravissant collier en or . Ces lignes agr\u00e9ment\u00e9es de diamants et surmont\u00e9es d&#8217;un saphir aux reflets outremer sont un v\u00e9ritable atout s\u00e9duction.<\/p>\n","protected":false},"excerpt":{"rendered":"<p>Compl\u00e9tez votre tenue avec ce ravissant collier en or . Ces lignes agr\u00e9ment\u00e9es de diamants et surmont\u00e9es d&#8217;un saphir aux reflets outremer sont un v\u00e9ritable atout s\u00e9duction.<\/p>\n","protected":false},"featured_media":1028339,"comment_status":"open","ping_status":"closed","template":"","meta":[],"product_cat":[813],"product_tag":[],"class_list":{"0":"post-12132","1":"product","2":"type-product","3":"status-publish","4":"has-post-thumbnail","5":"hentry","6":"product_cat-collier","7":"pa_matiere-or-375-blanc","8":"pa_modele-femme","9":"pa_pierre-principale-diamant-saphir","swatches":"rey-swatches","show_selected":""},"supplier_id":null,"supplier_sku":"","barcode":null,"atum_controlled":false,"out_stock_date":null,"out_stock_threshold":null,"inheritable":false,"inbound_stock":null,"stock_on_hold":0,"sold_today":0,"sales_last_days":0,"reserved_stock":null,"customer_returns":null,"warehouse_damage":null,"lost_in_post":null,"other_logs":null,"out_stock_days":0,"lost_sales":0,"has_location":null,"update_date":"2021-10-13T06:04:21","atum_locations":[],"atum_stock_status":"instock","restock_status":false,"low_stock_amount":"","sales_update_date":null,"calc_backorders":null,"acf":[],"_links":{"self":[{"href":"https:\/\/amira.jewelry\/en\/wp-json\/wp\/v2\/product\/12132","targetHints":{"allow":["GET"]}}],"collection":[{"href":"https:\/\/amira.jewelry\/en\/wp-json\/wp\/v2\/product"}],"about":[{"href":"https:\/\/amira.jewelry\/en\/wp-json\/wp\/v2\/types\/product"}],"replies":[{"embeddable":true,"href":"https:\/\/amira.jewelry\/en\/wp-json\/wp\/v2\/comments?post=12132"}],"wp:featuredmedia":[{"embeddable":true,"href":"https:\/\/amira.jewelry\/en\/wp-json\/wp\/v2\/media\/1028339"}],"wp:attachment":[{"href":"https:\/\/amira.jewelry\/en\/wp-json\/wp\/v2\/media?parent=12132"}],"wp:term":[{"taxonomy":"product_cat","embeddable":true,"href":"https:\/\/amira.jewelry\/en\/wp-json\/wp\/v2\/product_cat?post=12132"},{"taxonomy":"product_tag","embeddable":true,"href":"https:\/\/amira.jewelry\/en\/wp-json\/wp\/v2\/product_tag?post=12132"}],"curies":[{"name":"wp","href":"https:\/\/api.w.org\/{rel}","templated":true}]}}