



{"id":12217,"date":"2021-04-26T12:55:24","date_gmt":"2021-04-26T10:55:24","guid":{"rendered":"https:\/\/woocommerce-529299-2024980.cloudwaysapps.com\/product\/boucles-doreilles-or-jaune-375-milliemes-3\/"},"modified":"2021-10-13T10:03:54","modified_gmt":"2021-10-13T08:03:54","slug":"boucles-doreilles-or-jaune-375-milliemes-3","status":"publish","type":"product","link":"https:\/\/amira.jewelry\/en\/product\/boucles-doreilles-or-jaune-375-milliemes-3\/","title":{"rendered":"Boucles d&#8221;oreilles Or 375 milli\u00e8mes et Quartz"},"content":{"rendered":"<p>Douceur et f\u00e9minit\u00e9 pour ces boucles d&#8217;oreilles en or orn\u00e9es de quartz fum\u00e9 qui \u00e9claireront \u00e0 merveille tous vos looks !<\/p>\n","protected":false},"excerpt":{"rendered":"<p>Douceur et f\u00e9minit\u00e9 pour ces boucles d&#8217;oreilles en or orn\u00e9es de quartz fum\u00e9 qui \u00e9claireront \u00e0 merveille tous vos looks !<\/p>\n","protected":false},"featured_media":1029277,"comment_status":"open","ping_status":"closed","template":"","meta":[],"product_cat":[775,821],"product_tag":[],"class_list":{"0":"post-12217","1":"product","2":"type-product","3":"status-publish","4":"has-post-thumbnail","5":"hentry","6":"product_cat-boucles-doreilles","7":"product_cat-pendantes","8":"pa_matiere-or-375-jaune","9":"pa_modele-femme","10":"pa_pierre-principale-quartz","swatches":"rey-swatches","show_selected":""},"supplier_id":null,"supplier_sku":"","barcode":null,"atum_controlled":false,"out_stock_date":null,"out_stock_threshold":null,"inheritable":false,"inbound_stock":null,"stock_on_hold":0,"sold_today":0,"sales_last_days":0,"reserved_stock":null,"customer_returns":null,"warehouse_damage":null,"lost_in_post":null,"other_logs":null,"out_stock_days":0,"lost_sales":0,"has_location":null,"update_date":"2021-10-13T06:03:56","atum_locations":[],"atum_stock_status":"instock","restock_status":false,"low_stock_amount":"","sales_update_date":null,"calc_backorders":null,"acf":[],"_links":{"self":[{"href":"https:\/\/amira.jewelry\/en\/wp-json\/wp\/v2\/product\/12217","targetHints":{"allow":["GET"]}}],"collection":[{"href":"https:\/\/amira.jewelry\/en\/wp-json\/wp\/v2\/product"}],"about":[{"href":"https:\/\/amira.jewelry\/en\/wp-json\/wp\/v2\/types\/product"}],"replies":[{"embeddable":true,"href":"https:\/\/amira.jewelry\/en\/wp-json\/wp\/v2\/comments?post=12217"}],"wp:featuredmedia":[{"embeddable":true,"href":"https:\/\/amira.jewelry\/en\/wp-json\/wp\/v2\/media\/1029277"}],"wp:attachment":[{"href":"https:\/\/amira.jewelry\/en\/wp-json\/wp\/v2\/media?parent=12217"}],"wp:term":[{"taxonomy":"product_cat","embeddable":true,"href":"https:\/\/amira.jewelry\/en\/wp-json\/wp\/v2\/product_cat?post=12217"},{"taxonomy":"product_tag","embeddable":true,"href":"https:\/\/amira.jewelry\/en\/wp-json\/wp\/v2\/product_tag?post=12217"}],"curies":[{"name":"wp","href":"https:\/\/api.w.org\/{rel}","templated":true}]}}