



{"id":12267,"date":"2021-04-26T12:58:57","date_gmt":"2021-04-26T10:58:57","guid":{"rendered":"https:\/\/woocommerce-529299-2024980.cloudwaysapps.com\/product\/pendentif-or-jaune-375-milliemes-et-diamants\/"},"modified":"2021-10-13T10:04:35","modified_gmt":"2021-10-13T08:04:35","slug":"pendentif-or-jaune-375-milliemes-et-diamants","status":"publish","type":"product","link":"https:\/\/amira.jewelry\/en\/product\/pendentif-or-jaune-375-milliemes-et-diamants\/","title":{"rendered":"Pendentif Or 375 milli\u00e8mes Saphir et Diamant"},"content":{"rendered":"<p>Succombez \u00e0 ce superbe pendentif en or en forme de c\u0153ur, orn\u00e9 d&#8217;un saphier et serti de diamants. Son design original attire le regard. Un bijou plein d\u2019amour et de tendresse \u00e0 offrir ou \u00e0 se faire offrir.<\/p>\n","protected":false},"excerpt":{"rendered":"<p>Succombez \u00e0 ce superbe pendentif en or en forme de c\u0153ur, orn\u00e9 d&#8217;un saphier et serti de diamants. Son design original attire le regard. Un bijou plein d\u2019amour et de tendresse \u00e0 offrir ou \u00e0 se faire offrir.<\/p>\n","protected":false},"featured_media":1027291,"comment_status":"open","ping_status":"closed","template":"","meta":[],"product_cat":[813,814],"product_tag":[],"class_list":{"0":"post-12267","1":"product","2":"type-product","3":"status-publish","4":"has-post-thumbnail","5":"hentry","6":"product_cat-collier","7":"product_cat-pendentif","8":"pa_matiere-or-375-jaune","9":"pa_modele-femme","10":"pa_pierre-principale-diamant-saphir","swatches":"rey-swatches","show_selected":""},"supplier_id":null,"supplier_sku":"","barcode":null,"atum_controlled":false,"out_stock_date":null,"out_stock_threshold":null,"inheritable":false,"inbound_stock":null,"stock_on_hold":1,"sold_today":0,"sales_last_days":1,"reserved_stock":null,"customer_returns":null,"warehouse_damage":null,"lost_in_post":null,"other_logs":null,"out_stock_days":0,"lost_sales":0,"has_location":null,"update_date":"2021-10-13T06:04:37","atum_locations":[],"atum_stock_status":"outofstock","restock_status":false,"low_stock_amount":"","sales_update_date":null,"calc_backorders":null,"acf":[],"_links":{"self":[{"href":"https:\/\/amira.jewelry\/en\/wp-json\/wp\/v2\/product\/12267","targetHints":{"allow":["GET"]}}],"collection":[{"href":"https:\/\/amira.jewelry\/en\/wp-json\/wp\/v2\/product"}],"about":[{"href":"https:\/\/amira.jewelry\/en\/wp-json\/wp\/v2\/types\/product"}],"replies":[{"embeddable":true,"href":"https:\/\/amira.jewelry\/en\/wp-json\/wp\/v2\/comments?post=12267"}],"wp:featuredmedia":[{"embeddable":true,"href":"https:\/\/amira.jewelry\/en\/wp-json\/wp\/v2\/media\/1027291"}],"wp:attachment":[{"href":"https:\/\/amira.jewelry\/en\/wp-json\/wp\/v2\/media?parent=12267"}],"wp:term":[{"taxonomy":"product_cat","embeddable":true,"href":"https:\/\/amira.jewelry\/en\/wp-json\/wp\/v2\/product_cat?post=12267"},{"taxonomy":"product_tag","embeddable":true,"href":"https:\/\/amira.jewelry\/en\/wp-json\/wp\/v2\/product_tag?post=12267"}],"curies":[{"name":"wp","href":"https:\/\/api.w.org\/{rel}","templated":true}]}}