



{"id":12270,"date":"2021-04-26T17:59:11","date_gmt":"2021-04-26T10:59:11","guid":{"rendered":"https:\/\/woocommerce-529299-2024980.cloudwaysapps.com\/product\/bracelet-or-jaune-375-milliemes-6\/"},"modified":"2021-10-13T10:03:34","modified_gmt":"2021-10-13T08:03:34","slug":"bracelet-or-jaune-375-milliemes-6","status":"publish","type":"product","link":"https:\/\/amira.jewelry\/en\/product\/bracelet-or-jaune-375-milliemes-6\/","title":{"rendered":"Bracelet Cordon Or 375 milli\u00e8mes et Amethyste"},"content":{"rendered":"<p>Jouez la carte du chic minimaliste pour vos bijoux et craquez pour ce bracelet en cordon et am\u00e9thyste . \u00c0 acheter sans h\u00e9siter !<\/p>\n","protected":false},"excerpt":{"rendered":"<p>Jouez la carte du chic minimaliste pour vos bijoux et craquez pour ce bracelet en cordon et am\u00e9thyste . \u00c0 acheter sans h\u00e9siter !<\/p>\n","protected":false},"featured_media":1027509,"comment_status":"open","ping_status":"closed","template":"","meta":[],"product_cat":[809,816],"product_tag":[],"class_list":{"0":"post-12270","1":"product","2":"type-product","3":"status-publish","4":"has-post-thumbnail","5":"hentry","6":"product_cat-bracelet","7":"product_cat-cordon","8":"pa_matiere-or-375-jaune","9":"pa_modele-femme","10":"pa_pierre-principale-amethyste","swatches":"rey-swatches","show_selected":""},"supplier_id":null,"supplier_sku":"","barcode":null,"atum_controlled":false,"out_stock_date":null,"out_stock_threshold":null,"inheritable":false,"inbound_stock":null,"stock_on_hold":0,"sold_today":0,"sales_last_days":0,"reserved_stock":null,"customer_returns":null,"warehouse_damage":null,"lost_in_post":null,"other_logs":null,"out_stock_days":0,"lost_sales":0,"has_location":null,"update_date":"2021-10-13T06:03:36","atum_locations":[],"atum_stock_status":"outofstock","restock_status":false,"low_stock_amount":"","sales_update_date":null,"calc_backorders":null,"acf":[],"_links":{"self":[{"href":"https:\/\/amira.jewelry\/en\/wp-json\/wp\/v2\/product\/12270","targetHints":{"allow":["GET"]}}],"collection":[{"href":"https:\/\/amira.jewelry\/en\/wp-json\/wp\/v2\/product"}],"about":[{"href":"https:\/\/amira.jewelry\/en\/wp-json\/wp\/v2\/types\/product"}],"replies":[{"embeddable":true,"href":"https:\/\/amira.jewelry\/en\/wp-json\/wp\/v2\/comments?post=12270"}],"wp:featuredmedia":[{"embeddable":true,"href":"https:\/\/amira.jewelry\/en\/wp-json\/wp\/v2\/media\/1027509"}],"wp:attachment":[{"href":"https:\/\/amira.jewelry\/en\/wp-json\/wp\/v2\/media?parent=12270"}],"wp:term":[{"taxonomy":"product_cat","embeddable":true,"href":"https:\/\/amira.jewelry\/en\/wp-json\/wp\/v2\/product_cat?post=12270"},{"taxonomy":"product_tag","embeddable":true,"href":"https:\/\/amira.jewelry\/en\/wp-json\/wp\/v2\/product_tag?post=12270"}],"curies":[{"name":"wp","href":"https:\/\/api.w.org\/{rel}","templated":true}]}}