



{"id":12273,"date":"2021-04-26T12:59:19","date_gmt":"2021-04-26T10:59:19","guid":{"rendered":"https:\/\/woocommerce-529299-2024980.cloudwaysapps.com\/product\/bracelet-homme-acier-et-or-jaune-750-milliemes\/"},"modified":"2021-10-13T10:12:57","modified_gmt":"2021-10-13T08:12:57","slug":"bracelet-homme-acier-et-or-jaune-750-milliemes","status":"publish","type":"product","link":"https:\/\/amira.jewelry\/en\/product\/bracelet-homme-acier-et-or-jaune-750-milliemes\/","title":{"rendered":"Bracelet Aciet et Cuir"},"content":{"rendered":"<p>Sobre et \u00e9l\u00e9gant, ce bracelet pour homme accessoirisera tous vos looks \u00e0 merveille. Craquez pour le mariage subtil et raffin\u00e9 du cuir et de l&#8217;Acier pour apporter une touche de style suppl\u00e9mentaire \u00e0 vos looks en toutes circonstances !<\/p>\n","protected":false},"excerpt":{"rendered":"<p>Sobre et \u00e9l\u00e9gant, ce bracelet pour homme accessoirisera tous vos looks \u00e0 merveille. Craquez pour le mariage subtil et raffin\u00e9 du cuir et de l&#8217;Acier pour apporter une touche de style suppl\u00e9mentaire \u00e0 vos looks en toutes circonstances !<\/p>\n","protected":false},"featured_media":1027449,"comment_status":"open","ping_status":"closed","template":"","meta":[],"product_cat":[809,817],"product_tag":[],"class_list":{"0":"post-12273","1":"product","2":"type-product","3":"status-publish","4":"has-post-thumbnail","5":"hentry","6":"product_cat-bracelet","7":"product_cat-cuir","8":"pa_matiere-or-750-jaune","9":"pa_modele-homme","10":"pa_pierre-principale-acier","swatches":"rey-swatches","show_selected":""},"supplier_id":null,"supplier_sku":"","barcode":null,"atum_controlled":false,"out_stock_date":null,"out_stock_threshold":null,"inheritable":false,"inbound_stock":null,"stock_on_hold":0,"sold_today":0,"sales_last_days":0,"reserved_stock":null,"customer_returns":null,"warehouse_damage":null,"lost_in_post":null,"other_logs":null,"out_stock_days":0,"lost_sales":0,"has_location":false,"update_date":"2021-10-13T06:12:58","atum_locations":[],"atum_stock_status":"instock","restock_status":false,"low_stock_amount":"","sales_update_date":null,"calc_backorders":null,"acf":[],"_links":{"self":[{"href":"https:\/\/amira.jewelry\/en\/wp-json\/wp\/v2\/product\/12273","targetHints":{"allow":["GET"]}}],"collection":[{"href":"https:\/\/amira.jewelry\/en\/wp-json\/wp\/v2\/product"}],"about":[{"href":"https:\/\/amira.jewelry\/en\/wp-json\/wp\/v2\/types\/product"}],"replies":[{"embeddable":true,"href":"https:\/\/amira.jewelry\/en\/wp-json\/wp\/v2\/comments?post=12273"}],"wp:featuredmedia":[{"embeddable":true,"href":"https:\/\/amira.jewelry\/en\/wp-json\/wp\/v2\/media\/1027449"}],"wp:attachment":[{"href":"https:\/\/amira.jewelry\/en\/wp-json\/wp\/v2\/media?parent=12273"}],"wp:term":[{"taxonomy":"product_cat","embeddable":true,"href":"https:\/\/amira.jewelry\/en\/wp-json\/wp\/v2\/product_cat?post=12273"},{"taxonomy":"product_tag","embeddable":true,"href":"https:\/\/amira.jewelry\/en\/wp-json\/wp\/v2\/product_tag?post=12273"}],"curies":[{"name":"wp","href":"https:\/\/api.w.org\/{rel}","templated":true}]}}