



{"id":12539,"date":"2021-04-26T13:27:18","date_gmt":"2021-04-26T11:27:18","guid":{"rendered":"https:\/\/woocommerce-529299-2024980.cloudwaysapps.com\/product\/bague-or-jaune-750-milliemes-et-diamants-3\/"},"modified":"2022-09-28T00:06:51","modified_gmt":"2022-09-27T22:06:51","slug":"bague-or-jaune-750-milliemes-et-diamants-3","status":"publish","type":"product","link":"https:\/\/amira.jewelry\/en\/product\/bague-or-jaune-750-milliemes-et-diamants-3\/","title":{"rendered":"Bague Or 750 milli\u00e8mes Saphir et Diamant"},"content":{"rendered":"<p>Courbes et f\u00e9minit\u00e9 pour cette bague en or jaune 750 milli\u00e8me . Mention sp\u00e9ciale pour son design entrelac\u00e9 original et pour l&#8217;\u00e9clat du saphir qui la pare.<\/p>\n","protected":false},"excerpt":{"rendered":"<p>Courbes et f\u00e9minit\u00e9 pour cette bague en or jaune 750 milli\u00e8me . Mention sp\u00e9ciale pour son design entrelac\u00e9 original et pour l&#8217;\u00e9clat du saphir qui la pare.<\/p>\n","protected":false},"featured_media":1026155,"comment_status":"open","ping_status":"closed","template":"","meta":[],"product_cat":[811,815],"product_tag":[],"class_list":{"0":"post-12539","1":"product","2":"type-product","3":"status-publish","4":"has-post-thumbnail","5":"hentry","6":"product_cat-bague","7":"product_cat-solitaire","8":"pa_matiere-or-750-jaune","9":"pa_modele-femme","10":"pa_pierre-principale-diamant-saphir","11":"pa_size-48-mm","12":"pa_size-49-mm","13":"pa_size-50-mm","14":"pa_size-51-mm","15":"pa_size-52-mm-2","16":"pa_size-54-mm-2","17":"pa_size-56-mm-2","18":"pa_size-57-mm","19":"pa_size-58-mm","20":"pa_size-59-mm","21":"pa_size-60-mm","22":"pa_size-62-mm","swatches":"rey-swatches","show_selected":""},"supplier_id":null,"supplier_sku":"","barcode":null,"atum_controlled":false,"out_stock_date":null,"out_stock_threshold":null,"inheritable":false,"inbound_stock":null,"stock_on_hold":0,"sold_today":0,"sales_last_days":0,"reserved_stock":null,"customer_returns":null,"warehouse_damage":null,"lost_in_post":null,"other_logs":null,"out_stock_days":0,"lost_sales":0,"has_location":null,"update_date":"2022-09-27T20:06:55","atum_locations":[],"atum_stock_status":"instock","restock_status":false,"low_stock_amount":"","sales_update_date":null,"calc_backorders":null,"acf":[],"_links":{"self":[{"href":"https:\/\/amira.jewelry\/en\/wp-json\/wp\/v2\/product\/12539","targetHints":{"allow":["GET"]}}],"collection":[{"href":"https:\/\/amira.jewelry\/en\/wp-json\/wp\/v2\/product"}],"about":[{"href":"https:\/\/amira.jewelry\/en\/wp-json\/wp\/v2\/types\/product"}],"replies":[{"embeddable":true,"href":"https:\/\/amira.jewelry\/en\/wp-json\/wp\/v2\/comments?post=12539"}],"wp:featuredmedia":[{"embeddable":true,"href":"https:\/\/amira.jewelry\/en\/wp-json\/wp\/v2\/media\/1026155"}],"wp:attachment":[{"href":"https:\/\/amira.jewelry\/en\/wp-json\/wp\/v2\/media?parent=12539"}],"wp:term":[{"taxonomy":"product_cat","embeddable":true,"href":"https:\/\/amira.jewelry\/en\/wp-json\/wp\/v2\/product_cat?post=12539"},{"taxonomy":"product_tag","embeddable":true,"href":"https:\/\/amira.jewelry\/en\/wp-json\/wp\/v2\/product_tag?post=12539"}],"curies":[{"name":"wp","href":"https:\/\/api.w.org\/{rel}","templated":true}]}}