



{"id":12589,"date":"2021-04-26T13:30:04","date_gmt":"2021-04-26T11:30:04","guid":{"rendered":"https:\/\/woocommerce-529299-2024980.cloudwaysapps.com\/product\/bague-or-jaune-750-milliemes-et-oxydes-6\/"},"modified":"2021-10-13T10:04:47","modified_gmt":"2021-10-13T08:04:47","slug":"bague-or-jaune-750-milliemes-et-oxydes-6-2","status":"publish","type":"product","link":"https:\/\/amira.jewelry\/en\/product\/bague-or-jaune-750-milliemes-et-oxydes-6-2\/","title":{"rendered":"Bague Or 750 milli\u00e8mes et Oxyde de Zirconium"},"content":{"rendered":"<p>Intemporel et r\u00e9solument chic, ce solitaire en or jaune serti d&#8217;oxydes sublimera vos mains et vos gestes de la plus belle des mani\u00e8res.<\/p>\n","protected":false},"excerpt":{"rendered":"<p>Intemporel et r\u00e9solument chic, ce solitaire en or jaune serti d&#8217;oxydes sublimera vos mains et vos gestes de la plus belle des mani\u00e8res.<\/p>\n","protected":false},"featured_media":1026257,"comment_status":"open","ping_status":"closed","template":"","meta":[],"product_cat":[811,815],"product_tag":[],"class_list":{"0":"post-12589","1":"product","2":"type-product","3":"status-publish","4":"has-post-thumbnail","5":"hentry","6":"product_cat-bague","7":"product_cat-solitaire","8":"pa_matiere-or-750-jaune","9":"pa_modele-femme","10":"pa_pierre-principale-oxyde","11":"pa_size-49-mm","12":"pa_size-50-mm","13":"pa_size-52-mm-2","14":"pa_size-53-mm-2","15":"pa_size-54-mm-2","16":"pa_size-56-mm-2","17":"pa_size-57-mm","18":"pa_size-58-mm","19":"pa_size-60-mm","swatches":"rey-swatches","show_selected":""},"supplier_id":null,"supplier_sku":"","barcode":null,"atum_controlled":false,"out_stock_date":null,"out_stock_threshold":null,"inheritable":false,"inbound_stock":null,"stock_on_hold":1,"sold_today":1,"sales_last_days":1,"reserved_stock":null,"customer_returns":null,"warehouse_damage":null,"lost_in_post":null,"other_logs":null,"out_stock_days":0,"lost_sales":0,"has_location":null,"update_date":"2021-10-13T06:04:50","atum_locations":[],"atum_stock_status":"instock","restock_status":false,"low_stock_amount":"","sales_update_date":null,"calc_backorders":null,"acf":[],"_links":{"self":[{"href":"https:\/\/amira.jewelry\/en\/wp-json\/wp\/v2\/product\/12589","targetHints":{"allow":["GET"]}}],"collection":[{"href":"https:\/\/amira.jewelry\/en\/wp-json\/wp\/v2\/product"}],"about":[{"href":"https:\/\/amira.jewelry\/en\/wp-json\/wp\/v2\/types\/product"}],"replies":[{"embeddable":true,"href":"https:\/\/amira.jewelry\/en\/wp-json\/wp\/v2\/comments?post=12589"}],"wp:featuredmedia":[{"embeddable":true,"href":"https:\/\/amira.jewelry\/en\/wp-json\/wp\/v2\/media\/1026257"}],"wp:attachment":[{"href":"https:\/\/amira.jewelry\/en\/wp-json\/wp\/v2\/media?parent=12589"}],"wp:term":[{"taxonomy":"product_cat","embeddable":true,"href":"https:\/\/amira.jewelry\/en\/wp-json\/wp\/v2\/product_cat?post=12589"},{"taxonomy":"product_tag","embeddable":true,"href":"https:\/\/amira.jewelry\/en\/wp-json\/wp\/v2\/product_tag?post=12589"}],"curies":[{"name":"wp","href":"https:\/\/api.w.org\/{rel}","templated":true}]}}