



{"id":12592,"date":"2021-04-26T13:30:49","date_gmt":"2021-04-26T11:30:49","guid":{"rendered":"https:\/\/woocommerce-529299-2024980.cloudwaysapps.com\/product\/bague-or-blanc-375-milliemes-et-oxydes-5\/"},"modified":"2021-10-13T10:04:48","modified_gmt":"2021-10-13T08:04:48","slug":"bague-or-blanc-375-milliemes-et-oxydes-5","status":"publish","type":"product","link":"https:\/\/amira.jewelry\/en\/product\/bague-or-blanc-375-milliemes-et-oxydes-5\/","title":{"rendered":"Bague Or 375 milli\u00e8mes et Oxyde de Zirconium"},"content":{"rendered":"<p>Deux courbes qui viennent d\u00e9licatement s&#8217;entrelacer sur notre doigt, rien de tel pour habiller nos gestes de chic et de f\u00e9minit\u00e9 : cette bague en or blanc est sertie de diamants.  Une bague r\u00e9solument must-have<\/p>\n","protected":false},"excerpt":{"rendered":"<p>Deux courbes qui viennent d\u00e9licatement s&#8217;entrelacer sur notre doigt, rien de tel pour habiller nos gestes de chic et de f\u00e9minit\u00e9 : cette bague en or blanc est sertie de diamants.  Une bague r\u00e9solument must-have<\/p>\n","protected":false},"featured_media":1026275,"comment_status":"open","ping_status":"closed","template":"","meta":[],"product_cat":[811],"product_tag":[],"class_list":{"0":"post-12592","1":"product","2":"type-product","3":"status-publish","4":"has-post-thumbnail","5":"hentry","6":"product_cat-bague","7":"pa_matiere-or-375-blanc","8":"pa_modele-femme","9":"pa_pierre-principale-diamant","10":"pa_size-48-mm","11":"pa_size-49-mm","12":"pa_size-50-mm","13":"pa_size-51-mm","14":"pa_size-52-mm-2","15":"pa_size-53-mm-2","16":"pa_size-54-mm-2","17":"pa_size-55-mm","18":"pa_size-56-mm-2","19":"pa_size-57-mm","20":"pa_size-58-mm","21":"pa_size-59-mm","22":"pa_size-60-mm","23":"pa_size-61-mm","24":"pa_size-62-mm","swatches":"rey-swatches","show_selected":""},"supplier_id":null,"supplier_sku":"","barcode":null,"atum_controlled":false,"out_stock_date":null,"out_stock_threshold":null,"inheritable":false,"inbound_stock":null,"stock_on_hold":0,"sold_today":0,"sales_last_days":0,"reserved_stock":null,"customer_returns":null,"warehouse_damage":null,"lost_in_post":null,"other_logs":null,"out_stock_days":0,"lost_sales":0,"has_location":null,"update_date":"2021-10-13T06:04:50","atum_locations":[],"atum_stock_status":"instock","restock_status":false,"low_stock_amount":"","sales_update_date":null,"calc_backorders":null,"acf":[],"_links":{"self":[{"href":"https:\/\/amira.jewelry\/en\/wp-json\/wp\/v2\/product\/12592","targetHints":{"allow":["GET"]}}],"collection":[{"href":"https:\/\/amira.jewelry\/en\/wp-json\/wp\/v2\/product"}],"about":[{"href":"https:\/\/amira.jewelry\/en\/wp-json\/wp\/v2\/types\/product"}],"replies":[{"embeddable":true,"href":"https:\/\/amira.jewelry\/en\/wp-json\/wp\/v2\/comments?post=12592"}],"wp:featuredmedia":[{"embeddable":true,"href":"https:\/\/amira.jewelry\/en\/wp-json\/wp\/v2\/media\/1026275"}],"wp:attachment":[{"href":"https:\/\/amira.jewelry\/en\/wp-json\/wp\/v2\/media?parent=12592"}],"wp:term":[{"taxonomy":"product_cat","embeddable":true,"href":"https:\/\/amira.jewelry\/en\/wp-json\/wp\/v2\/product_cat?post=12592"},{"taxonomy":"product_tag","embeddable":true,"href":"https:\/\/amira.jewelry\/en\/wp-json\/wp\/v2\/product_tag?post=12592"}],"curies":[{"name":"wp","href":"https:\/\/api.w.org\/{rel}","templated":true}]}}