



{"id":12819,"date":"2021-04-26T13:55:14","date_gmt":"2021-04-26T11:55:14","guid":{"rendered":"https:\/\/woocommerce-529299-2024980.cloudwaysapps.com\/product\/bague-or-jaune-375-milliemes-et-oxydes-28\/"},"modified":"2021-10-13T10:04:48","modified_gmt":"2021-10-13T08:04:48","slug":"bague-or-jaune-375-milliemes-et-oxydes-28","status":"publish","type":"product","link":"https:\/\/amira.jewelry\/en\/product\/bague-or-jaune-375-milliemes-et-oxydes-28\/","title":{"rendered":"Bague Or 375 milli\u00e8mes et Oxyde de Zirconium"},"content":{"rendered":"<p>D\u00e9licate et intemporelle, cette sublime bague en or jaune rehaussera votre f\u00e9minit\u00e9 et affirmera votre caract\u00e8re en toute subtilit\u00e9. On adore le magnifique oxyde bleu mont\u00e9 sur griffes , entour\u00e9 d&#8217;oyydes blancs  \u00e9clatants.<\/p>\n","protected":false},"excerpt":{"rendered":"<p>D\u00e9licate et intemporelle, cette sublime bague en or jaune rehaussera votre f\u00e9minit\u00e9 et affirmera votre caract\u00e8re en toute subtilit\u00e9. On adore le magnifique oxyde bleu mont\u00e9 sur griffes , entour\u00e9 d&#8217;oyydes blancs  \u00e9clatants.<\/p>\n","protected":false},"featured_media":1026323,"comment_status":"open","ping_status":"closed","template":"","meta":[],"product_cat":[811],"product_tag":[],"class_list":{"0":"post-12819","1":"product","2":"type-product","3":"status-publish","4":"has-post-thumbnail","5":"hentry","6":"product_cat-bague","7":"pa_matiere-or-375-jaune","8":"pa_modele-femme","9":"pa_pierre-principale-oxyde-de-zirconium","10":"pa_size-52-mm-2","11":"pa_size-54-mm-2","12":"pa_size-56-mm-2","swatches":"rey-swatches","show_selected":""},"supplier_id":null,"supplier_sku":"","barcode":null,"atum_controlled":false,"out_stock_date":null,"out_stock_threshold":null,"inheritable":false,"inbound_stock":null,"stock_on_hold":0,"sold_today":0,"sales_last_days":0,"reserved_stock":null,"customer_returns":null,"warehouse_damage":null,"lost_in_post":null,"other_logs":null,"out_stock_days":0,"lost_sales":0,"has_location":null,"update_date":"2021-10-13T06:04:50","atum_locations":[],"atum_stock_status":"instock","restock_status":false,"low_stock_amount":"","sales_update_date":null,"calc_backorders":null,"acf":[],"_links":{"self":[{"href":"https:\/\/amira.jewelry\/en\/wp-json\/wp\/v2\/product\/12819","targetHints":{"allow":["GET"]}}],"collection":[{"href":"https:\/\/amira.jewelry\/en\/wp-json\/wp\/v2\/product"}],"about":[{"href":"https:\/\/amira.jewelry\/en\/wp-json\/wp\/v2\/types\/product"}],"replies":[{"embeddable":true,"href":"https:\/\/amira.jewelry\/en\/wp-json\/wp\/v2\/comments?post=12819"}],"wp:featuredmedia":[{"embeddable":true,"href":"https:\/\/amira.jewelry\/en\/wp-json\/wp\/v2\/media\/1026323"}],"wp:attachment":[{"href":"https:\/\/amira.jewelry\/en\/wp-json\/wp\/v2\/media?parent=12819"}],"wp:term":[{"taxonomy":"product_cat","embeddable":true,"href":"https:\/\/amira.jewelry\/en\/wp-json\/wp\/v2\/product_cat?post=12819"},{"taxonomy":"product_tag","embeddable":true,"href":"https:\/\/amira.jewelry\/en\/wp-json\/wp\/v2\/product_tag?post=12819"}],"curies":[{"name":"wp","href":"https:\/\/api.w.org\/{rel}","templated":true}]}}