



{"id":12845,"date":"2021-04-26T14:06:56","date_gmt":"2021-04-26T12:06:56","guid":{"rendered":"https:\/\/woocommerce-529299-2024980.cloudwaysapps.com\/product\/bracelet-jonc-ceramique\/"},"modified":"2021-10-13T10:03:47","modified_gmt":"2021-10-13T08:03:47","slug":"bracelet-jonc-ceramique","status":"publish","type":"product","link":"https:\/\/amira.jewelry\/en\/product\/bracelet-jonc-ceramique\/","title":{"rendered":"Bracelet Jonc Argent et C\u00e9ramique"},"content":{"rendered":"<p>Optez pour l&#8217;originalit\u00e9 avec ce bracelet jonc en c\u00e9ramique noire  au style tr\u00e8s tendance. La puret\u00e9 de son design ajoutera  une note de modernit\u00e9  \u00e0 votre look!<\/p>\n","protected":false},"excerpt":{"rendered":"<p>Optez pour l&#8217;originalit\u00e9 avec ce bracelet jonc en c\u00e9ramique noire  au style tr\u00e8s tendance. La puret\u00e9 de son design ajoutera  une note de modernit\u00e9  \u00e0 votre look!<\/p>\n","protected":false},"featured_media":1028097,"comment_status":"open","ping_status":"closed","template":"","meta":[],"product_cat":[809,810],"product_tag":[],"class_list":{"0":"post-12845","1":"product","2":"type-product","3":"status-publish","4":"has-post-thumbnail","5":"hentry","6":"product_cat-bracelet","7":"product_cat-jonc","8":"pa_matiere-argent-925","9":"pa_modele-femme","10":"pa_pierre-principale-argent-ceramique","swatches":"rey-swatches","show_selected":""},"supplier_id":null,"supplier_sku":"","barcode":null,"atum_controlled":false,"out_stock_date":null,"out_stock_threshold":null,"inheritable":false,"inbound_stock":null,"stock_on_hold":0,"sold_today":0,"sales_last_days":0,"reserved_stock":null,"customer_returns":null,"warehouse_damage":null,"lost_in_post":null,"other_logs":null,"out_stock_days":0,"lost_sales":0,"has_location":null,"update_date":"2021-10-13T06:03:48","atum_locations":[],"atum_stock_status":"instock","restock_status":false,"low_stock_amount":"","sales_update_date":null,"calc_backorders":null,"acf":[],"_links":{"self":[{"href":"https:\/\/amira.jewelry\/en\/wp-json\/wp\/v2\/product\/12845","targetHints":{"allow":["GET"]}}],"collection":[{"href":"https:\/\/amira.jewelry\/en\/wp-json\/wp\/v2\/product"}],"about":[{"href":"https:\/\/amira.jewelry\/en\/wp-json\/wp\/v2\/types\/product"}],"replies":[{"embeddable":true,"href":"https:\/\/amira.jewelry\/en\/wp-json\/wp\/v2\/comments?post=12845"}],"wp:featuredmedia":[{"embeddable":true,"href":"https:\/\/amira.jewelry\/en\/wp-json\/wp\/v2\/media\/1028097"}],"wp:attachment":[{"href":"https:\/\/amira.jewelry\/en\/wp-json\/wp\/v2\/media?parent=12845"}],"wp:term":[{"taxonomy":"product_cat","embeddable":true,"href":"https:\/\/amira.jewelry\/en\/wp-json\/wp\/v2\/product_cat?post=12845"},{"taxonomy":"product_tag","embeddable":true,"href":"https:\/\/amira.jewelry\/en\/wp-json\/wp\/v2\/product_tag?post=12845"}],"curies":[{"name":"wp","href":"https:\/\/api.w.org\/{rel}","templated":true}]}}