



{"id":12905,"date":"2021-04-26T14:14:06","date_gmt":"2021-04-26T12:14:06","guid":{"rendered":"https:\/\/woocommerce-529299-2024980.cloudwaysapps.com\/product\/boucles-doreilles-argent-et-oxydes-36\/"},"modified":"2021-10-13T10:04:11","modified_gmt":"2021-10-13T08:04:11","slug":"boucles-doreilles-argent-et-oxydes-36","status":"publish","type":"product","link":"https:\/\/amira.jewelry\/en\/product\/boucles-doreilles-argent-et-oxydes-36\/","title":{"rendered":"Boucles d&#8221;oreilles Argent et Oxyde de Zirconium"},"content":{"rendered":"<p>Craquez pour ces  cr\u00e9oles en argent rose gold serties d&#8217;oxydes. Id\u00e9ales pour illuminer votre visage et sublimer un look \u00e9l\u00e9gant. Un indispensable de la bo\u00eete \u00e0 bijoux \u00e0 adopter sans la moindre h\u00e9sitation !<\/p>\n","protected":false},"excerpt":{"rendered":"<p>Craquez pour ces  cr\u00e9oles en argent rose gold serties d&#8217;oxydes. Id\u00e9ales pour illuminer votre visage et sublimer un look \u00e9l\u00e9gant. Un indispensable de la bo\u00eete \u00e0 bijoux \u00e0 adopter sans la moindre h\u00e9sitation !<\/p>\n","protected":false},"featured_media":1030009,"comment_status":"open","ping_status":"closed","template":"","meta":[],"product_cat":[775,818],"product_tag":[],"class_list":{"0":"post-12905","1":"product","2":"type-product","3":"status-publish","4":"has-post-thumbnail","5":"hentry","6":"product_cat-boucles-doreilles","7":"product_cat-creoles","8":"pa_matiere-argent-925","9":"pa_modele-femme","10":"pa_pierre-principale-oxyde-de-zirconium","swatches":"rey-swatches","show_selected":""},"supplier_id":null,"supplier_sku":"","barcode":null,"atum_controlled":false,"out_stock_date":null,"out_stock_threshold":null,"inheritable":false,"inbound_stock":null,"stock_on_hold":0,"sold_today":0,"sales_last_days":0,"reserved_stock":null,"customer_returns":null,"warehouse_damage":null,"lost_in_post":null,"other_logs":null,"out_stock_days":0,"lost_sales":0,"has_location":null,"update_date":"2021-10-13T06:04:13","atum_locations":[],"atum_stock_status":"instock","restock_status":false,"low_stock_amount":"","sales_update_date":null,"calc_backorders":null,"acf":[],"_links":{"self":[{"href":"https:\/\/amira.jewelry\/en\/wp-json\/wp\/v2\/product\/12905","targetHints":{"allow":["GET"]}}],"collection":[{"href":"https:\/\/amira.jewelry\/en\/wp-json\/wp\/v2\/product"}],"about":[{"href":"https:\/\/amira.jewelry\/en\/wp-json\/wp\/v2\/types\/product"}],"replies":[{"embeddable":true,"href":"https:\/\/amira.jewelry\/en\/wp-json\/wp\/v2\/comments?post=12905"}],"wp:featuredmedia":[{"embeddable":true,"href":"https:\/\/amira.jewelry\/en\/wp-json\/wp\/v2\/media\/1030009"}],"wp:attachment":[{"href":"https:\/\/amira.jewelry\/en\/wp-json\/wp\/v2\/media?parent=12905"}],"wp:term":[{"taxonomy":"product_cat","embeddable":true,"href":"https:\/\/amira.jewelry\/en\/wp-json\/wp\/v2\/product_cat?post=12905"},{"taxonomy":"product_tag","embeddable":true,"href":"https:\/\/amira.jewelry\/en\/wp-json\/wp\/v2\/product_tag?post=12905"}],"curies":[{"name":"wp","href":"https:\/\/api.w.org\/{rel}","templated":true}]}}