



{"id":48785,"date":"2021-06-07T09:30:10","date_gmt":"2021-06-07T07:30:10","guid":{"rendered":"https:\/\/woocommerce-529299-2024980.cloudwaysapps.com\/product\/produit-26\/"},"modified":"2021-10-13T10:04:03","modified_gmt":"2021-10-13T08:04:03","slug":"produit-26","status":"publish","type":"product","link":"https:\/\/amira.jewelry\/en\/product\/produit-26\/","title":{"rendered":"Boucles d&#8217;oreilles Argent et Oxyde de Zirconium"},"content":{"rendered":"<p>Agr\u00e9mentez votre f\u00e9minit\u00e9 d\u2019une touche de douceur gr\u00e2ce \u00e0 ces superbes boucles d\u2019oreilles en argent et oxydes de zirconium. Leur forme c\u0153ur donnera  une touche de romantisme \u00e0 tous vos looks !<\/p>\n","protected":false},"excerpt":{"rendered":"<p>Agr\u00e9mentez votre f\u00e9minit\u00e9 d\u2019une touche de douceur gr\u00e2ce \u00e0 ces superbes boucles d\u2019oreilles en argent et oxydes de zirconium. Leur forme c\u0153ur donnera  une touche de romantisme \u00e0 tous vos looks !<\/p>\n","protected":false},"featured_media":1029625,"comment_status":"open","ping_status":"closed","template":"","meta":[],"product_cat":[775],"product_tag":[],"class_list":{"0":"post-48785","1":"product","2":"type-product","3":"status-publish","4":"has-post-thumbnail","5":"hentry","6":"product_cat-boucles-doreilles","7":"pa_matiere-argent-925","8":"pa_pierre-principale-oxyde-de-zirconium","swatches":"rey-swatches","show_selected":""},"supplier_id":null,"supplier_sku":"","barcode":null,"atum_controlled":false,"out_stock_date":null,"out_stock_threshold":null,"inheritable":false,"inbound_stock":null,"stock_on_hold":null,"sold_today":null,"sales_last_days":null,"reserved_stock":null,"customer_returns":null,"warehouse_damage":null,"lost_in_post":null,"other_logs":null,"out_stock_days":null,"lost_sales":null,"has_location":null,"update_date":"2021-10-13T06:04:05","atum_locations":[],"atum_stock_status":"instock","restock_status":false,"low_stock_amount":"","sales_update_date":null,"calc_backorders":null,"acf":[],"_links":{"self":[{"href":"https:\/\/amira.jewelry\/en\/wp-json\/wp\/v2\/product\/48785","targetHints":{"allow":["GET"]}}],"collection":[{"href":"https:\/\/amira.jewelry\/en\/wp-json\/wp\/v2\/product"}],"about":[{"href":"https:\/\/amira.jewelry\/en\/wp-json\/wp\/v2\/types\/product"}],"replies":[{"embeddable":true,"href":"https:\/\/amira.jewelry\/en\/wp-json\/wp\/v2\/comments?post=48785"}],"wp:featuredmedia":[{"embeddable":true,"href":"https:\/\/amira.jewelry\/en\/wp-json\/wp\/v2\/media\/1029625"}],"wp:attachment":[{"href":"https:\/\/amira.jewelry\/en\/wp-json\/wp\/v2\/media?parent=48785"}],"wp:term":[{"taxonomy":"product_cat","embeddable":true,"href":"https:\/\/amira.jewelry\/en\/wp-json\/wp\/v2\/product_cat?post=48785"},{"taxonomy":"product_tag","embeddable":true,"href":"https:\/\/amira.jewelry\/en\/wp-json\/wp\/v2\/product_tag?post=48785"}],"curies":[{"name":"wp","href":"https:\/\/api.w.org\/{rel}","templated":true}]}}