



{"id":48991,"date":"2021-06-07T09:36:30","date_gmt":"2021-06-07T07:36:30","guid":{"rendered":"https:\/\/woocommerce-529299-2024980.cloudwaysapps.com\/product\/produit-50\/"},"modified":"2021-10-13T10:04:53","modified_gmt":"2021-10-13T08:04:53","slug":"produit-50","status":"publish","type":"product","link":"https:\/\/amira.jewelry\/en\/product\/produit-50\/","title":{"rendered":"Bague Argent"},"content":{"rendered":"<p>F\u00e9minine, cet anneau en argent accessoirisera tous vos styles. Un incontournable de votre bo\u00eete \u00e0 bijoux ! Une bague \u00e0 porter accumul\u00e9e ou seule pour un effet minimaliste.<\/p>\n","protected":false},"excerpt":{"rendered":"<p>F\u00e9minine, cet anneau en argent accessoirisera tous vos styles. Un incontournable de votre bo\u00eete \u00e0 bijoux ! Une bague \u00e0 porter accumul\u00e9e ou seule pour un effet minimaliste.<\/p>\n","protected":false},"featured_media":1026539,"comment_status":"open","ping_status":"closed","template":"","meta":[],"product_cat":[822,811],"product_tag":[],"class_list":{"0":"post-48991","1":"product","2":"type-product","3":"status-publish","4":"has-post-thumbnail","5":"hentry","6":"product_cat-alliance","7":"product_cat-bague","8":"pa_matiere-argent-925","9":"pa_pierre-principale-argent","10":"pa_size-48-mm","11":"pa_size-50-mm","12":"pa_size-52-mm-2","13":"pa_size-54-mm-2","14":"pa_size-56-mm-2","15":"pa_size-58-mm","16":"pa_size-60-mm","17":"pa_size-62-mm","18":"pa_size-64-mm","19":"pa_size-66-mm","20":"pa_size-68-mm","21":"pa_size-70-mm","swatches":"rey-swatches","show_selected":""},"supplier_id":null,"supplier_sku":"","barcode":null,"atum_controlled":false,"out_stock_date":null,"out_stock_threshold":null,"inheritable":false,"inbound_stock":null,"stock_on_hold":null,"sold_today":null,"sales_last_days":null,"reserved_stock":null,"customer_returns":null,"warehouse_damage":null,"lost_in_post":null,"other_logs":null,"out_stock_days":null,"lost_sales":null,"has_location":null,"update_date":"2021-10-13T06:04:56","atum_locations":[],"atum_stock_status":"instock","restock_status":false,"low_stock_amount":"","sales_update_date":null,"calc_backorders":null,"acf":[],"_links":{"self":[{"href":"https:\/\/amira.jewelry\/en\/wp-json\/wp\/v2\/product\/48991","targetHints":{"allow":["GET"]}}],"collection":[{"href":"https:\/\/amira.jewelry\/en\/wp-json\/wp\/v2\/product"}],"about":[{"href":"https:\/\/amira.jewelry\/en\/wp-json\/wp\/v2\/types\/product"}],"replies":[{"embeddable":true,"href":"https:\/\/amira.jewelry\/en\/wp-json\/wp\/v2\/comments?post=48991"}],"wp:featuredmedia":[{"embeddable":true,"href":"https:\/\/amira.jewelry\/en\/wp-json\/wp\/v2\/media\/1026539"}],"wp:attachment":[{"href":"https:\/\/amira.jewelry\/en\/wp-json\/wp\/v2\/media?parent=48991"}],"wp:term":[{"taxonomy":"product_cat","embeddable":true,"href":"https:\/\/amira.jewelry\/en\/wp-json\/wp\/v2\/product_cat?post=48991"},{"taxonomy":"product_tag","embeddable":true,"href":"https:\/\/amira.jewelry\/en\/wp-json\/wp\/v2\/product_tag?post=48991"}],"curies":[{"name":"wp","href":"https:\/\/api.w.org\/{rel}","templated":true}]}}