



{"id":49082,"date":"2021-06-07T09:38:10","date_gmt":"2021-06-07T07:38:10","guid":{"rendered":"https:\/\/woocommerce-529299-2024980.cloudwaysapps.com\/product\/produit-55\/"},"modified":"2021-10-13T10:04:18","modified_gmt":"2021-10-13T08:04:18","slug":"produit-55","status":"publish","type":"product","link":"https:\/\/amira.jewelry\/en\/product\/produit-55\/","title":{"rendered":"Collier Or 375 milli\u00e8mes Saphir et Diamant"},"content":{"rendered":"<p>Pr\u00e9cieux et \u00e9l\u00e9gant, ce collier en or saphir et diamant sublimera votre d\u00e9collet\u00e9 avec d\u00e9licatesse. Un intemporel \u00e0 adopter en toutes circonstances, pour les grandes occasions ou pour illuminez vos looks du quotidien.<\/p>\n","protected":false},"excerpt":{"rendered":"<p>Pr\u00e9cieux et \u00e9l\u00e9gant, ce collier en or saphir et diamant sublimera votre d\u00e9collet\u00e9 avec d\u00e9licatesse. Un intemporel \u00e0 adopter en toutes circonstances, pour les grandes occasions ou pour illuminez vos looks du quotidien.<\/p>\n","protected":false},"featured_media":1028345,"comment_status":"open","ping_status":"closed","template":"","meta":[],"product_cat":[813],"product_tag":[],"class_list":{"0":"post-49082","1":"product","2":"type-product","3":"status-publish","4":"has-post-thumbnail","5":"hentry","6":"product_cat-collier","7":"pa_matiere-or-375-jaune","8":"pa_pierre-principale-saphir","swatches":"rey-swatches","show_selected":""},"supplier_id":null,"supplier_sku":"","barcode":null,"atum_controlled":false,"out_stock_date":null,"out_stock_threshold":null,"inheritable":false,"inbound_stock":null,"stock_on_hold":null,"sold_today":null,"sales_last_days":null,"reserved_stock":null,"customer_returns":null,"warehouse_damage":null,"lost_in_post":null,"other_logs":null,"out_stock_days":null,"lost_sales":null,"has_location":null,"update_date":"2021-10-13T06:04:21","atum_locations":[],"atum_stock_status":"instock","restock_status":false,"low_stock_amount":"","sales_update_date":null,"calc_backorders":null,"acf":[],"_links":{"self":[{"href":"https:\/\/amira.jewelry\/en\/wp-json\/wp\/v2\/product\/49082","targetHints":{"allow":["GET"]}}],"collection":[{"href":"https:\/\/amira.jewelry\/en\/wp-json\/wp\/v2\/product"}],"about":[{"href":"https:\/\/amira.jewelry\/en\/wp-json\/wp\/v2\/types\/product"}],"replies":[{"embeddable":true,"href":"https:\/\/amira.jewelry\/en\/wp-json\/wp\/v2\/comments?post=49082"}],"wp:featuredmedia":[{"embeddable":true,"href":"https:\/\/amira.jewelry\/en\/wp-json\/wp\/v2\/media\/1028345"}],"wp:attachment":[{"href":"https:\/\/amira.jewelry\/en\/wp-json\/wp\/v2\/media?parent=49082"}],"wp:term":[{"taxonomy":"product_cat","embeddable":true,"href":"https:\/\/amira.jewelry\/en\/wp-json\/wp\/v2\/product_cat?post=49082"},{"taxonomy":"product_tag","embeddable":true,"href":"https:\/\/amira.jewelry\/en\/wp-json\/wp\/v2\/product_tag?post=49082"}],"curies":[{"name":"wp","href":"https:\/\/api.w.org\/{rel}","templated":true}]}}