



{"id":49251,"date":"2021-06-07T09:41:55","date_gmt":"2021-06-07T07:41:55","guid":{"rendered":"https:\/\/woocommerce-529299-2024980.cloudwaysapps.com\/product\/produit-70\/"},"modified":"2021-10-13T10:04:06","modified_gmt":"2021-10-13T08:04:06","slug":"produit-70","status":"publish","type":"product","link":"https:\/\/amira.jewelry\/en\/product\/produit-70\/","title":{"rendered":"Boucles d&#8217;oreilles Argent et Oxyde de Zirconium"},"content":{"rendered":"<p>Ces boucles en argent ont tout pour s\u00e9duire : design original,  allure chic. Un bijou \u00e0 acheter sans attendre pour apporter modernit\u00e9, audace et \u00e9l\u00e9gance \u00e0 vos looks !\u00a0<\/p>\n","protected":false},"excerpt":{"rendered":"<p>Ces boucles en argent ont tout pour s\u00e9duire : design original,  allure chic. Un bijou \u00e0 acheter sans attendre pour apporter modernit\u00e9, audace et \u00e9l\u00e9gance \u00e0 vos looks !\u00a0<\/p>\n","protected":false},"featured_media":1029757,"comment_status":"open","ping_status":"closed","template":"","meta":[],"product_cat":[775],"product_tag":[],"class_list":{"0":"post-49251","1":"product","2":"type-product","3":"status-publish","4":"has-post-thumbnail","5":"hentry","6":"product_cat-boucles-doreilles","7":"pa_matiere-argent-925","8":"pa_pierre-principale-oxyde-de-zirconium","swatches":"rey-swatches","show_selected":""},"supplier_id":null,"supplier_sku":"","barcode":null,"atum_controlled":false,"out_stock_date":null,"out_stock_threshold":null,"inheritable":false,"inbound_stock":null,"stock_on_hold":null,"sold_today":null,"sales_last_days":null,"reserved_stock":null,"customer_returns":null,"warehouse_damage":null,"lost_in_post":null,"other_logs":null,"out_stock_days":null,"lost_sales":null,"has_location":null,"update_date":"2021-10-13T06:04:09","atum_locations":[],"atum_stock_status":"instock","restock_status":false,"low_stock_amount":"","sales_update_date":null,"calc_backorders":null,"acf":[],"_links":{"self":[{"href":"https:\/\/amira.jewelry\/en\/wp-json\/wp\/v2\/product\/49251","targetHints":{"allow":["GET"]}}],"collection":[{"href":"https:\/\/amira.jewelry\/en\/wp-json\/wp\/v2\/product"}],"about":[{"href":"https:\/\/amira.jewelry\/en\/wp-json\/wp\/v2\/types\/product"}],"replies":[{"embeddable":true,"href":"https:\/\/amira.jewelry\/en\/wp-json\/wp\/v2\/comments?post=49251"}],"wp:featuredmedia":[{"embeddable":true,"href":"https:\/\/amira.jewelry\/en\/wp-json\/wp\/v2\/media\/1029757"}],"wp:attachment":[{"href":"https:\/\/amira.jewelry\/en\/wp-json\/wp\/v2\/media?parent=49251"}],"wp:term":[{"taxonomy":"product_cat","embeddable":true,"href":"https:\/\/amira.jewelry\/en\/wp-json\/wp\/v2\/product_cat?post=49251"},{"taxonomy":"product_tag","embeddable":true,"href":"https:\/\/amira.jewelry\/en\/wp-json\/wp\/v2\/product_tag?post=49251"}],"curies":[{"name":"wp","href":"https:\/\/api.w.org\/{rel}","templated":true}]}}