



{"id":49679,"date":"2021-06-07T09:47:03","date_gmt":"2021-06-07T07:47:03","guid":{"rendered":"https:\/\/woocommerce-529299-2024980.cloudwaysapps.com\/product\/produit-99\/"},"modified":"2021-10-13T10:04:39","modified_gmt":"2021-10-13T08:04:39","slug":"produit-99","status":"publish","type":"product","link":"https:\/\/amira.jewelry\/en\/product\/produit-99\/","title":{"rendered":"Bague Or 375 milli\u00e8mes et Pierre de Lune"},"content":{"rendered":"<p>Simple et romantique, choisissez cette bague en or et pierre de lune pour illuminer tous vos looks.  Elle apportera une touche d&#8217;\u00e9clat et de f\u00e9minit\u00e9 \u00e0 toutes vos tenues  <\/p>\n","protected":false},"excerpt":{"rendered":"<p>Simple et romantique, choisissez cette bague en or et pierre de lune pour illuminer tous vos looks.  Elle apportera une touche d&#8217;\u00e9clat et de f\u00e9minit\u00e9 \u00e0 toutes vos tenues  <\/p>\n","protected":false},"featured_media":1025903,"comment_status":"open","ping_status":"closed","template":"","meta":[],"product_cat":[811],"product_tag":[],"class_list":{"0":"post-49679","1":"product","2":"type-product","3":"status-publish","4":"has-post-thumbnail","5":"hentry","6":"product_cat-bague","7":"pa_matiere-or-375-blanc","8":"pa_pierre-principale-pierre-de-lune","9":"pa_size-48-mm","10":"pa_size-50-mm","11":"pa_size-52-mm-2","12":"pa_size-54-mm-2","13":"pa_size-56-mm-2","14":"pa_size-58-mm","15":"pa_size-60-mm","16":"pa_size-62-mm","swatches":"rey-swatches","show_selected":""},"supplier_id":null,"supplier_sku":"","barcode":null,"atum_controlled":false,"out_stock_date":null,"out_stock_threshold":null,"inheritable":false,"inbound_stock":null,"stock_on_hold":null,"sold_today":null,"sales_last_days":null,"reserved_stock":null,"customer_returns":null,"warehouse_damage":null,"lost_in_post":null,"other_logs":null,"out_stock_days":null,"lost_sales":null,"has_location":null,"update_date":"2021-10-13T06:04:42","atum_locations":[],"atum_stock_status":"instock","restock_status":false,"low_stock_amount":"","sales_update_date":null,"calc_backorders":null,"acf":[],"_links":{"self":[{"href":"https:\/\/amira.jewelry\/en\/wp-json\/wp\/v2\/product\/49679","targetHints":{"allow":["GET"]}}],"collection":[{"href":"https:\/\/amira.jewelry\/en\/wp-json\/wp\/v2\/product"}],"about":[{"href":"https:\/\/amira.jewelry\/en\/wp-json\/wp\/v2\/types\/product"}],"replies":[{"embeddable":true,"href":"https:\/\/amira.jewelry\/en\/wp-json\/wp\/v2\/comments?post=49679"}],"wp:featuredmedia":[{"embeddable":true,"href":"https:\/\/amira.jewelry\/en\/wp-json\/wp\/v2\/media\/1025903"}],"wp:attachment":[{"href":"https:\/\/amira.jewelry\/en\/wp-json\/wp\/v2\/media?parent=49679"}],"wp:term":[{"taxonomy":"product_cat","embeddable":true,"href":"https:\/\/amira.jewelry\/en\/wp-json\/wp\/v2\/product_cat?post=49679"},{"taxonomy":"product_tag","embeddable":true,"href":"https:\/\/amira.jewelry\/en\/wp-json\/wp\/v2\/product_tag?post=49679"}],"curies":[{"name":"wp","href":"https:\/\/api.w.org\/{rel}","templated":true}]}}