



{"id":49907,"date":"2021-06-07T09:52:36","date_gmt":"2021-06-07T07:52:36","guid":{"rendered":"https:\/\/woocommerce-529299-2024980.cloudwaysapps.com\/product\/produit-111\/"},"modified":"2021-10-13T10:03:42","modified_gmt":"2021-10-13T08:03:42","slug":"produit-111","status":"publish","type":"product","link":"https:\/\/amira.jewelry\/en\/product\/produit-111\/","title":{"rendered":"Bracelet Argent"},"content":{"rendered":"<p>A la recherche d&#8217;un cadeau de naissance ou d&#8217;anniversaire ? Optez sans tarder pour ce barcelet en argent, personnalisable gr\u00e2ce \u00e0 sa plaque \u00e0 graver au nom de votre petit gar\u00e7on !<\/p>\n","protected":false},"excerpt":{"rendered":"<p>A la recherche d&#8217;un cadeau de naissance ou d&#8217;anniversaire ? Optez sans tarder pour ce barcelet en argent, personnalisable gr\u00e2ce \u00e0 sa plaque \u00e0 graver au nom de votre petit gar\u00e7on !<\/p>\n","protected":false},"featured_media":1027839,"comment_status":"open","ping_status":"closed","template":"","meta":[],"product_cat":[809],"product_tag":[],"class_list":{"0":"post-49907","1":"product","2":"type-product","3":"status-publish","4":"has-post-thumbnail","5":"hentry","6":"product_cat-bracelet","7":"pa_matiere-argent-925","8":"pa_pierre-principale-argent","swatches":"rey-swatches","show_selected":""},"supplier_id":null,"supplier_sku":"","barcode":null,"atum_controlled":false,"out_stock_date":null,"out_stock_threshold":null,"inheritable":false,"inbound_stock":null,"stock_on_hold":null,"sold_today":null,"sales_last_days":null,"reserved_stock":null,"customer_returns":null,"warehouse_damage":null,"lost_in_post":null,"other_logs":null,"out_stock_days":null,"lost_sales":null,"has_location":null,"update_date":"2021-10-13T06:03:44","atum_locations":[],"atum_stock_status":"instock","restock_status":false,"low_stock_amount":"","sales_update_date":null,"calc_backorders":null,"acf":[],"_links":{"self":[{"href":"https:\/\/amira.jewelry\/en\/wp-json\/wp\/v2\/product\/49907","targetHints":{"allow":["GET"]}}],"collection":[{"href":"https:\/\/amira.jewelry\/en\/wp-json\/wp\/v2\/product"}],"about":[{"href":"https:\/\/amira.jewelry\/en\/wp-json\/wp\/v2\/types\/product"}],"replies":[{"embeddable":true,"href":"https:\/\/amira.jewelry\/en\/wp-json\/wp\/v2\/comments?post=49907"}],"wp:featuredmedia":[{"embeddable":true,"href":"https:\/\/amira.jewelry\/en\/wp-json\/wp\/v2\/media\/1027839"}],"wp:attachment":[{"href":"https:\/\/amira.jewelry\/en\/wp-json\/wp\/v2\/media?parent=49907"}],"wp:term":[{"taxonomy":"product_cat","embeddable":true,"href":"https:\/\/amira.jewelry\/en\/wp-json\/wp\/v2\/product_cat?post=49907"},{"taxonomy":"product_tag","embeddable":true,"href":"https:\/\/amira.jewelry\/en\/wp-json\/wp\/v2\/product_tag?post=49907"}],"curies":[{"name":"wp","href":"https:\/\/api.w.org\/{rel}","templated":true}]}}