



{"id":49909,"date":"2021-06-07T09:52:38","date_gmt":"2021-06-07T07:52:38","guid":{"rendered":"https:\/\/woocommerce-529299-2024980.cloudwaysapps.com\/product\/produit-112\/"},"modified":"2021-10-13T10:04:34","modified_gmt":"2021-10-13T08:04:34","slug":"produit-112","status":"publish","type":"product","link":"https:\/\/amira.jewelry\/en\/product\/produit-112\/","title":{"rendered":"Pendentif Or 375 milli\u00e8mes et Oxyde de Zirconium"},"content":{"rendered":"<p>Ce pendentif en or habillera  tous vos d\u00e9collet\u00e9s avec f\u00e9minit\u00e9 gr\u00e2ce \u00e0 l&#8217;originalit\u00e9 de son design et l&#8217;\u00e9clat des oxydes qui le parent. Un pendentif intemporel \u00e0 poss\u00e9der absolument dans votre bo\u00eete \u00e0 bijoux ou \u00e0 offrir pour faire plaisir.<\/p>\n","protected":false},"excerpt":{"rendered":"<p>Ce pendentif en or habillera  tous vos d\u00e9collet\u00e9s avec f\u00e9minit\u00e9 gr\u00e2ce \u00e0 l&#8217;originalit\u00e9 de son design et l&#8217;\u00e9clat des oxydes qui le parent. Un pendentif intemporel \u00e0 poss\u00e9der absolument dans votre bo\u00eete \u00e0 bijoux ou \u00e0 offrir pour faire plaisir.<\/p>\n","protected":false},"featured_media":1027225,"comment_status":"open","ping_status":"closed","template":"","meta":[],"product_cat":[813,814],"product_tag":[],"class_list":{"0":"post-49909","1":"product","2":"type-product","3":"status-publish","4":"has-post-thumbnail","5":"hentry","6":"product_cat-collier","7":"product_cat-pendentif","8":"pa_matiere-or-375-jaune","9":"pa_pierre-principale-oxyde-de-zirconium","swatches":"rey-swatches","show_selected":""},"supplier_id":null,"supplier_sku":"","barcode":null,"atum_controlled":false,"out_stock_date":null,"out_stock_threshold":null,"inheritable":false,"inbound_stock":null,"stock_on_hold":null,"sold_today":null,"sales_last_days":null,"reserved_stock":null,"customer_returns":null,"warehouse_damage":null,"lost_in_post":null,"other_logs":null,"out_stock_days":null,"lost_sales":null,"has_location":null,"update_date":"2021-10-13T06:04:37","atum_locations":[],"atum_stock_status":"instock","restock_status":false,"low_stock_amount":"","sales_update_date":null,"calc_backorders":null,"acf":[],"_links":{"self":[{"href":"https:\/\/amira.jewelry\/en\/wp-json\/wp\/v2\/product\/49909","targetHints":{"allow":["GET"]}}],"collection":[{"href":"https:\/\/amira.jewelry\/en\/wp-json\/wp\/v2\/product"}],"about":[{"href":"https:\/\/amira.jewelry\/en\/wp-json\/wp\/v2\/types\/product"}],"replies":[{"embeddable":true,"href":"https:\/\/amira.jewelry\/en\/wp-json\/wp\/v2\/comments?post=49909"}],"wp:featuredmedia":[{"embeddable":true,"href":"https:\/\/amira.jewelry\/en\/wp-json\/wp\/v2\/media\/1027225"}],"wp:attachment":[{"href":"https:\/\/amira.jewelry\/en\/wp-json\/wp\/v2\/media?parent=49909"}],"wp:term":[{"taxonomy":"product_cat","embeddable":true,"href":"https:\/\/amira.jewelry\/en\/wp-json\/wp\/v2\/product_cat?post=49909"},{"taxonomy":"product_tag","embeddable":true,"href":"https:\/\/amira.jewelry\/en\/wp-json\/wp\/v2\/product_tag?post=49909"}],"curies":[{"name":"wp","href":"https:\/\/api.w.org\/{rel}","templated":true}]}}