



{"id":49976,"date":"2021-06-07T09:53:32","date_gmt":"2021-06-07T07:53:32","guid":{"rendered":"https:\/\/woocommerce-529299-2024980.cloudwaysapps.com\/product\/produit-118\/"},"modified":"2021-10-13T10:04:34","modified_gmt":"2021-10-13T08:04:34","slug":"produit-118","status":"publish","type":"product","link":"https:\/\/amira.jewelry\/en\/product\/produit-118\/","title":{"rendered":"Pendentif Or 375 milli\u00e8mes et Onyx"},"content":{"rendered":"<p>Ce pendentif en or et onyx  ajoutera une touche d&#8217;\u00e9l\u00e9gance \u00e0 tous vos looks. N&#8217;h\u00e9sitez pas \u00e0 l&#8217;associer \u00e0 une d\u00e9licate cha\u00eene en or !<\/p>\n","protected":false},"excerpt":{"rendered":"<p>Ce pendentif en or et onyx  ajoutera une touche d&#8217;\u00e9l\u00e9gance \u00e0 tous vos looks. N&#8217;h\u00e9sitez pas \u00e0 l&#8217;associer \u00e0 une d\u00e9licate cha\u00eene en or !<\/p>\n","protected":false},"featured_media":1027201,"comment_status":"open","ping_status":"closed","template":"","meta":[],"product_cat":[813,814],"product_tag":[],"class_list":{"0":"post-49976","1":"product","2":"type-product","3":"status-publish","4":"has-post-thumbnail","5":"hentry","6":"product_cat-collier","7":"product_cat-pendentif","8":"pa_matiere-or-375-jaune","9":"pa_pierre-principale-onyx","swatches":"rey-swatches","show_selected":""},"supplier_id":null,"supplier_sku":"","barcode":null,"atum_controlled":false,"out_stock_date":null,"out_stock_threshold":null,"inheritable":false,"inbound_stock":null,"stock_on_hold":null,"sold_today":null,"sales_last_days":null,"reserved_stock":null,"customer_returns":null,"warehouse_damage":null,"lost_in_post":null,"other_logs":null,"out_stock_days":null,"lost_sales":null,"has_location":null,"update_date":"2021-10-13T06:04:37","atum_locations":[],"atum_stock_status":"instock","restock_status":false,"low_stock_amount":"","sales_update_date":null,"calc_backorders":null,"acf":[],"_links":{"self":[{"href":"https:\/\/amira.jewelry\/en\/wp-json\/wp\/v2\/product\/49976","targetHints":{"allow":["GET"]}}],"collection":[{"href":"https:\/\/amira.jewelry\/en\/wp-json\/wp\/v2\/product"}],"about":[{"href":"https:\/\/amira.jewelry\/en\/wp-json\/wp\/v2\/types\/product"}],"replies":[{"embeddable":true,"href":"https:\/\/amira.jewelry\/en\/wp-json\/wp\/v2\/comments?post=49976"}],"wp:featuredmedia":[{"embeddable":true,"href":"https:\/\/amira.jewelry\/en\/wp-json\/wp\/v2\/media\/1027201"}],"wp:attachment":[{"href":"https:\/\/amira.jewelry\/en\/wp-json\/wp\/v2\/media?parent=49976"}],"wp:term":[{"taxonomy":"product_cat","embeddable":true,"href":"https:\/\/amira.jewelry\/en\/wp-json\/wp\/v2\/product_cat?post=49976"},{"taxonomy":"product_tag","embeddable":true,"href":"https:\/\/amira.jewelry\/en\/wp-json\/wp\/v2\/product_tag?post=49976"}],"curies":[{"name":"wp","href":"https:\/\/api.w.org\/{rel}","templated":true}]}}