



{"id":50125,"date":"2021-06-07T10:08:37","date_gmt":"2021-06-07T08:08:37","guid":{"rendered":"https:\/\/woocommerce-529299-2024980.cloudwaysapps.com\/product\/produit-128\/"},"modified":"2021-10-13T10:04:15","modified_gmt":"2021-10-13T08:04:15","slug":"produit-128","status":"publish","type":"product","link":"https:\/\/amira.jewelry\/en\/product\/produit-128\/","title":{"rendered":"Collier Or 375 milli\u00e8mes Multipierre"},"content":{"rendered":"<p>Ce ravissant collier en or jaune serti de pierres muticolores habillera \u00e9l\u00e9gamment votre tour de cou. \u00c0 la fois discret et moderne, il sera du plus bel effet sur une chemise ouverte ou sur un pull !<\/p>\n","protected":false},"excerpt":{"rendered":"<p>Ce ravissant collier en or jaune serti de pierres muticolores habillera \u00e9l\u00e9gamment votre tour de cou. \u00c0 la fois discret et moderne, il sera du plus bel effet sur une chemise ouverte ou sur un pull !<\/p>\n","protected":false},"featured_media":1028201,"comment_status":"open","ping_status":"closed","template":"","meta":[],"product_cat":[813],"product_tag":[],"class_list":{"0":"post-50125","1":"product","2":"type-product","3":"status-publish","4":"has-post-thumbnail","5":"hentry","6":"product_cat-collier","7":"pa_matiere-or-375-jaune","8":"pa_pierre-principale-multi-pierres","swatches":"rey-swatches","show_selected":""},"supplier_id":null,"supplier_sku":"","barcode":null,"atum_controlled":false,"out_stock_date":null,"out_stock_threshold":null,"inheritable":false,"inbound_stock":null,"stock_on_hold":null,"sold_today":null,"sales_last_days":null,"reserved_stock":null,"customer_returns":null,"warehouse_damage":null,"lost_in_post":null,"other_logs":null,"out_stock_days":null,"lost_sales":null,"has_location":null,"update_date":"2021-10-13T06:04:17","atum_locations":[],"atum_stock_status":"instock","restock_status":false,"low_stock_amount":"","sales_update_date":null,"calc_backorders":null,"acf":[],"_links":{"self":[{"href":"https:\/\/amira.jewelry\/en\/wp-json\/wp\/v2\/product\/50125","targetHints":{"allow":["GET"]}}],"collection":[{"href":"https:\/\/amira.jewelry\/en\/wp-json\/wp\/v2\/product"}],"about":[{"href":"https:\/\/amira.jewelry\/en\/wp-json\/wp\/v2\/types\/product"}],"replies":[{"embeddable":true,"href":"https:\/\/amira.jewelry\/en\/wp-json\/wp\/v2\/comments?post=50125"}],"wp:featuredmedia":[{"embeddable":true,"href":"https:\/\/amira.jewelry\/en\/wp-json\/wp\/v2\/media\/1028201"}],"wp:attachment":[{"href":"https:\/\/amira.jewelry\/en\/wp-json\/wp\/v2\/media?parent=50125"}],"wp:term":[{"taxonomy":"product_cat","embeddable":true,"href":"https:\/\/amira.jewelry\/en\/wp-json\/wp\/v2\/product_cat?post=50125"},{"taxonomy":"product_tag","embeddable":true,"href":"https:\/\/amira.jewelry\/en\/wp-json\/wp\/v2\/product_tag?post=50125"}],"curies":[{"name":"wp","href":"https:\/\/api.w.org\/{rel}","templated":true}]}}