



{"id":50664,"date":"2021-06-07T10:22:39","date_gmt":"2021-06-07T08:22:39","guid":{"rendered":"https:\/\/woocommerce-529299-2024980.cloudwaysapps.com\/product\/produit-136\/"},"modified":"2021-10-13T10:04:35","modified_gmt":"2021-10-13T08:04:35","slug":"produit-136","status":"publish","type":"product","link":"https:\/\/amira.jewelry\/en\/product\/produit-136\/","title":{"rendered":"Charm&#8217;s Or 375 milli\u00e8mes et Cristal"},"content":{"rendered":"<p>Symbolique et tendre, ce charm&#8217;s \u00e9toile en or et cristal est un intemporel \u00e0 poss\u00e9der absolument.<\/p>\n","protected":false},"excerpt":{"rendered":"<p>Symbolique et tendre, ce charm&#8217;s \u00e9toile en or et cristal est un intemporel \u00e0 poss\u00e9der absolument.<\/p>\n","protected":false},"featured_media":1027267,"comment_status":"open","ping_status":"closed","template":"","meta":[],"product_cat":[826,827],"product_tag":[],"class_list":{"0":"post-50664","1":"product","2":"type-product","3":"status-publish","4":"has-post-thumbnail","5":"hentry","6":"product_cat-accessoire","7":"product_cat-charms","8":"pa_matiere-or-375-jaune","9":"pa_pierre-principale-oxyde-de-zirconium","swatches":"rey-swatches","show_selected":""},"supplier_id":null,"supplier_sku":"","barcode":null,"atum_controlled":false,"out_stock_date":null,"out_stock_threshold":null,"inheritable":false,"inbound_stock":null,"stock_on_hold":null,"sold_today":null,"sales_last_days":null,"reserved_stock":null,"customer_returns":null,"warehouse_damage":null,"lost_in_post":null,"other_logs":null,"out_stock_days":null,"lost_sales":null,"has_location":null,"update_date":"2021-10-13T06:04:37","atum_locations":[],"atum_stock_status":"instock","restock_status":false,"low_stock_amount":"","sales_update_date":null,"calc_backorders":null,"acf":[],"_links":{"self":[{"href":"https:\/\/amira.jewelry\/en\/wp-json\/wp\/v2\/product\/50664","targetHints":{"allow":["GET"]}}],"collection":[{"href":"https:\/\/amira.jewelry\/en\/wp-json\/wp\/v2\/product"}],"about":[{"href":"https:\/\/amira.jewelry\/en\/wp-json\/wp\/v2\/types\/product"}],"replies":[{"embeddable":true,"href":"https:\/\/amira.jewelry\/en\/wp-json\/wp\/v2\/comments?post=50664"}],"wp:featuredmedia":[{"embeddable":true,"href":"https:\/\/amira.jewelry\/en\/wp-json\/wp\/v2\/media\/1027267"}],"wp:attachment":[{"href":"https:\/\/amira.jewelry\/en\/wp-json\/wp\/v2\/media?parent=50664"}],"wp:term":[{"taxonomy":"product_cat","embeddable":true,"href":"https:\/\/amira.jewelry\/en\/wp-json\/wp\/v2\/product_cat?post=50664"},{"taxonomy":"product_tag","embeddable":true,"href":"https:\/\/amira.jewelry\/en\/wp-json\/wp\/v2\/product_tag?post=50664"}],"curies":[{"name":"wp","href":"https:\/\/api.w.org\/{rel}","templated":true}]}}