



{"id":10259,"date":"2021-04-26T09:51:31","date_gmt":"2021-04-26T07:51:31","guid":{"rendered":"https:\/\/woocommerce-529299-2024980.cloudwaysapps.com\/product\/bague-argent-et-oxydes-8\/"},"modified":"2021-10-13T10:04:57","modified_gmt":"2021-10-13T08:04:57","slug":"bague-argent-et-oxydes-8","status":"publish","type":"product","link":"https:\/\/amira.jewelry\/es\/product\/bague-argent-et-oxydes-8\/","title":{"rendered":"Bague Argent et Oxyde de Zirconium"},"content":{"rendered":"<p>Craquez pour cette bague tendance et graphique. En argent et orn\u00e9e d&#8217;oxydes de zirconium cette bague vous fera briller en journ\u00e9e comme en soir\u00e9e !<\/p>\n","protected":false},"excerpt":{"rendered":"<p>Craquez pour cette bague tendance et graphique. En argent et orn\u00e9e d&#8217;oxydes de zirconium cette bague vous fera briller en journ\u00e9e comme en soir\u00e9e !<\/p>\n","protected":false},"featured_media":1026599,"comment_status":"open","ping_status":"closed","template":"","meta":[],"product_cat":[811],"product_tag":[],"class_list":{"0":"post-10259","1":"product","2":"type-product","3":"status-publish","4":"has-post-thumbnail","5":"hentry","6":"product_cat-bague","7":"pa_matiere-argent-925","8":"pa_modele-femme","9":"pa_pierre-principale-oxyde-de-zirconium","10":"pa_size-45-mm","11":"pa_size-48-mm","12":"pa_size-50-mm","13":"pa_size-51-mm","14":"pa_size-52-mm-2","15":"pa_size-53-mm-2","16":"pa_size-54-mm-2","17":"pa_size-56-mm-2","18":"pa_size-58-mm","19":"pa_size-60-mm","20":"pa_size-62-mm","21":"pa_size-64-mm","22":"pa_size-66-mm","swatches":"rey-swatches","show_selected":""},"supplier_id":null,"supplier_sku":"","barcode":null,"atum_controlled":false,"out_stock_date":null,"out_stock_threshold":null,"inheritable":false,"inbound_stock":null,"stock_on_hold":0,"sold_today":0,"sales_last_days":0,"reserved_stock":null,"customer_returns":null,"warehouse_damage":null,"lost_in_post":null,"other_logs":null,"out_stock_days":0,"lost_sales":0,"has_location":null,"update_date":"2021-10-13T06:05:01","atum_locations":[],"atum_stock_status":"instock","restock_status":false,"low_stock_amount":"","sales_update_date":null,"calc_backorders":null,"acf":[],"_links":{"self":[{"href":"https:\/\/amira.jewelry\/es\/wp-json\/wp\/v2\/product\/10259","targetHints":{"allow":["GET"]}}],"collection":[{"href":"https:\/\/amira.jewelry\/es\/wp-json\/wp\/v2\/product"}],"about":[{"href":"https:\/\/amira.jewelry\/es\/wp-json\/wp\/v2\/types\/product"}],"replies":[{"embeddable":true,"href":"https:\/\/amira.jewelry\/es\/wp-json\/wp\/v2\/comments?post=10259"}],"wp:featuredmedia":[{"embeddable":true,"href":"https:\/\/amira.jewelry\/es\/wp-json\/wp\/v2\/media\/1026599"}],"wp:attachment":[{"href":"https:\/\/amira.jewelry\/es\/wp-json\/wp\/v2\/media?parent=10259"}],"wp:term":[{"taxonomy":"product_cat","embeddable":true,"href":"https:\/\/amira.jewelry\/es\/wp-json\/wp\/v2\/product_cat?post=10259"},{"taxonomy":"product_tag","embeddable":true,"href":"https:\/\/amira.jewelry\/es\/wp-json\/wp\/v2\/product_tag?post=10259"}],"curies":[{"name":"wp","href":"https:\/\/api.w.org\/{rel}","templated":true}]}}