



{"id":10363,"date":"2021-04-26T09:57:34","date_gmt":"2021-04-26T07:57:34","guid":{"rendered":"https:\/\/woocommerce-529299-2024980.cloudwaysapps.com\/product\/pendentif-argent-3\/"},"modified":"2021-10-13T10:04:38","modified_gmt":"2021-10-13T08:04:38","slug":"pendentif-argent-3","status":"publish","type":"product","link":"https:\/\/amira.jewelry\/es\/product\/pendentif-argent-3\/","title":{"rendered":"Pendentif Argent"},"content":{"rendered":"<p>Id\u00e9al en cadeau pour la f\u00eate des m\u00e8res, ce pendentif en argent avec l&#8217;empreinte des mains fera plaisir \u00e0 coup s\u00fbr !<\/p>\n","protected":false},"excerpt":{"rendered":"<p>Id\u00e9al en cadeau pour la f\u00eate des m\u00e8res, ce pendentif en argent avec l&#8217;empreinte des mains fera plaisir \u00e0 coup s\u00fbr !<\/p>\n","protected":false},"featured_media":1027387,"comment_status":"open","ping_status":"closed","template":"","meta":[],"product_cat":[813,814],"product_tag":[],"class_list":{"0":"post-10363","1":"product","2":"type-product","3":"status-publish","4":"has-post-thumbnail","5":"hentry","6":"product_cat-collier","7":"product_cat-pendentif","8":"pa_matiere-argent-925","9":"pa_modele-femme","10":"pa_pierre-principale-argent","swatches":"rey-swatches","show_selected":""},"supplier_id":null,"supplier_sku":"","barcode":null,"atum_controlled":false,"out_stock_date":null,"out_stock_threshold":null,"inheritable":false,"inbound_stock":null,"stock_on_hold":0,"sold_today":0,"sales_last_days":0,"reserved_stock":null,"customer_returns":null,"warehouse_damage":null,"lost_in_post":null,"other_logs":null,"out_stock_days":0,"lost_sales":0,"has_location":null,"update_date":"2021-10-13T06:04:41","atum_locations":[],"atum_stock_status":"outofstock","restock_status":false,"low_stock_amount":"","sales_update_date":null,"calc_backorders":null,"acf":[],"_links":{"self":[{"href":"https:\/\/amira.jewelry\/es\/wp-json\/wp\/v2\/product\/10363","targetHints":{"allow":["GET"]}}],"collection":[{"href":"https:\/\/amira.jewelry\/es\/wp-json\/wp\/v2\/product"}],"about":[{"href":"https:\/\/amira.jewelry\/es\/wp-json\/wp\/v2\/types\/product"}],"replies":[{"embeddable":true,"href":"https:\/\/amira.jewelry\/es\/wp-json\/wp\/v2\/comments?post=10363"}],"wp:featuredmedia":[{"embeddable":true,"href":"https:\/\/amira.jewelry\/es\/wp-json\/wp\/v2\/media\/1027387"}],"wp:attachment":[{"href":"https:\/\/amira.jewelry\/es\/wp-json\/wp\/v2\/media?parent=10363"}],"wp:term":[{"taxonomy":"product_cat","embeddable":true,"href":"https:\/\/amira.jewelry\/es\/wp-json\/wp\/v2\/product_cat?post=10363"},{"taxonomy":"product_tag","embeddable":true,"href":"https:\/\/amira.jewelry\/es\/wp-json\/wp\/v2\/product_tag?post=10363"}],"curies":[{"name":"wp","href":"https:\/\/api.w.org\/{rel}","templated":true}]}}