



{"id":10399,"date":"2021-04-26T15:03:17","date_gmt":"2021-04-26T08:03:17","guid":{"rendered":"https:\/\/woocommerce-529299-2024980.cloudwaysapps.com\/product\/bracelet-plaque-or\/"},"modified":"2022-11-25T00:49:31","modified_gmt":"2022-11-24T23:49:31","slug":"bracelet-plaque-or","status":"publish","type":"product","link":"https:\/\/amira.jewelry\/es\/product\/bracelet-plaque-or\/","title":{"rendered":"Bracelet Plaqu\u00e9 Or"},"content":{"rendered":"<p>Id\u00e9al pour accessoiriser un look romantique, ce bracelet en plaqu\u00e9 or orn\u00e9 de c\u0153urs est LE bracelet \u00e0 se faire offrir par votre bien-aim\u00e9 !<\/p>\n","protected":false},"excerpt":{"rendered":"<p>Id\u00e9al pour accessoiriser un look romantique, ce bracelet en plaqu\u00e9 or orn\u00e9 de c\u0153urs est LE bracelet \u00e0 se faire offrir par votre bien-aim\u00e9 !<\/p>\n","protected":false},"featured_media":0,"comment_status":"open","ping_status":"closed","template":"","meta":[],"product_cat":[809],"product_tag":[],"class_list":{"0":"post-10399","1":"product","2":"type-product","3":"status-publish","4":"hentry","5":"product_cat-bracelet","6":"pa_matiere-plaque-or","7":"pa_modele-femme","8":"pa_pierre-principale-oxyde-de-zirconium","swatches":"rey-swatches","show_selected":""},"supplier_id":null,"supplier_sku":"","barcode":null,"atum_controlled":false,"out_stock_date":null,"out_stock_threshold":null,"inheritable":false,"inbound_stock":null,"stock_on_hold":0,"sold_today":0,"sales_last_days":0,"reserved_stock":null,"customer_returns":null,"warehouse_damage":null,"lost_in_post":null,"other_logs":null,"out_stock_days":0,"lost_sales":0,"has_location":null,"update_date":"2022-11-24T22:49:35","atum_locations":[],"atum_stock_status":"instock","restock_status":false,"low_stock_amount":"","sales_update_date":null,"calc_backorders":null,"acf":[],"_links":{"self":[{"href":"https:\/\/amira.jewelry\/es\/wp-json\/wp\/v2\/product\/10399","targetHints":{"allow":["GET"]}}],"collection":[{"href":"https:\/\/amira.jewelry\/es\/wp-json\/wp\/v2\/product"}],"about":[{"href":"https:\/\/amira.jewelry\/es\/wp-json\/wp\/v2\/types\/product"}],"replies":[{"embeddable":true,"href":"https:\/\/amira.jewelry\/es\/wp-json\/wp\/v2\/comments?post=10399"}],"wp:attachment":[{"href":"https:\/\/amira.jewelry\/es\/wp-json\/wp\/v2\/media?parent=10399"}],"wp:term":[{"taxonomy":"product_cat","embeddable":true,"href":"https:\/\/amira.jewelry\/es\/wp-json\/wp\/v2\/product_cat?post=10399"},{"taxonomy":"product_tag","embeddable":true,"href":"https:\/\/amira.jewelry\/es\/wp-json\/wp\/v2\/product_tag?post=10399"}],"curies":[{"name":"wp","href":"https:\/\/api.w.org\/{rel}","templated":true}]}}