



{"id":10425,"date":"2021-04-26T10:14:51","date_gmt":"2021-04-26T08:14:51","guid":{"rendered":"https:\/\/woocommerce-529299-2024980.cloudwaysapps.com\/product\/collier-acier\/"},"modified":"2021-10-13T10:04:15","modified_gmt":"2021-10-13T08:04:15","slug":"collier-acier","status":"publish","type":"product","link":"https:\/\/amira.jewelry\/es\/product\/collier-acier\/","title":{"rendered":"Collier Acier"},"content":{"rendered":"<p>Inspir\u00e9 des plaques militaires, ce collier pour homme en acier est une id\u00e9e de cadeau d&#8217;anniversaire originale !  Il se compose d&#8217;une cha\u00eene et d&#8217;un pendentif  textur\u00e9 de forme rectangulaire.<\/p>\n","protected":false},"excerpt":{"rendered":"<p>Inspir\u00e9 des plaques militaires, ce collier pour homme en acier est une id\u00e9e de cadeau d&#8217;anniversaire originale !  Il se compose d&#8217;une cha\u00eene et d&#8217;un pendentif  textur\u00e9 de forme rectangulaire.<\/p>\n","protected":false},"featured_media":1028219,"comment_status":"open","ping_status":"closed","template":"","meta":[],"product_cat":[813],"product_tag":[],"class_list":{"0":"post-10425","1":"product","2":"type-product","3":"status-publish","4":"has-post-thumbnail","5":"hentry","6":"product_cat-collier","7":"pa_matiere-acier","8":"pa_modele-homme","9":"pa_pierre-principale-acier","swatches":"rey-swatches","show_selected":""},"supplier_id":null,"supplier_sku":"","barcode":null,"atum_controlled":false,"out_stock_date":null,"out_stock_threshold":null,"inheritable":false,"inbound_stock":null,"stock_on_hold":0,"sold_today":0,"sales_last_days":0,"reserved_stock":null,"customer_returns":null,"warehouse_damage":null,"lost_in_post":null,"other_logs":null,"out_stock_days":0,"lost_sales":0,"has_location":null,"update_date":"2021-10-13T06:04:17","atum_locations":[],"atum_stock_status":"instock","restock_status":false,"low_stock_amount":"","sales_update_date":null,"calc_backorders":null,"acf":[],"_links":{"self":[{"href":"https:\/\/amira.jewelry\/es\/wp-json\/wp\/v2\/product\/10425","targetHints":{"allow":["GET"]}}],"collection":[{"href":"https:\/\/amira.jewelry\/es\/wp-json\/wp\/v2\/product"}],"about":[{"href":"https:\/\/amira.jewelry\/es\/wp-json\/wp\/v2\/types\/product"}],"replies":[{"embeddable":true,"href":"https:\/\/amira.jewelry\/es\/wp-json\/wp\/v2\/comments?post=10425"}],"wp:featuredmedia":[{"embeddable":true,"href":"https:\/\/amira.jewelry\/es\/wp-json\/wp\/v2\/media\/1028219"}],"wp:attachment":[{"href":"https:\/\/amira.jewelry\/es\/wp-json\/wp\/v2\/media?parent=10425"}],"wp:term":[{"taxonomy":"product_cat","embeddable":true,"href":"https:\/\/amira.jewelry\/es\/wp-json\/wp\/v2\/product_cat?post=10425"},{"taxonomy":"product_tag","embeddable":true,"href":"https:\/\/amira.jewelry\/es\/wp-json\/wp\/v2\/product_tag?post=10425"}],"curies":[{"name":"wp","href":"https:\/\/api.w.org\/{rel}","templated":true}]}}